{"id":9993,"date":"2024-08-11T01:56:34","date_gmt":"2024-08-11T01:56:34","guid":{"rendered":"https:\/\/www.cfaebooks.com\/?post_type=product&#038;p=9993"},"modified":"2026-04-03T07:58:56","modified_gmt":"2026-04-03T07:58:56","slug":"cfa-level-3-mock-exam-2024-and-2023","status":"publish","type":"product","link":"https:\/\/www.cfaebooks.com\/tr\/products\/cfa-level-3-mock-exam-2024-and-2023\/","title":{"rendered":"CFA Seviye 3 Deneme S\u0131nav\u0131 2024 ve 2023"},"content":{"rendered":"<p>Sat\u0131l\u0131k bir e-Kitap CFA Seviye 3 Deneme S\u0131navlar\u0131 2024 ve 2023 PDF.<\/p>\n\n\n\n<ul class=\"wp-block-list\">\n<li>Bu fiziksel bir kitap de\u011fil, PDF dijital kopyas\u0131d\u0131r. <\/li>\n\n\n\n<li>Fiziksel bir bas\u0131l\u0131 kopya istiyorsan\u0131z l\u00fctfen sat\u0131n almay\u0131n. \u00d6deme yapt\u0131ktan sonra e-Kitab\u0131 hemen indirebilirsiniz.<\/li>\n<\/ul>","protected":false},"excerpt":{"rendered":"<p>Sat\u0131l\u0131k bir e-Kitap CFA Seviye 3 Deneme S\u0131navlar\u0131 2024 ve 2023 PDF.<\/p>","protected":false},"featured_media":9994,"comment_status":"closed","ping_status":"closed","template":"","meta":[],"product_brand":[],"product_cat":[351],"product_tag":[86,93,88,90,180,91,92,176],"class_list":{"0":"post-9993","1":"product","2":"type-product","3":"status-publish","4":"has-post-thumbnail","6":"product_cat-cfa-level-3-2024","7":"product_tag-cfa-2024","8":"product_tag-cfa-books","9":"product_tag-cfa-ebooks","10":"product_tag-cfa-exam","11":"product_tag-cfa-level-3","12":"product_tag-cfa-prep","13":"product_tag-cfa-test","14":"product_tag-mock-exam","16":"first","17":"instock","18":"downloadable","19":"virtual","20":"sold-individually","21":"purchasable","22":"product-type-simple"},"_links":{"self":[{"href":"https:\/\/www.cfaebooks.com\/tr\/wp-json\/wp\/v2\/product\/9993","targetHints":{"allow":["GET"]}}],"collection":[{"href":"https:\/\/www.cfaebooks.com\/tr\/wp-json\/wp\/v2\/product"}],"about":[{"href":"https:\/\/www.cfaebooks.com\/tr\/wp-json\/wp\/v2\/types\/product"}],"replies":[{"embeddable":true,"href":"https:\/\/www.cfaebooks.com\/tr\/wp-json\/wp\/v2\/comments?post=9993"}],"wp:featuredmedia":[{"embeddable":true,"href":"https:\/\/www.cfaebooks.com\/tr\/wp-json\/wp\/v2\/media\/9994"}],"wp:attachment":[{"href":"https:\/\/www.cfaebooks.com\/tr\/wp-json\/wp\/v2\/media?parent=9993"}],"wp:term":[{"taxonomy":"product_brand","embeddable":true,"href":"https:\/\/www.cfaebooks.com\/tr\/wp-json\/wp\/v2\/product_brand?post=9993"},{"taxonomy":"product_cat","embeddable":true,"href":"https:\/\/www.cfaebooks.com\/tr\/wp-json\/wp\/v2\/product_cat?post=9993"},{"taxonomy":"product_tag","embeddable":true,"href":"https:\/\/www.cfaebooks.com\/tr\/wp-json\/wp\/v2\/product_tag?post=9993"}],"curies":[{"name":"wp","href":"https:\/\/api.w.org\/{rel}","templated":true}]}}