{"id":9923,"date":"2024-08-06T06:29:12","date_gmt":"2024-08-06T06:29:12","guid":{"rendered":"https:\/\/www.cfaebooks.com\/?post_type=product&#038;p=9923"},"modified":"2026-04-03T07:58:48","modified_gmt":"2026-04-03T07:58:48","slug":"cfa-sevi%cc%87ye-1-2025-ift-calisma-notlari","status":"publish","type":"product","link":"https:\/\/www.cfaebooks.com\/tr\/products\/cfa-sevi%cc%87ye-1-2025-ift-calisma-notlari\/","title":{"rendered":"CFA Seviye 1 2025 IFT \u00c7al\u0131\u015fma Notlar\u0131"},"content":{"rendered":"<p>Sat\u0131l\u0131k bir e-Kitap 2025 CFA Seviye 1 IFT \u00c7al\u0131\u015fma Notlar\u0131 PDF. <\/p>\n\n\n\n<p>A\u015fa\u011f\u0131daki konular\u0131 i\u00e7erir: <\/p>\n\n\n\n<ul class=\"wp-block-list\">\n<li><em>Say\u0131sal Y\u00f6ntemler, Ekonomi<\/em><\/li>\n\n\n\n<li><em>Kurumsal \u0130hra\u00e7\u00e7\u0131lar<\/em><\/li>\n\n\n\n<li><em>Mali Tablo Analizi<\/em><\/li>\n\n\n\n<li><em>\u00d6zkaynak Yat\u0131r\u0131mlar\u0131<\/em><\/li>\n\n\n\n<li><em>Sabit Gelir<\/em><\/li>\n\n\n\n<li><em>T\u00fcrevler<\/em><\/li>\n\n\n\n<li><em>Alternatif Yat\u0131r\u0131mlar<\/em><\/li>\n\n\n\n<li><em>Portf\u00f6y Y\u00f6netimi<\/em><\/li>\n\n\n\n<li><em>Etik ve Mesleki Standartlar<\/em>.<\/li>\n<\/ul>\n\n\n\n<p>T\u00fcm LOS'lar\u0131 kapsayan ve a\u015fa\u011f\u0131dakileri i\u00e7eren ayr\u0131nt\u0131l\u0131 \u00c7al\u0131\u015fma Notlar\u0131 alacaks\u0131n\u0131z: <strong><em>Her okuman\u0131n \u00f6zeti ve \u00d6rnekler<\/em><\/strong><\/p>\n\n\n\n<p>\u00d6deme yapt\u0131ktan sonra e-Kitab\u0131 hemen indirebilirsiniz. Bu fiziksel bir kitap de\u011fil, PDF dijital kopyas\u0131d\u0131r. Fiziksel bir bas\u0131l\u0131 kopya istiyorsan\u0131z l\u00fctfen sat\u0131n almay\u0131n<\/p>","protected":false},"excerpt":{"rendered":"<p>For sale is an e-Book 2025 CFA Level 1 IFT Study Notes PDF. Includes the following topics: You will get detailed Study Notes covering all LOS, and which include: Summary of each reading and Examples After checkout you can download the e-Book immediately. This is not a physical book it is a\u00a0PDF\u00a0digital copy. Please do [&hellip;]<\/p>\n","protected":false},"featured_media":9924,"comment_status":"closed","ping_status":"closed","template":"","meta":[],"product_brand":[],"product_cat":[260],"product_tag":[261,93,88,90,87,91,92,167,168],"class_list":{"0":"post-9923","1":"product","2":"type-product","3":"status-publish","4":"has-post-thumbnail","6":"product_cat-cfa-level-1","7":"product_tag-cfa-2025","8":"product_tag-cfa-books","9":"product_tag-cfa-ebooks","10":"product_tag-cfa-exam","11":"product_tag-cfa-level-i","12":"product_tag-cfa-prep","13":"product_tag-cfa-test","14":"product_tag-ift","15":"product_tag-study-notes","17":"first","18":"instock","19":"downloadable","20":"virtual","21":"sold-individually","22":"purchasable","23":"product-type-simple"},"_links":{"self":[{"href":"https:\/\/www.cfaebooks.com\/tr\/wp-json\/wp\/v2\/product\/9923","targetHints":{"allow":["GET"]}}],"collection":[{"href":"https:\/\/www.cfaebooks.com\/tr\/wp-json\/wp\/v2\/product"}],"about":[{"href":"https:\/\/www.cfaebooks.com\/tr\/wp-json\/wp\/v2\/types\/product"}],"replies":[{"embeddable":true,"href":"https:\/\/www.cfaebooks.com\/tr\/wp-json\/wp\/v2\/comments?post=9923"}],"wp:featuredmedia":[{"embeddable":true,"href":"https:\/\/www.cfaebooks.com\/tr\/wp-json\/wp\/v2\/media\/9924"}],"wp:attachment":[{"href":"https:\/\/www.cfaebooks.com\/tr\/wp-json\/wp\/v2\/media?parent=9923"}],"wp:term":[{"taxonomy":"product_brand","embeddable":true,"href":"https:\/\/www.cfaebooks.com\/tr\/wp-json\/wp\/v2\/product_brand?post=9923"},{"taxonomy":"product_cat","embeddable":true,"href":"https:\/\/www.cfaebooks.com\/tr\/wp-json\/wp\/v2\/product_cat?post=9923"},{"taxonomy":"product_tag","embeddable":true,"href":"https:\/\/www.cfaebooks.com\/tr\/wp-json\/wp\/v2\/product_tag?post=9923"}],"curies":[{"name":"wp","href":"https:\/\/api.w.org\/{rel}","templated":true}]}}