{"id":8427,"date":"2024-03-08T03:12:04","date_gmt":"2024-03-08T03:12:04","guid":{"rendered":"https:\/\/www.cfaebooks.com\/?post_type=product&#038;p=8427"},"modified":"2026-04-03T07:57:10","modified_gmt":"2026-04-03T07:57:10","slug":"2024-uworld-level-2-cfa-program-study-guide-notes-complete-set-formula-sheet","status":"publish","type":"product","link":"https:\/\/www.cfaebooks.com\/tr\/products\/2024-uworld-level-2-cfa-program-study-guide-notes-complete-set-formula-sheet\/","title":{"rendered":"2024 UWorld Seviye 2 CFA Program\u0131 \u00c7al\u0131\u015fma K\u0131lavuzu Notlar\u0131 Komple Set + Form\u00fcl Sayfas\u0131"},"content":{"rendered":"<p>Sat\u0131l\u0131k 2024 CFA Seviye 2 UWorld Program\u0131 \u00c7al\u0131\u015fma K\u0131lavuzu Notlar\u0131 Komple Set + Form\u00fcl Sayfas\u0131 PDF. <\/p>\n\n\n\n<p>6 ciltlik set ve form\u00fcl sayfas\u0131 i\u00e7erir: <\/p>\n\n\n\n<ul class=\"wp-block-list\">\n<li>Cilt 1: Nicel Y\u00f6ntemler<\/li>\n\n\n\n<li>Cilt 2: Finansal Tablo Analizi<\/li>\n\n\n\n<li>Cilt 3: Kurumsal \u0130hra\u00e7\u00e7\u0131lar<\/li>\n\n\n\n<li>Cilt 4: Hisse Senedi De\u011ferlemesi II<\/li>\n\n\n\n<li>Cilt 5: T\u00fcrevler<\/li>\n\n\n\n<li>Cilt 6: Portf\u00f6y Y\u00f6netimi<\/li>\n<\/ul>\n\n\n\n<p>Bu fiziksel bir kitap de\u011fil, PDF dijital kopyas\u0131d\u0131r. Fiziksel bir bas\u0131l\u0131 kopya istiyorsan\u0131z l\u00fctfen sat\u0131n almay\u0131n. \u00d6deme yapt\u0131ktan sonra e-Kitab\u0131 an\u0131nda indirebilirsiniz.<\/p>","protected":false},"excerpt":{"rendered":"<p>For sale is 2024 CFA Level 2 UWorld Program Study Guide Notes Complete Set + Formula Sheet PDF. Includes Set of 6 volumes and formula sheet: This is not a physical book it is a\u00a0PDF\u00a0digital copy. Please do not purchase if you want a physical hard copy. After checkout you can download the e-Book instantly.<\/p>","protected":false},"featured_media":8428,"comment_status":"closed","ping_status":"closed","template":"","meta":[],"product_brand":[],"product_cat":[266],"product_tag":[86,93,88,90,178,91,92,164,171,168,170],"class_list":{"0":"post-8427","1":"product","2":"type-product","3":"status-publish","4":"has-post-thumbnail","6":"product_cat-cfa-level-2","7":"product_tag-cfa-2024","8":"product_tag-cfa-books","9":"product_tag-cfa-ebooks","10":"product_tag-cfa-exam","11":"product_tag-cfa-level-2","12":"product_tag-cfa-prep","13":"product_tag-cfa-test","14":"product_tag-formula-sheet","15":"product_tag-study-guide","16":"product_tag-study-notes","17":"product_tag-uworld","19":"first","20":"instock","21":"downloadable","22":"virtual","23":"sold-individually","24":"purchasable","25":"product-type-simple"},"_links":{"self":[{"href":"https:\/\/www.cfaebooks.com\/tr\/wp-json\/wp\/v2\/product\/8427","targetHints":{"allow":["GET"]}}],"collection":[{"href":"https:\/\/www.cfaebooks.com\/tr\/wp-json\/wp\/v2\/product"}],"about":[{"href":"https:\/\/www.cfaebooks.com\/tr\/wp-json\/wp\/v2\/types\/product"}],"replies":[{"embeddable":true,"href":"https:\/\/www.cfaebooks.com\/tr\/wp-json\/wp\/v2\/comments?post=8427"}],"wp:featuredmedia":[{"embeddable":true,"href":"https:\/\/www.cfaebooks.com\/tr\/wp-json\/wp\/v2\/media\/8428"}],"wp:attachment":[{"href":"https:\/\/www.cfaebooks.com\/tr\/wp-json\/wp\/v2\/media?parent=8427"}],"wp:term":[{"taxonomy":"product_brand","embeddable":true,"href":"https:\/\/www.cfaebooks.com\/tr\/wp-json\/wp\/v2\/product_brand?post=8427"},{"taxonomy":"product_cat","embeddable":true,"href":"https:\/\/www.cfaebooks.com\/tr\/wp-json\/wp\/v2\/product_cat?post=8427"},{"taxonomy":"product_tag","embeddable":true,"href":"https:\/\/www.cfaebooks.com\/tr\/wp-json\/wp\/v2\/product_tag?post=8427"}],"curies":[{"name":"wp","href":"https:\/\/api.w.org\/{rel}","templated":true}]}}