{"id":8341,"date":"2024-03-06T01:58:18","date_gmt":"2024-03-06T01:58:18","guid":{"rendered":"https:\/\/www.cfaebooks.com\/?post_type=product&#038;p=8341"},"modified":"2026-04-03T07:56:55","modified_gmt":"2026-04-03T07:56:55","slug":"2024-frm-bolum-1-schweser-notlari-2","status":"publish","type":"product","link":"https:\/\/www.cfaebooks.com\/tr\/products\/2024-frm-bolum-1-schweser-notlari-2\/","title":{"rendered":"2024 FRM B\u00f6l\u00fcm 1 Schweser Notlar\u0131"},"content":{"rendered":"<p>Sat\u0131l\u0131k bir e-Kitap 2024 FRM B\u00f6l\u00fcm 1 Schweser Notlar\u0131 PDF. <\/p>\n\n\n\n<p>4 kitaptan olu\u015fan set i\u00e7erir: <\/p>\n\n\n\n<ul class=\"wp-block-list\">\n<li>Kitap 1 - Risk Y\u00f6netiminin Temelleri,<\/li>\n\n\n\n<li>Kitap 2 - Niceliksel Analiz<\/li>\n\n\n\n<li>Kitap 3 - Finansal Piyasalar ve \u00dcr\u00fcnler<\/li>\n\n\n\n<li>Kitap 4 - De\u011ferleme ve Risk Modelleri<\/li>\n<\/ul>\n\n\n\n<p>Bu fiziksel bir kitap de\u011fil, PDF dijital kopyas\u0131d\u0131r. Fiziksel bir bas\u0131l\u0131 kopya istiyorsan\u0131z l\u00fctfen sat\u0131n almay\u0131n. \u00d6deme yapt\u0131ktan sonra e-Kitab\u0131 an\u0131nda indirebilirsiniz.<\/p>","protected":false},"excerpt":{"rendered":"<p>For sale is an e-Book 2024 FRM Part 1 Schweser Notes PDF. Includes Set of 4 books: This is not a physical book it is a\u00a0PDF\u00a0digital copy. Please do not purchase if you want a physical hard copy. After checkout you can download the e-Book instantly.<\/p>","protected":false},"featured_media":8343,"comment_status":"closed","ping_status":"closed","template":"","meta":[],"product_brand":[],"product_cat":[355],"product_tag":[184,185,186,181,182,183,158,179],"class_list":{"0":"post-8341","1":"product","2":"type-product","3":"status-publish","4":"has-post-thumbnail","6":"product_cat-frm-part-1-2024","7":"product_tag-frm","8":"product_tag-frm-books","9":"product_tag-frm-ebooks","10":"product_tag-frm-exam","11":"product_tag-frm-prep","12":"product_tag-frm-test","13":"product_tag-kaplan-schweser","14":"product_tag-schweser-notes","16":"first","17":"instock","18":"downloadable","19":"virtual","20":"sold-individually","21":"purchasable","22":"product-type-simple"},"_links":{"self":[{"href":"https:\/\/www.cfaebooks.com\/tr\/wp-json\/wp\/v2\/product\/8341","targetHints":{"allow":["GET"]}}],"collection":[{"href":"https:\/\/www.cfaebooks.com\/tr\/wp-json\/wp\/v2\/product"}],"about":[{"href":"https:\/\/www.cfaebooks.com\/tr\/wp-json\/wp\/v2\/types\/product"}],"replies":[{"embeddable":true,"href":"https:\/\/www.cfaebooks.com\/tr\/wp-json\/wp\/v2\/comments?post=8341"}],"wp:featuredmedia":[{"embeddable":true,"href":"https:\/\/www.cfaebooks.com\/tr\/wp-json\/wp\/v2\/media\/8343"}],"wp:attachment":[{"href":"https:\/\/www.cfaebooks.com\/tr\/wp-json\/wp\/v2\/media?parent=8341"}],"wp:term":[{"taxonomy":"product_brand","embeddable":true,"href":"https:\/\/www.cfaebooks.com\/tr\/wp-json\/wp\/v2\/product_brand?post=8341"},{"taxonomy":"product_cat","embeddable":true,"href":"https:\/\/www.cfaebooks.com\/tr\/wp-json\/wp\/v2\/product_cat?post=8341"},{"taxonomy":"product_tag","embeddable":true,"href":"https:\/\/www.cfaebooks.com\/tr\/wp-json\/wp\/v2\/product_tag?post=8341"}],"curies":[{"name":"wp","href":"https:\/\/api.w.org\/{rel}","templated":true}]}}