{"id":8191,"date":"2024-03-03T07:11:13","date_gmt":"2024-03-03T07:11:13","guid":{"rendered":"https:\/\/www.cfaebooks.com\/?post_type=product&#038;p=8191"},"modified":"2026-04-03T07:56:20","modified_gmt":"2026-04-03T07:56:20","slug":"2024-uworld-level-1-cfa-programi-calisma-rehberi%cc%87-notlari-komple-set","status":"publish","type":"product","link":"https:\/\/www.cfaebooks.com\/tr\/products\/2024-uworld-level-1-cfa-programi-calisma-rehberi%cc%87-notlari-komple-set\/","title":{"rendered":"2024 UWorld Seviye 1 CFA Program\u0131 \u00c7al\u0131\u015fma K\u0131lavuzu Notlar\u0131 Komple Set + Form\u00fcl Sayfas\u0131"},"content":{"rendered":"<p>Sat\u0131l\u0131k bir e-Kitap 2024 CFA Seviye 1 UWorld Program\u0131 \u00c7al\u0131\u015fma K\u0131lavuzu Notlar\u0131 Komple Set + Form\u00fcl Sayfas\u0131 PDF.<\/p>\n\n\n\n<p>6 ciltlik set i\u00e7erir: <\/p>\n\n\n\n<p>Cilt 1: Say\u0131sal Y\u00f6ntemler, Cilt 2: Ekonomi ve Finansal Tablolar Analizi, Cilt 3: Finansal Tablolar Analizi ve Kurumsal \u0130hra\u00e7\u00e7\u0131lar, Cilt 4: Kurumsal \u0130hra\u00e7\u00e7\u0131lar, Hisse Senedi Yat\u0131r\u0131mlar\u0131 ve Sabit Getiriler, Cilt 5: Sabit Getiriler, T\u00fcrevler, Alternatif Yat\u0131r\u0131mlar ve Portf\u00f6y Y\u00f6netimiCilt 6: Portf\u00f6y Y\u00f6netimi ve Etik ve Mesleki Standartlar<\/p>\n\n\n\n<ul class=\"wp-block-list\">\n<li>Bu fiziksel bir kitap de\u011fil, PDF dijital kopyas\u0131d\u0131r. Fiziksel bir bas\u0131l\u0131 kopya istiyorsan\u0131z l\u00fctfen sat\u0131n almay\u0131n<\/li>\n\n\n\n<li>\u00d6deme yapt\u0131ktan sonra e-Kitab\u0131 an\u0131nda indirebilirsiniz.<\/li>\n<\/ul>","protected":false},"excerpt":{"rendered":"<p>For sale is an e-Book 2024 CFA Level 1 UWorld Program Study Guide Notes Complete Set + Formula Sheet PDF. Includes Set of 6 volumes: Volume 1: Quantitative Methods, Volume 2: Economics and Financial Statement Analysis, Volume 3: Financial Statement Analysis and Corporate Issuers, Volume 4: Corporate Issuers, Equity Investments, and Fixed Income, Volume 5: [&hellip;]<\/p>\n","protected":false},"featured_media":8192,"comment_status":"closed","ping_status":"closed","template":"","meta":[],"product_brand":[],"product_cat":[260],"product_tag":[86,93,88,90,87,91,92,171,169],"class_list":{"0":"post-8191","1":"product","2":"type-product","3":"status-publish","4":"has-post-thumbnail","6":"product_cat-cfa-level-1","7":"product_tag-cfa-2024","8":"product_tag-cfa-books","9":"product_tag-cfa-ebooks","10":"product_tag-cfa-exam","11":"product_tag-cfa-level-i","12":"product_tag-cfa-prep","13":"product_tag-cfa-test","14":"product_tag-study-guide","15":"product_tag-wiley","17":"first","18":"instock","19":"downloadable","20":"virtual","21":"sold-individually","22":"purchasable","23":"product-type-simple"},"_links":{"self":[{"href":"https:\/\/www.cfaebooks.com\/tr\/wp-json\/wp\/v2\/product\/8191","targetHints":{"allow":["GET"]}}],"collection":[{"href":"https:\/\/www.cfaebooks.com\/tr\/wp-json\/wp\/v2\/product"}],"about":[{"href":"https:\/\/www.cfaebooks.com\/tr\/wp-json\/wp\/v2\/types\/product"}],"replies":[{"embeddable":true,"href":"https:\/\/www.cfaebooks.com\/tr\/wp-json\/wp\/v2\/comments?post=8191"}],"wp:featuredmedia":[{"embeddable":true,"href":"https:\/\/www.cfaebooks.com\/tr\/wp-json\/wp\/v2\/media\/8192"}],"wp:attachment":[{"href":"https:\/\/www.cfaebooks.com\/tr\/wp-json\/wp\/v2\/media?parent=8191"}],"wp:term":[{"taxonomy":"product_brand","embeddable":true,"href":"https:\/\/www.cfaebooks.com\/tr\/wp-json\/wp\/v2\/product_brand?post=8191"},{"taxonomy":"product_cat","embeddable":true,"href":"https:\/\/www.cfaebooks.com\/tr\/wp-json\/wp\/v2\/product_cat?post=8191"},{"taxonomy":"product_tag","embeddable":true,"href":"https:\/\/www.cfaebooks.com\/tr\/wp-json\/wp\/v2\/product_tag?post=8191"}],"curies":[{"name":"wp","href":"https:\/\/api.w.org\/{rel}","templated":true}]}}