{"id":8169,"date":"2024-03-03T01:42:45","date_gmt":"2024-03-03T01:42:45","guid":{"rendered":"https:\/\/www.cfaebooks.com\/?post_type=product&#038;p=8169"},"modified":"2026-04-03T07:56:08","modified_gmt":"2026-04-03T07:56:08","slug":"cfa-2024-soru-bankasi-seviye-1","status":"publish","type":"product","link":"https:\/\/www.cfaebooks.com\/tr\/products\/cfa-2024-soru-bankasi-seviye-1\/","title":{"rendered":"CFA 2024 Soru Bankas\u0131 Seviye 1"},"content":{"rendered":"<p>Sat\u0131l\u0131k bir e-Kitap 2024 CFA Seviye 1 Schweser Soru Bankas\u0131 PDF. 1000'den fazla soru ve cevap. Her soru i\u00e7in soru ve cevaplar\u0131 i\u00e7erir. T\u00fcm m\u00fcfredat\u0131 kapsar - Her konu i\u00e7in ayr\u0131 testler.<\/p>\n\n\n\n<ul class=\"wp-block-list\">\n<li>Bu fiziksel bir kitap de\u011fil, PDF dijital kopyas\u0131d\u0131r. Fiziksel bir bas\u0131l\u0131 kopya istiyorsan\u0131z l\u00fctfen sat\u0131n almay\u0131n<\/li>\n\n\n\n<li>\u00d6deme yapt\u0131ktan sonra e-Kitab\u0131 an\u0131nda indirebilirsiniz.<\/li>\n<\/ul>","protected":false},"excerpt":{"rendered":"<p>Sat\u0131l\u0131k bir e-Kitap 2024 CFA Seviye 1 Schweser Soru Bankas\u0131 PDF. 1000'den fazla soru ve cevap. Her soru i\u00e7in soru ve cevaplar\u0131 i\u00e7erir. T\u00fcm m\u00fcfredat\u0131 kapsar - Her konu i\u00e7in ayr\u0131 testler.<\/p>","protected":false},"featured_media":8170,"comment_status":"closed","ping_status":"closed","template":"","meta":[],"product_brand":[],"product_cat":[349],"product_tag":[86,93,88,90,87,91,92,158,161,163,160],"class_list":{"0":"post-8169","1":"product","2":"type-product","3":"status-publish","4":"has-post-thumbnail","6":"product_cat-cfa-level-1-2024","7":"product_tag-cfa-2024","8":"product_tag-cfa-books","9":"product_tag-cfa-ebooks","10":"product_tag-cfa-exam","11":"product_tag-cfa-level-i","12":"product_tag-cfa-prep","13":"product_tag-cfa-test","14":"product_tag-kaplan-schweser","15":"product_tag-question-bank","16":"product_tag-schweser-qbank","17":"product_tag-test-bank","19":"first","20":"instock","21":"downloadable","22":"virtual","23":"sold-individually","24":"purchasable","25":"product-type-simple"},"_links":{"self":[{"href":"https:\/\/www.cfaebooks.com\/tr\/wp-json\/wp\/v2\/product\/8169","targetHints":{"allow":["GET"]}}],"collection":[{"href":"https:\/\/www.cfaebooks.com\/tr\/wp-json\/wp\/v2\/product"}],"about":[{"href":"https:\/\/www.cfaebooks.com\/tr\/wp-json\/wp\/v2\/types\/product"}],"replies":[{"embeddable":true,"href":"https:\/\/www.cfaebooks.com\/tr\/wp-json\/wp\/v2\/comments?post=8169"}],"wp:featuredmedia":[{"embeddable":true,"href":"https:\/\/www.cfaebooks.com\/tr\/wp-json\/wp\/v2\/media\/8170"}],"wp:attachment":[{"href":"https:\/\/www.cfaebooks.com\/tr\/wp-json\/wp\/v2\/media?parent=8169"}],"wp:term":[{"taxonomy":"product_brand","embeddable":true,"href":"https:\/\/www.cfaebooks.com\/tr\/wp-json\/wp\/v2\/product_brand?post=8169"},{"taxonomy":"product_cat","embeddable":true,"href":"https:\/\/www.cfaebooks.com\/tr\/wp-json\/wp\/v2\/product_cat?post=8169"},{"taxonomy":"product_tag","embeddable":true,"href":"https:\/\/www.cfaebooks.com\/tr\/wp-json\/wp\/v2\/product_tag?post=8169"}],"curies":[{"name":"wp","href":"https:\/\/api.w.org\/{rel}","templated":true}]}}