{"id":7775,"date":"2024-03-01T07:34:24","date_gmt":"2024-03-01T07:34:24","guid":{"rendered":"https:\/\/www.cfaebooks.com\/?post_type=product&#038;p=7775"},"modified":"2026-04-03T07:55:55","modified_gmt":"2026-04-03T07:55:55","slug":"2024-cfa-program-curriculum-level-1-full-box-set","status":"publish","type":"product","link":"https:\/\/www.cfaebooks.com\/tr\/products\/2024-cfa-program-curriculum-level-1-full-box-set\/","title":{"rendered":"2024 CFA Program\u0131 M\u00fcfredat\u0131 Seviye 1 Tam Kutu Set"},"content":{"rendered":"<p>Sat\u0131l\u0131k bir e-Kitap 2024 CFA Program\u0131 M\u00fcfredat\u0131 Seviye I Kutu Seti.<\/p>\n\n\n\n<p>Ciltler \u015funlar\u0131 i\u00e7erir:<\/p>\n\n\n\n<ul class=\"wp-block-list\">\n<li>Cilt 1: Nicel Y\u00f6ntemler<\/li>\n\n\n\n<li>Cilt 2: Ekonomi ve Mali Tablolar Analizi<\/li>\n\n\n\n<li>Cilt 3: Mali Tablo Analizi ve Kurumsal \u0130hra\u00e7\u00e7\u0131lar<\/li>\n\n\n\n<li>Cilt 4: Kurumsal \u0130hra\u00e7\u00e7\u0131lar, Hisse Senedi Yat\u0131r\u0131mlar\u0131 ve Sabit Gelir<\/li>\n\n\n\n<li>Cilt 5: Sabit Gelir, T\u00fcrevler, Alternatif Yat\u0131r\u0131mlar ve Portf\u00f6y Y\u00f6netimi<\/li>\n\n\n\n<li>Cilt 6: Portf\u00f6y Y\u00f6netimi ve Etik ve Mesleki Standartlar<\/li>\n<\/ul>\n\n\n\n<p>Bu fiziksel bir kitap de\u011fil, PDF dijital kopyas\u0131d\u0131r. Fiziksel bir bas\u0131l\u0131 kopya istiyorsan\u0131z l\u00fctfen sat\u0131n almay\u0131n. \u00d6deme yapt\u0131ktan sonra e-Kitab\u0131 an\u0131nda indirebilirsiniz.<\/p>","protected":false},"excerpt":{"rendered":"<p>For sale is an e-Book 2024 CFA Program Curriculum Level I Box Set. Volumes include: This is not a physical book it is a\u00a0PDF\u00a0digital copy. Please do not purchase if you want a physical hard copy. After checkout you can download the e-Book instantly.<\/p>","protected":false},"featured_media":8111,"comment_status":"closed","ping_status":"closed","template":"","meta":[],"product_brand":[],"product_cat":[349],"product_tag":[86,87,89],"class_list":{"0":"post-7775","1":"product","2":"type-product","3":"status-publish","4":"has-post-thumbnail","6":"product_cat-cfa-level-1-2024","7":"product_tag-cfa-2024","8":"product_tag-cfa-level-i","9":"product_tag-cfa-program-curriculum","11":"first","12":"instock","13":"downloadable","14":"virtual","15":"sold-individually","16":"purchasable","17":"product-type-simple"},"_links":{"self":[{"href":"https:\/\/www.cfaebooks.com\/tr\/wp-json\/wp\/v2\/product\/7775","targetHints":{"allow":["GET"]}}],"collection":[{"href":"https:\/\/www.cfaebooks.com\/tr\/wp-json\/wp\/v2\/product"}],"about":[{"href":"https:\/\/www.cfaebooks.com\/tr\/wp-json\/wp\/v2\/types\/product"}],"replies":[{"embeddable":true,"href":"https:\/\/www.cfaebooks.com\/tr\/wp-json\/wp\/v2\/comments?post=7775"}],"wp:featuredmedia":[{"embeddable":true,"href":"https:\/\/www.cfaebooks.com\/tr\/wp-json\/wp\/v2\/media\/8111"}],"wp:attachment":[{"href":"https:\/\/www.cfaebooks.com\/tr\/wp-json\/wp\/v2\/media?parent=7775"}],"wp:term":[{"taxonomy":"product_brand","embeddable":true,"href":"https:\/\/www.cfaebooks.com\/tr\/wp-json\/wp\/v2\/product_brand?post=7775"},{"taxonomy":"product_cat","embeddable":true,"href":"https:\/\/www.cfaebooks.com\/tr\/wp-json\/wp\/v2\/product_cat?post=7775"},{"taxonomy":"product_tag","embeddable":true,"href":"https:\/\/www.cfaebooks.com\/tr\/wp-json\/wp\/v2\/product_tag?post=7775"}],"curies":[{"name":"wp","href":"https:\/\/api.w.org\/{rel}","templated":true}]}}