{"id":17409,"date":"2026-04-04T14:31:48","date_gmt":"2026-04-04T14:31:48","guid":{"rendered":"https:\/\/www.cfaebooks.com\/?post_type=product&#038;p=17409"},"modified":"2026-04-05T16:24:17","modified_gmt":"2026-04-05T16:24:17","slug":"frm-2026-part-2-analystprep-question-bank","status":"publish","type":"product","link":"https:\/\/www.cfaebooks.com\/tr\/products\/frm-2026-part-2-analystprep-question-bank\/","title":{"rendered":"FRM 2026 Part 2 \u2013 AnalystPrep Question Bank"},"content":{"rendered":"<p>For sale is an e-Book FRM 2026 Part 2 \u2013 AnalystPrep Question Bank pdf.<\/p>\n\n\n\n<p>Includes seperate file for questions and answers so that you can do questions then compare your answers.<\/p>\n\n\n\n<p><strong>Kapsanan Konular:<\/strong><\/p>\n\n\n\n<ul class=\"wp-block-list\">\n<li><strong><strong>Piyasa Riski \u00d6l\u00e7\u00fcm\u00fc ve Y\u00f6netimi<\/strong><\/strong><\/li>\n\n\n\n<li><strong><strong>Kredi Riski \u00d6l\u00e7\u00fcm\u00fc ve Y\u00f6netimi<\/strong><\/strong><\/li>\n\n\n\n<li><strong><strong>Operational Risk &amp; Resilience<\/strong><\/strong><\/li>\n\n\n\n<li><strong>Risk Y\u00f6netimi ve Yat\u0131r\u0131m Y\u00f6netimi<\/strong><\/li>\n\n\n\n<li><strong>Finansal Piyasalarda G\u00fcncel Konular<\/strong><\/li>\n<\/ul>\n\n\n\n<p>Bu fiziksel bir kitap de\u011fil, PDF dijital kopyas\u0131d\u0131r. Fiziksel bir bas\u0131l\u0131 kopya istiyorsan\u0131z l\u00fctfen sat\u0131n almay\u0131n.<\/p>\n\n\n\n<p>\u00d6deme yapt\u0131ktan sonra e-Kitab\u0131 an\u0131nda indirebilirsiniz.<\/p>","protected":false},"excerpt":{"rendered":"<p>For sale is an e-Book FRM 2026 Part 2 \u2013 AnalystPrep Question Bank pdf. Includes seperate file for questions and answers so that you can do questions then compare your answers. Topics Covered: This is not a physical book it is a&nbsp;PDF&nbsp;digital copy. Please do not purchase if you want a physical hard copy. After [&hellip;]<\/p>\n","protected":false},"featured_media":17410,"comment_status":"closed","ping_status":"closed","template":"","meta":[],"product_brand":[],"product_cat":[325],"product_tag":[184,409,185,186,181,411,182,204,183],"class_list":{"0":"post-17409","1":"product","2":"type-product","3":"status-publish","4":"has-post-thumbnail","6":"product_cat-frm-part-2","7":"product_tag-frm","8":"product_tag-frm-2026","9":"product_tag-frm-books","10":"product_tag-frm-ebooks","11":"product_tag-frm-exam","12":"product_tag-frm-part-2-2026","13":"product_tag-frm-prep","14":"product_tag-frm-question-bank","15":"product_tag-frm-test","17":"first","18":"instock","19":"downloadable","20":"virtual","21":"sold-individually","22":"purchasable","23":"product-type-simple"},"_links":{"self":[{"href":"https:\/\/www.cfaebooks.com\/tr\/wp-json\/wp\/v2\/product\/17409","targetHints":{"allow":["GET"]}}],"collection":[{"href":"https:\/\/www.cfaebooks.com\/tr\/wp-json\/wp\/v2\/product"}],"about":[{"href":"https:\/\/www.cfaebooks.com\/tr\/wp-json\/wp\/v2\/types\/product"}],"replies":[{"embeddable":true,"href":"https:\/\/www.cfaebooks.com\/tr\/wp-json\/wp\/v2\/comments?post=17409"}],"wp:featuredmedia":[{"embeddable":true,"href":"https:\/\/www.cfaebooks.com\/tr\/wp-json\/wp\/v2\/media\/17410"}],"wp:attachment":[{"href":"https:\/\/www.cfaebooks.com\/tr\/wp-json\/wp\/v2\/media?parent=17409"}],"wp:term":[{"taxonomy":"product_brand","embeddable":true,"href":"https:\/\/www.cfaebooks.com\/tr\/wp-json\/wp\/v2\/product_brand?post=17409"},{"taxonomy":"product_cat","embeddable":true,"href":"https:\/\/www.cfaebooks.com\/tr\/wp-json\/wp\/v2\/product_cat?post=17409"},{"taxonomy":"product_tag","embeddable":true,"href":"https:\/\/www.cfaebooks.com\/tr\/wp-json\/wp\/v2\/product_tag?post=17409"}],"curies":[{"name":"wp","href":"https:\/\/api.w.org\/{rel}","templated":true}]}}