{"id":16449,"date":"2026-02-21T09:37:10","date_gmt":"2026-02-21T09:37:10","guid":{"rendered":"https:\/\/www.cfaebooks.com\/?post_type=product&#038;p=16449"},"modified":"2026-04-03T08:09:30","modified_gmt":"2026-04-03T08:09:30","slug":"cfa-2026-uworld-qbank-level-3-portfolio-management-pathway-mcq-crq","status":"publish","type":"product","link":"https:\/\/www.cfaebooks.com\/tr\/products\/cfa-2026-uworld-qbank-level-3-portfolio-management-pathway-mcq-crq\/","title":{"rendered":"CFA 2026 UWorld Qbank Level 3 Portfolio Management Pathway (MCQ + CRQ)"},"content":{"rendered":"<p>Sat\u0131l\u0131k bir e-Kitap\u00a0<strong>CFA 2026 UWorld Qbank Level 3 Portfolio Management Pathway<\/strong>.<\/p>\n\n\n\n<p>\u0130\u00e7indekiler\u00a0<strong>MCQ (<strong>Multiple Choice Question<\/strong><\/strong>) <strong>and CRQ (Constructed-Response Questions<\/strong>), with each part covering\u00a0<strong>temel konular ve Portf\u00f6y y\u00f6netimi yolu<\/strong>\u00a0sorular ve cevaplar.<\/p>\n\n\n\n<p>A\u015fa\u011f\u0131daki konular\u0131 i\u00e7erir:&nbsp;<\/p>\n\n\n\n<ul class=\"wp-block-list\">\n<li>Varl\u0131k Tahsisi<\/li>\n\n\n\n<li>Portf\u00f6y Olu\u015fturma<\/li>\n\n\n\n<li>Performans Y\u00f6netimi<\/li>\n\n\n\n<li>T\u00fcrev \u00dcr\u00fcnler ve Risk Y\u00f6netimi<\/li>\n\n\n\n<li>Etik ve Mesleki Standartlar<\/li>\n\n\n\n<li><strong>Portf\u00f6y Y\u00f6netimi Yolu<\/strong><\/li>\n<\/ul>\n\n\n\n<p>Metin, bilgisayar klavyenizdeki 'ctrl+f' bulma \u00f6zelli\u011fi kullan\u0131larak ve ak\u0131ll\u0131 telefonunuzda\/tabletinizde arama yap\u0131larak aranabilir. \u00d6deme yapt\u0131ktan sonra soru bankas\u0131n\u0131 hemen indirebilirsiniz.<\/p>","protected":false},"excerpt":{"rendered":"<p>For sale is an e-Book\u00a0CFA 2026 UWorld Qbank Level 3 Portfolio Management Pathway. Includes\u00a0MCQ (Multiple Choice Question) and CRQ (Constructed-Response Questions), with each part covering\u00a0core topics and Portfolio management pathway\u00a0questions and answers. Includes the following topics:&nbsp; The text is searchable using the find feature on your computer keyboard \u2018ctrl+f\u2019 and through search on your smartphone\/tablet. [&hellip;]<\/p>\n","protected":false},"featured_media":16467,"comment_status":"closed","ping_status":"closed","template":"","meta":[],"product_brand":[],"product_cat":[265],"product_tag":[369,93,88,90,180,371,91,166,92,408,395],"class_list":{"0":"post-16449","1":"product","2":"type-product","3":"status-publish","4":"has-post-thumbnail","6":"product_cat-cfa-level-3","7":"product_tag-cfa-2026","8":"product_tag-cfa-books","9":"product_tag-cfa-ebooks","10":"product_tag-cfa-exam","11":"product_tag-cfa-level-3","12":"product_tag-cfa-level-3-2026","13":"product_tag-cfa-prep","14":"product_tag-cfa-question-bank","15":"product_tag-cfa-test","16":"product_tag-cfa-uworld-qbank","17":"product_tag-uworld-qbank","19":"first","20":"instock","21":"downloadable","22":"virtual","23":"sold-individually","24":"purchasable","25":"product-type-simple"},"_links":{"self":[{"href":"https:\/\/www.cfaebooks.com\/tr\/wp-json\/wp\/v2\/product\/16449","targetHints":{"allow":["GET"]}}],"collection":[{"href":"https:\/\/www.cfaebooks.com\/tr\/wp-json\/wp\/v2\/product"}],"about":[{"href":"https:\/\/www.cfaebooks.com\/tr\/wp-json\/wp\/v2\/types\/product"}],"replies":[{"embeddable":true,"href":"https:\/\/www.cfaebooks.com\/tr\/wp-json\/wp\/v2\/comments?post=16449"}],"wp:featuredmedia":[{"embeddable":true,"href":"https:\/\/www.cfaebooks.com\/tr\/wp-json\/wp\/v2\/media\/16467"}],"wp:attachment":[{"href":"https:\/\/www.cfaebooks.com\/tr\/wp-json\/wp\/v2\/media?parent=16449"}],"wp:term":[{"taxonomy":"product_brand","embeddable":true,"href":"https:\/\/www.cfaebooks.com\/tr\/wp-json\/wp\/v2\/product_brand?post=16449"},{"taxonomy":"product_cat","embeddable":true,"href":"https:\/\/www.cfaebooks.com\/tr\/wp-json\/wp\/v2\/product_cat?post=16449"},{"taxonomy":"product_tag","embeddable":true,"href":"https:\/\/www.cfaebooks.com\/tr\/wp-json\/wp\/v2\/product_tag?post=16449"}],"curies":[{"name":"wp","href":"https:\/\/api.w.org\/{rel}","templated":true}]}}