{"id":15933,"date":"2026-01-19T14:19:02","date_gmt":"2026-01-19T14:19:02","guid":{"rendered":"https:\/\/www.cfaebooks.com\/?post_type=product&#038;p=15933"},"modified":"2026-04-03T08:09:17","modified_gmt":"2026-04-03T08:09:17","slug":"cfa-2025-2026-level-1-quintedge-study-notes-and-formula-sheet","status":"publish","type":"product","link":"https:\/\/www.cfaebooks.com\/tr\/products\/cfa-2025-2026-level-1-quintedge-study-notes-and-formula-sheet\/","title":{"rendered":"CFA 2025 &#8211; 2026 Level 1 QuintEdge Study Notes and Formula Sheet"},"content":{"rendered":"<p>Sat\u0131l\u0131k bir e-Kitap <strong>CFA 2025 &#8211; 2026 Level 1 QuintEdge Study Notes and Formula Sheet<\/strong> PDF.<\/p>\n\n\n\n<ul class=\"wp-block-list\">\n<li>A\u015fa\u011f\u0131daki konular\u0131 i\u00e7erir:\n<ul class=\"wp-block-list\">\n<li><strong><em>Nicel Y\u00f6ntemler<\/em><\/strong><\/li>\n\n\n\n<li><strong><em>Ekonomi<\/em><\/strong><\/li>\n\n\n\n<li><strong><em>Kurumsal \u0130hra\u00e7\u00e7\u0131lar<\/em><\/strong><\/li>\n\n\n\n<li><strong><em>Mali Tablo Analizi<\/em><\/strong><\/li>\n\n\n\n<li><strong><em>\u00d6zkaynak Yat\u0131r\u0131mlar\u0131<\/em><\/strong><\/li>\n\n\n\n<li><strong><em>Sabit Gelir<\/em><\/strong><\/li>\n\n\n\n<li><strong><em>T\u00fcrevler<\/em><\/strong><\/li>\n\n\n\n<li><strong><em>Alternatif Yat\u0131r\u0131mlar<\/em><\/strong><\/li>\n\n\n\n<li><strong><em>Portf\u00f6y Y\u00f6netimi<\/em><\/strong><\/li>\n\n\n\n<li><strong><em>Etik ve Mesleki Standartlar<\/em><\/strong><\/li>\n<\/ul>\n<\/li>\n\n\n\n<li>Study Plan &amp; Formula Sheet are 23 pages in total<\/li>\n\n\n\n<li>Metin, bilgisayar klavyenizdeki 'ctrl+f' bulma \u00f6zelli\u011fi kullan\u0131larak ve ak\u0131ll\u0131 telefonunuzda\/tabletinizde arama yap\u0131larak aranabilir<\/li>\n\n\n\n<li>Bunlar fiziksel kitaplar de\u011fil, e-Kitaplar.<\/li>\n\n\n\n<li>\u00d6deme yapt\u0131ktan sonra e-Kitab\u0131 an\u0131nda indirebilirsiniz.<\/li>\n<\/ul>","protected":false},"excerpt":{"rendered":"<p>For sale is an e-Book CFA 2025 &#8211; 2026 Level 1 QuintEdge Study Notes and Formula Sheet PDF.<\/p>","protected":false},"featured_media":15934,"comment_status":"closed","ping_status":"closed","template":"","meta":[],"product_brand":[],"product_cat":[260],"product_tag":[369,93,88,90,370,87,91,363,92,164,177,407],"class_list":{"0":"post-15933","1":"product","2":"type-product","3":"status-publish","4":"has-post-thumbnail","6":"product_cat-cfa-level-1","7":"product_tag-cfa-2026","8":"product_tag-cfa-books","9":"product_tag-cfa-ebooks","10":"product_tag-cfa-exam","11":"product_tag-cfa-level-1-2026","12":"product_tag-cfa-level-i","13":"product_tag-cfa-prep","14":"product_tag-cfa-study-notes","15":"product_tag-cfa-test","16":"product_tag-formula-sheet","17":"product_tag-quicksheet","18":"product_tag-quintedge","20":"first","21":"instock","22":"downloadable","23":"virtual","24":"sold-individually","25":"purchasable","26":"product-type-simple"},"_links":{"self":[{"href":"https:\/\/www.cfaebooks.com\/tr\/wp-json\/wp\/v2\/product\/15933","targetHints":{"allow":["GET"]}}],"collection":[{"href":"https:\/\/www.cfaebooks.com\/tr\/wp-json\/wp\/v2\/product"}],"about":[{"href":"https:\/\/www.cfaebooks.com\/tr\/wp-json\/wp\/v2\/types\/product"}],"replies":[{"embeddable":true,"href":"https:\/\/www.cfaebooks.com\/tr\/wp-json\/wp\/v2\/comments?post=15933"}],"wp:featuredmedia":[{"embeddable":true,"href":"https:\/\/www.cfaebooks.com\/tr\/wp-json\/wp\/v2\/media\/15934"}],"wp:attachment":[{"href":"https:\/\/www.cfaebooks.com\/tr\/wp-json\/wp\/v2\/media?parent=15933"}],"wp:term":[{"taxonomy":"product_brand","embeddable":true,"href":"https:\/\/www.cfaebooks.com\/tr\/wp-json\/wp\/v2\/product_brand?post=15933"},{"taxonomy":"product_cat","embeddable":true,"href":"https:\/\/www.cfaebooks.com\/tr\/wp-json\/wp\/v2\/product_cat?post=15933"},{"taxonomy":"product_tag","embeddable":true,"href":"https:\/\/www.cfaebooks.com\/tr\/wp-json\/wp\/v2\/product_tag?post=15933"}],"curies":[{"name":"wp","href":"https:\/\/api.w.org\/{rel}","templated":true}]}}