{"id":15570,"date":"2025-12-30T14:12:22","date_gmt":"2025-12-30T14:12:22","guid":{"rendered":"https:\/\/www.cfaebooks.com\/?post_type=product&#038;p=15570"},"modified":"2026-04-03T08:08:49","modified_gmt":"2026-04-03T08:08:49","slug":"2026-cfa-schweser-secret-sauce-level-3-private-wealth","status":"publish","type":"product","link":"https:\/\/www.cfaebooks.com\/tr\/products\/2026-cfa-schweser-secret-sauce-level-3-private-wealth\/","title":{"rendered":"2026 CFA Schweser Secret Sauce Level 3 Private Wealth"},"content":{"rendered":"<p>Sat\u0131l\u0131k <strong>CFA 2026 Schweser Secret Sauce Level 3 Private Wealth<\/strong>.<\/p>\n\n\n\n<p><strong>A\u015fa\u011f\u0131daki konular\u0131 i\u00e7erir:<\/strong><\/p>\n\n\n\n<ul class=\"wp-block-list\">\n<li>Varl\u0131k Tahsisi<\/li>\n\n\n\n<li>Portf\u00f6y Olu\u015fturma<\/li>\n\n\n\n<li>Performans \u00d6l\u00e7\u00fcm\u00fc<\/li>\n\n\n\n<li>T\u00fcrev \u00dcr\u00fcnler ve Risk Y\u00f6netimi<\/li>\n\n\n\n<li>Etik ve Mesleki Standartlar<\/li>\n\n\n\n<li>\u00d6zel Servet<\/li>\n<\/ul>\n\n\n\n<p>Metin, bilgisayar klavyenizdeki 'ctrl+f' bulma \u00f6zelli\u011fi kullan\u0131larak ve ak\u0131ll\u0131 telefonunuzda\/tabletinizde arama yap\u0131larak aranabilir. Bunlar fiziksel kitaplar de\u011fil, PDF dijital kopyalard\u0131r. Fiziksel bir bas\u0131l\u0131 kopya istiyorsan\u0131z l\u00fctfen sat\u0131n almay\u0131n.<\/p>\n\n\n\n<p>\u00d6deme yapt\u0131ktan sonra e-Kitab\u0131 hemen indirebilirsiniz.<\/p>","protected":false},"excerpt":{"rendered":"<p>For sale is the CFA 2026 Schweser Secret Sauce Level 3 Private Wealth. Includes the following topics: The text is searchable using the find feature on your computer keyboard \u2018ctrl+f\u2019 and through search on your smartphone\/tablet. These are not physical books they are PDF digital copies. Please do not purchase if you want a physical [&hellip;]<\/p>\n","protected":false},"featured_media":15572,"comment_status":"closed","ping_status":"closed","template":"","meta":[],"product_brand":[],"product_cat":[265],"product_tag":[369,93,88,90,180,371,91,363,92,394,159],"class_list":{"0":"post-15570","1":"product","2":"type-product","3":"status-publish","4":"has-post-thumbnail","6":"product_cat-cfa-level-3","7":"product_tag-cfa-2026","8":"product_tag-cfa-books","9":"product_tag-cfa-ebooks","10":"product_tag-cfa-exam","11":"product_tag-cfa-level-3","12":"product_tag-cfa-level-3-2026","13":"product_tag-cfa-prep","14":"product_tag-cfa-study-notes","15":"product_tag-cfa-test","16":"product_tag-schweser","17":"product_tag-secret-sauce","19":"first","20":"instock","21":"downloadable","22":"virtual","23":"sold-individually","24":"purchasable","25":"product-type-simple"},"_links":{"self":[{"href":"https:\/\/www.cfaebooks.com\/tr\/wp-json\/wp\/v2\/product\/15570","targetHints":{"allow":["GET"]}}],"collection":[{"href":"https:\/\/www.cfaebooks.com\/tr\/wp-json\/wp\/v2\/product"}],"about":[{"href":"https:\/\/www.cfaebooks.com\/tr\/wp-json\/wp\/v2\/types\/product"}],"replies":[{"embeddable":true,"href":"https:\/\/www.cfaebooks.com\/tr\/wp-json\/wp\/v2\/comments?post=15570"}],"wp:featuredmedia":[{"embeddable":true,"href":"https:\/\/www.cfaebooks.com\/tr\/wp-json\/wp\/v2\/media\/15572"}],"wp:attachment":[{"href":"https:\/\/www.cfaebooks.com\/tr\/wp-json\/wp\/v2\/media?parent=15570"}],"wp:term":[{"taxonomy":"product_brand","embeddable":true,"href":"https:\/\/www.cfaebooks.com\/tr\/wp-json\/wp\/v2\/product_brand?post=15570"},{"taxonomy":"product_cat","embeddable":true,"href":"https:\/\/www.cfaebooks.com\/tr\/wp-json\/wp\/v2\/product_cat?post=15570"},{"taxonomy":"product_tag","embeddable":true,"href":"https:\/\/www.cfaebooks.com\/tr\/wp-json\/wp\/v2\/product_tag?post=15570"}],"curies":[{"name":"wp","href":"https:\/\/api.w.org\/{rel}","templated":true}]}}