{"id":15346,"date":"2025-12-08T03:29:45","date_gmt":"2025-12-08T03:29:45","guid":{"rendered":"https:\/\/www.cfaebooks.com\/?post_type=product&#038;p=15346"},"modified":"2026-04-03T08:08:01","modified_gmt":"2026-04-03T08:08:01","slug":"cfa-2026-level-3-schweser-question-bank-topic-quiz-module-quiz-checkpoint-exam-and-constructed-responses-private-wealth","status":"publish","type":"product","link":"https:\/\/www.cfaebooks.com\/tr\/products\/cfa-2026-level-3-schweser-question-bank-topic-quiz-module-quiz-checkpoint-exam-and-constructed-responses-private-wealth\/","title":{"rendered":"CFA 2026 Level 3 Schweser Question Bank, Topic Quiz, Module Quiz, Checkpoint Exam and Constructed Responses (Private Wealth)"},"content":{"rendered":"<p>For sale is an e-Book CFA 2026 Level 3 Schweser Question Bank, Topic Quiz, Module Quiz, Checkpoint Exam and Constructed Responses (Private Wealth).<\/p>\n\n\n\n<p>A\u015fa\u011f\u0131daki konular\u0131 i\u00e7erir:<\/p>\n\n\n\n<ol class=\"wp-block-list\">\n<li><em>Varl\u0131k Tahsisi<\/em><\/li>\n\n\n\n<li><em>Portf\u00f6y Olu\u015fturma<\/em><\/li>\n\n\n\n<li><em>Performans \u00d6l\u00e7\u00fcm\u00fc<\/em><\/li>\n\n\n\n<li><em>T\u00fcrev \u00dcr\u00fcnler ve Risk Y\u00f6netimi<\/em><\/li>\n\n\n\n<li><em>Etik ve Mesleki Standartlar<\/em><\/li>\n\n\n\n<li><em>\u00d6zel Servet<\/em><\/li>\n<\/ol>\n\n\n\n<p>The package includes <strong>Qbank, Topic Quiz, Module Quiz, Checkpoint Exam and Constructed Responses<\/strong>.<\/p>\n\n\n\n<p>Metin, bilgisayar klavyenizdeki \u2018ctrl+f\u2019 arama \u00f6zelli\u011fi ve ak\u0131ll\u0131 telefonunuzda\/tabletinizde arama yaparak aranabilir.<\/p>\n\n\n\n<p>Bu fiziksel bir kitap de\u011fil, PDF dijital kopyas\u0131d\u0131r. Fiziksel bir bas\u0131l\u0131 kopya istiyorsan\u0131z l\u00fctfen sat\u0131n almay\u0131n. \u00d6deme yapt\u0131ktan sonra e-Kitab\u0131 hemen indirebilirsiniz.<\/p>","protected":false},"excerpt":{"rendered":"<p>For sale is an e-Book CFA 2026 Level 3 Schweser Question Bank, Topic Quiz, Module Quiz, Checkpoint Exam and Constructed Responses (Private Wealth). Includes the following topics: The package includes Qbank, Topic Quiz, Module Quiz, Checkpoint Exam and Constructed Responses. The text is searchable using the find feature on your computer keyboard \u2018ctrl+f\u2019 and through [&hellip;]<\/p>\n","protected":false},"featured_media":15347,"comment_status":"closed","ping_status":"closed","template":"","meta":[],"product_brand":[],"product_cat":[265],"product_tag":[369,93,88,90,180,371,91,166,92,163],"class_list":{"0":"post-15346","1":"product","2":"type-product","3":"status-publish","4":"has-post-thumbnail","6":"product_cat-cfa-level-3","7":"product_tag-cfa-2026","8":"product_tag-cfa-books","9":"product_tag-cfa-ebooks","10":"product_tag-cfa-exam","11":"product_tag-cfa-level-3","12":"product_tag-cfa-level-3-2026","13":"product_tag-cfa-prep","14":"product_tag-cfa-question-bank","15":"product_tag-cfa-test","16":"product_tag-schweser-qbank","18":"first","19":"instock","20":"downloadable","21":"virtual","22":"sold-individually","23":"purchasable","24":"product-type-simple"},"_links":{"self":[{"href":"https:\/\/www.cfaebooks.com\/tr\/wp-json\/wp\/v2\/product\/15346","targetHints":{"allow":["GET"]}}],"collection":[{"href":"https:\/\/www.cfaebooks.com\/tr\/wp-json\/wp\/v2\/product"}],"about":[{"href":"https:\/\/www.cfaebooks.com\/tr\/wp-json\/wp\/v2\/types\/product"}],"replies":[{"embeddable":true,"href":"https:\/\/www.cfaebooks.com\/tr\/wp-json\/wp\/v2\/comments?post=15346"}],"wp:featuredmedia":[{"embeddable":true,"href":"https:\/\/www.cfaebooks.com\/tr\/wp-json\/wp\/v2\/media\/15347"}],"wp:attachment":[{"href":"https:\/\/www.cfaebooks.com\/tr\/wp-json\/wp\/v2\/media?parent=15346"}],"wp:term":[{"taxonomy":"product_brand","embeddable":true,"href":"https:\/\/www.cfaebooks.com\/tr\/wp-json\/wp\/v2\/product_brand?post=15346"},{"taxonomy":"product_cat","embeddable":true,"href":"https:\/\/www.cfaebooks.com\/tr\/wp-json\/wp\/v2\/product_cat?post=15346"},{"taxonomy":"product_tag","embeddable":true,"href":"https:\/\/www.cfaebooks.com\/tr\/wp-json\/wp\/v2\/product_tag?post=15346"}],"curies":[{"name":"wp","href":"https:\/\/api.w.org\/{rel}","templated":true}]}}