{"id":15333,"date":"2025-12-07T13:31:44","date_gmt":"2025-12-07T13:31:44","guid":{"rendered":"https:\/\/www.cfaebooks.com\/?post_type=product&#038;p=15333"},"modified":"2026-04-03T08:07:59","modified_gmt":"2026-04-03T08:07:59","slug":"cfa-2026-level-1-finquiz-stanley-notes-battle-ready-summaries-and-formula-sheet","status":"publish","type":"product","link":"https:\/\/www.cfaebooks.com\/tr\/products\/cfa-2026-level-1-finquiz-stanley-notes-battle-ready-summaries-and-formula-sheet\/","title":{"rendered":"CFA 2026 Seviye 1 Finquiz Stanley Notlar\u0131, Sava\u015fa Haz\u0131r \u00d6zetler ve Form\u00fcl Sayfas\u0131"},"content":{"rendered":"<p>For sale is an e-Book CFA 2026 Level 1 Finquiz Stanley Notes, Battle-ready Summaries and Formula sheet.<\/p>\n\n\n\n<p>Ele al\u0131nan konu:<\/p>\n\n\n\n<ol class=\"wp-block-list\">\n<li><em>Nicel Y\u00f6ntemler<\/em><\/li>\n\n\n\n<li><em>Ekonomi<\/em><\/li>\n\n\n\n<li><em>Kurumsal \u0130hra\u00e7\u00e7\u0131lar<\/em><\/li>\n\n\n\n<li><em>Mali Tablo Analizi<\/em><\/li>\n\n\n\n<li><em>\u00d6zkaynak Yat\u0131r\u0131mlar\u0131<\/em><\/li>\n\n\n\n<li><em>Sabit Gelir<\/em><\/li>\n\n\n\n<li><em>T\u00fcrev Yat\u0131r\u0131mlar<\/em><\/li>\n\n\n\n<li><em>Alternatif Yat\u0131r\u0131mlar<\/em><\/li>\n\n\n\n<li><em>Portf\u00f6y Y\u00f6netimi<\/em><\/li>\n\n\n\n<li><em>Etik ve Mesleki Standartlar<\/em><\/li>\n<\/ol>\n\n\n\n<p>Metin, bilgisayar klavyenizdeki \u2018ctrl+f\u2019 arama \u00f6zelli\u011fi ve ak\u0131ll\u0131 telefonunuzda\/tabletinizde arama yaparak aranabilir.<\/p>\n\n\n\n<p>Bu fiziksel bir kitap de\u011fil, PDF dijital kopyas\u0131d\u0131r. Fiziksel bir bas\u0131l\u0131 kopya istiyorsan\u0131z l\u00fctfen sat\u0131n almay\u0131n. \u00d6deme yapt\u0131ktan sonra e-Kitab\u0131 hemen indirebilirsiniz.<\/p>","protected":false},"excerpt":{"rendered":"<p>For sale is an e-Book CFA 2026 Level 1 Finquiz Stanley Notes, Battle-ready Summaries and Formula sheet. Topic covered: The text is searchable using the find feature on your computer keyboard \u2018ctrl+f\u2019 and through search on your smartphone\/tablet. This is not a physical book it is a&nbsp;PDF&nbsp;digital copy. Please do not purchase if you want [&hellip;]<\/p>\n","protected":false},"featured_media":15334,"comment_status":"closed","ping_status":"closed","template":"","meta":[],"product_brand":[],"product_cat":[260],"product_tag":[393,369,93,88,90,370,87,91,92,383,391,168],"class_list":{"0":"post-15333","1":"product","2":"type-product","3":"status-publish","4":"has-post-thumbnail","6":"product_cat-cfa-level-1","7":"product_tag-battle-ready-summaries","8":"product_tag-cfa-2026","9":"product_tag-cfa-books","10":"product_tag-cfa-ebooks","11":"product_tag-cfa-exam","12":"product_tag-cfa-level-1-2026","13":"product_tag-cfa-level-i","14":"product_tag-cfa-prep","15":"product_tag-cfa-test","16":"product_tag-finquiz","17":"product_tag-stanley-notes","18":"product_tag-study-notes","20":"first","21":"instock","22":"downloadable","23":"virtual","24":"sold-individually","25":"purchasable","26":"product-type-simple"},"_links":{"self":[{"href":"https:\/\/www.cfaebooks.com\/tr\/wp-json\/wp\/v2\/product\/15333","targetHints":{"allow":["GET"]}}],"collection":[{"href":"https:\/\/www.cfaebooks.com\/tr\/wp-json\/wp\/v2\/product"}],"about":[{"href":"https:\/\/www.cfaebooks.com\/tr\/wp-json\/wp\/v2\/types\/product"}],"replies":[{"embeddable":true,"href":"https:\/\/www.cfaebooks.com\/tr\/wp-json\/wp\/v2\/comments?post=15333"}],"wp:featuredmedia":[{"embeddable":true,"href":"https:\/\/www.cfaebooks.com\/tr\/wp-json\/wp\/v2\/media\/15334"}],"wp:attachment":[{"href":"https:\/\/www.cfaebooks.com\/tr\/wp-json\/wp\/v2\/media?parent=15333"}],"wp:term":[{"taxonomy":"product_brand","embeddable":true,"href":"https:\/\/www.cfaebooks.com\/tr\/wp-json\/wp\/v2\/product_brand?post=15333"},{"taxonomy":"product_cat","embeddable":true,"href":"https:\/\/www.cfaebooks.com\/tr\/wp-json\/wp\/v2\/product_cat?post=15333"},{"taxonomy":"product_tag","embeddable":true,"href":"https:\/\/www.cfaebooks.com\/tr\/wp-json\/wp\/v2\/product_tag?post=15333"}],"curies":[{"name":"wp","href":"https:\/\/api.w.org\/{rel}","templated":true}]}}