{"id":15323,"date":"2025-12-07T13:14:06","date_gmt":"2025-12-07T13:14:06","guid":{"rendered":"https:\/\/www.cfaebooks.com\/?post_type=product&#038;p=15323"},"modified":"2026-04-03T08:07:56","modified_gmt":"2026-04-03T08:07:56","slug":"cfa-2026-level-3-finquiz-stanley-notes-battle-ready-summaries-and-formula-sheet-portfolio-management","status":"publish","type":"product","link":"https:\/\/www.cfaebooks.com\/tr\/products\/cfa-2026-level-3-finquiz-stanley-notes-battle-ready-summaries-and-formula-sheet-portfolio-management\/","title":{"rendered":"CFA 2026 Seviye 3 Finquiz Stanley Notlar\u0131, Sava\u015fa Haz\u0131r \u00d6zetler ve Form\u00fcl Sayfas\u0131 Portf\u00f6y Y\u00f6netimi"},"content":{"rendered":"<p>Sat\u0131l\u0131k olan \u00fcr\u00fcn, CFA 2026 Seviye 3 Finquiz Stanley Notlar\u0131, S\u0131nava Haz\u0131r \u00d6zetler ve Form\u00fcl Sayfas\u0131 Portf\u00f6y Y\u00f6netimi e-Kitab\u0131d\u0131r.<\/p>\n\n\n\n<p>A\u015fa\u011f\u0131daki konular\u0131 i\u00e7erir:<\/p>\n\n\n\n<ol class=\"wp-block-list\">\n<li><em>Varl\u0131k Tahsisi<\/em><\/li>\n\n\n\n<li><em>Portf\u00f6y Olu\u015fturma<\/em><\/li>\n\n\n\n<li><em>Performans \u00d6l\u00e7\u00fcm\u00fc<\/em><\/li>\n\n\n\n<li><em>T\u00fcrev \u00dcr\u00fcnler ve Risk Y\u00f6netimi<\/em><\/li>\n\n\n\n<li><em>Etik ve Mesleki Standartlar<\/em><\/li>\n\n\n\n<li><em>Portf\u00f6y Y\u00f6netimi Yolu<\/em><\/li>\n<\/ol>\n\n\n\n<p>Metin, bilgisayar klavyenizdeki \u2018ctrl+f\u2019 arama \u00f6zelli\u011fi ve ak\u0131ll\u0131 telefonunuzda\/tabletinizde arama yaparak aranabilir.<\/p>\n\n\n\n<p>Bu fiziksel bir kitap de\u011fil, PDF dijital kopyas\u0131d\u0131r. Fiziksel bir bas\u0131l\u0131 kopya istiyorsan\u0131z l\u00fctfen sat\u0131n almay\u0131n. \u00d6deme yapt\u0131ktan sonra e-Kitab\u0131 hemen indirebilirsiniz.<\/p>","protected":false},"excerpt":{"rendered":"<p>For sale is an e-Book CFA 2026 Level 3 Finquiz Stanley Notes, Battle-ready Summaries and Formula sheet Portfolio Management. Includes the following topics: The text is searchable using the find feature on your computer keyboard \u2018ctrl+f\u2019 and through search on your smartphone\/tablet. This is not a physical book it is a&nbsp;PDF&nbsp;digital copy. Please do not [&hellip;]<\/p>\n","protected":false},"featured_media":15324,"comment_status":"closed","ping_status":"closed","template":"","meta":[],"product_brand":[],"product_cat":[265],"product_tag":[393,369,93,88,90,174,180,371,91,92,383,164,177,391,168],"class_list":{"0":"post-15323","1":"product","2":"type-product","3":"status-publish","4":"has-post-thumbnail","6":"product_cat-cfa-level-3","7":"product_tag-battle-ready-summaries","8":"product_tag-cfa-2026","9":"product_tag-cfa-books","10":"product_tag-cfa-ebooks","11":"product_tag-cfa-exam","12":"product_tag-cfa-institute","13":"product_tag-cfa-level-3","14":"product_tag-cfa-level-3-2026","15":"product_tag-cfa-prep","16":"product_tag-cfa-test","17":"product_tag-finquiz","18":"product_tag-formula-sheet","19":"product_tag-quicksheet","20":"product_tag-stanley-notes","21":"product_tag-study-notes","23":"first","24":"instock","25":"downloadable","26":"virtual","27":"sold-individually","28":"purchasable","29":"product-type-simple"},"_links":{"self":[{"href":"https:\/\/www.cfaebooks.com\/tr\/wp-json\/wp\/v2\/product\/15323","targetHints":{"allow":["GET"]}}],"collection":[{"href":"https:\/\/www.cfaebooks.com\/tr\/wp-json\/wp\/v2\/product"}],"about":[{"href":"https:\/\/www.cfaebooks.com\/tr\/wp-json\/wp\/v2\/types\/product"}],"replies":[{"embeddable":true,"href":"https:\/\/www.cfaebooks.com\/tr\/wp-json\/wp\/v2\/comments?post=15323"}],"wp:featuredmedia":[{"embeddable":true,"href":"https:\/\/www.cfaebooks.com\/tr\/wp-json\/wp\/v2\/media\/15324"}],"wp:attachment":[{"href":"https:\/\/www.cfaebooks.com\/tr\/wp-json\/wp\/v2\/media?parent=15323"}],"wp:term":[{"taxonomy":"product_brand","embeddable":true,"href":"https:\/\/www.cfaebooks.com\/tr\/wp-json\/wp\/v2\/product_brand?post=15323"},{"taxonomy":"product_cat","embeddable":true,"href":"https:\/\/www.cfaebooks.com\/tr\/wp-json\/wp\/v2\/product_cat?post=15323"},{"taxonomy":"product_tag","embeddable":true,"href":"https:\/\/www.cfaebooks.com\/tr\/wp-json\/wp\/v2\/product_tag?post=15323"}],"curies":[{"name":"wp","href":"https:\/\/api.w.org\/{rel}","templated":true}]}}