{"id":15303,"date":"2025-12-07T10:49:19","date_gmt":"2025-12-07T10:49:19","guid":{"rendered":"https:\/\/www.cfaebooks.com\/?post_type=product&#038;p=15303"},"modified":"2026-04-03T08:07:49","modified_gmt":"2026-04-03T08:07:49","slug":"cfa-2026-practice-pack-level-3-portfolio-management-pathway-qbank-and-mock-exam","status":"publish","type":"product","link":"https:\/\/www.cfaebooks.com\/tr\/products\/cfa-2026-practice-pack-level-3-portfolio-management-pathway-qbank-and-mock-exam\/","title":{"rendered":"CFA 2026 Uygulama Paketi Seviye 3 Portf\u00f6y Y\u00f6netimi Yolu (Soru Bankas\u0131 ve Deneme S\u0131nav\u0131)"},"content":{"rendered":"<p>For sale is an e-Book CFA 2026 Practice Pack Level 3 Portfolio Management Pathway (Qbank and Mock Exam).<\/p>\n\n\n\n<ul class=\"wp-block-list\">\n<li>\u0130\u00e7indekiler <strong>Question Banks<\/strong> ve <strong>4 Mocks <\/strong>with answers<\/li>\n\n\n\n<li>Metin, bilgisayar klavyenizdeki \u2018ctrl+f\u2019 arama \u00f6zelli\u011fi ve ak\u0131ll\u0131 telefonunuzda\/tabletinizde arama yaparak aranabilir.<\/li>\n<\/ul>\n\n\n\n<p>Bu fiziksel bir kitap de\u011fil, PDF dijital kopyas\u0131d\u0131r. Fiziksel bir bas\u0131l\u0131 kopya istiyorsan\u0131z l\u00fctfen sat\u0131n almay\u0131n. \u00d6deme yapt\u0131ktan sonra e-Kitab\u0131 hemen indirebilirsiniz.<\/p>","protected":false},"excerpt":{"rendered":"<p>For sale is an e-Book CFA 2026 Practice Pack Level 3 Portfolio Management Pathway (Qbank and Mock Exam). This is not a physical book it is a\u00a0PDF\u00a0digital copy. Please do not purchase if you want a physical hard copy. After checkout you can download the e-Book immediately.<\/p>","protected":false},"featured_media":15304,"comment_status":"closed","ping_status":"closed","template":"","meta":[],"product_brand":[],"product_cat":[265],"product_tag":[369,93,88,90,174,180,371,91,92,177,168],"class_list":{"0":"post-15303","1":"product","2":"type-product","3":"status-publish","4":"has-post-thumbnail","6":"product_cat-cfa-level-3","7":"product_tag-cfa-2026","8":"product_tag-cfa-books","9":"product_tag-cfa-ebooks","10":"product_tag-cfa-exam","11":"product_tag-cfa-institute","12":"product_tag-cfa-level-3","13":"product_tag-cfa-level-3-2026","14":"product_tag-cfa-prep","15":"product_tag-cfa-test","16":"product_tag-quicksheet","17":"product_tag-study-notes","19":"first","20":"instock","21":"downloadable","22":"virtual","23":"sold-individually","24":"purchasable","25":"product-type-simple"},"_links":{"self":[{"href":"https:\/\/www.cfaebooks.com\/tr\/wp-json\/wp\/v2\/product\/15303","targetHints":{"allow":["GET"]}}],"collection":[{"href":"https:\/\/www.cfaebooks.com\/tr\/wp-json\/wp\/v2\/product"}],"about":[{"href":"https:\/\/www.cfaebooks.com\/tr\/wp-json\/wp\/v2\/types\/product"}],"replies":[{"embeddable":true,"href":"https:\/\/www.cfaebooks.com\/tr\/wp-json\/wp\/v2\/comments?post=15303"}],"wp:featuredmedia":[{"embeddable":true,"href":"https:\/\/www.cfaebooks.com\/tr\/wp-json\/wp\/v2\/media\/15304"}],"wp:attachment":[{"href":"https:\/\/www.cfaebooks.com\/tr\/wp-json\/wp\/v2\/media?parent=15303"}],"wp:term":[{"taxonomy":"product_brand","embeddable":true,"href":"https:\/\/www.cfaebooks.com\/tr\/wp-json\/wp\/v2\/product_brand?post=15303"},{"taxonomy":"product_cat","embeddable":true,"href":"https:\/\/www.cfaebooks.com\/tr\/wp-json\/wp\/v2\/product_cat?post=15303"},{"taxonomy":"product_tag","embeddable":true,"href":"https:\/\/www.cfaebooks.com\/tr\/wp-json\/wp\/v2\/product_tag?post=15303"}],"curies":[{"name":"wp","href":"https:\/\/api.w.org\/{rel}","templated":true}]}}