{"id":15167,"date":"2025-11-20T15:11:46","date_gmt":"2025-11-20T15:11:46","guid":{"rendered":"https:\/\/www.cfaebooks.com\/?post_type=product&#038;p=15167"},"modified":"2026-04-03T08:07:38","modified_gmt":"2026-04-03T08:07:38","slug":"caia-2026-level-1-uppermark-question-bank","status":"publish","type":"product","link":"https:\/\/www.cfaebooks.com\/tr\/products\/caia-2026-level-1-uppermark-question-bank\/","title":{"rendered":"CAIA 2026 Seviye 1 UpperMark Soru Bankas\u0131"},"content":{"rendered":"<p>For sale is an e-Book CAIA 2026 Level 1 UpperMark Question Bank pdf.<\/p>\n\n\n\n<p><strong>Sorular ve cevaplar i\u00e7in ayr\u0131 bir dosya i\u00e7erir, b\u00f6ylece sorular\u0131 yapabilir ve cevaplar\u0131n\u0131z\u0131 kar\u015f\u0131la\u015ft\u0131rabilirsiniz<\/strong><\/p>\n\n\n\n<p><strong>Ele al\u0131nan konu:<\/strong><\/p>\n\n\n\n<ol class=\"wp-block-list\">\n<li>CAIA Ethical Principles<\/li>\n\n\n\n<li>Introduction to Alternative Investments<\/li>\n\n\n\n<li>Real Assets<\/li>\n\n\n\n<li>Private Equity<\/li>\n\n\n\n<li>Private Debt<\/li>\n\n\n\n<li>Hedge Funds<\/li>\n\n\n\n<li>Digital Assets<\/li>\n\n\n\n<li>Funds of Funds<\/li>\n<\/ol>\n\n\n\n<p>Bu fiziksel bir kitap de\u011fil, PDF dijital kopyas\u0131d\u0131r. Fiziksel bir bas\u0131l\u0131 kopya istiyorsan\u0131z l\u00fctfen sat\u0131n almay\u0131n. \u00d6deme yapt\u0131ktan sonra e-Kitab\u0131 an\u0131nda indirebilirsiniz.<\/p>","protected":false},"excerpt":{"rendered":"<p>For sale is an e-Book CAIA 2026 Level 1 UpperMark Question Bank pdf. Includes separate file for questions and answers so that you can do questions then compare your answers Topic covered: This is not a physical book it is a&nbsp;PDF&nbsp;digital copy. Please do not purchase if you want a physical hard copy. After checkout [&hellip;]<\/p>\n","protected":false},"featured_media":15168,"comment_status":"closed","ping_status":"closed","template":"","meta":[],"product_brand":[],"product_cat":[317],"product_tag":[247,386,251,250,248,387,246,252,330,331,249,389],"class_list":{"0":"post-15167","1":"product","2":"type-product","3":"status-publish","4":"has-post-thumbnail","6":"product_cat-caia-level-1","7":"product_tag-caia","8":"product_tag-caia-2026","9":"product_tag-caia-books","10":"product_tag-caia-ebooks","11":"product_tag-caia-exam","12":"product_tag-caia-level-1-2026","13":"product_tag-caia-level-i","14":"product_tag-caia-prep","15":"product_tag-caia-qbank","16":"product_tag-caia-question-bank","17":"product_tag-caia-test","18":"product_tag-uppermark","20":"first","21":"instock","22":"downloadable","23":"virtual","24":"sold-individually","25":"purchasable","26":"product-type-simple"},"_links":{"self":[{"href":"https:\/\/www.cfaebooks.com\/tr\/wp-json\/wp\/v2\/product\/15167","targetHints":{"allow":["GET"]}}],"collection":[{"href":"https:\/\/www.cfaebooks.com\/tr\/wp-json\/wp\/v2\/product"}],"about":[{"href":"https:\/\/www.cfaebooks.com\/tr\/wp-json\/wp\/v2\/types\/product"}],"replies":[{"embeddable":true,"href":"https:\/\/www.cfaebooks.com\/tr\/wp-json\/wp\/v2\/comments?post=15167"}],"wp:featuredmedia":[{"embeddable":true,"href":"https:\/\/www.cfaebooks.com\/tr\/wp-json\/wp\/v2\/media\/15168"}],"wp:attachment":[{"href":"https:\/\/www.cfaebooks.com\/tr\/wp-json\/wp\/v2\/media?parent=15167"}],"wp:term":[{"taxonomy":"product_brand","embeddable":true,"href":"https:\/\/www.cfaebooks.com\/tr\/wp-json\/wp\/v2\/product_brand?post=15167"},{"taxonomy":"product_cat","embeddable":true,"href":"https:\/\/www.cfaebooks.com\/tr\/wp-json\/wp\/v2\/product_cat?post=15167"},{"taxonomy":"product_tag","embeddable":true,"href":"https:\/\/www.cfaebooks.com\/tr\/wp-json\/wp\/v2\/product_tag?post=15167"}],"curies":[{"name":"wp","href":"https:\/\/api.w.org\/{rel}","templated":true}]}}