{"id":15163,"date":"2025-11-20T15:00:47","date_gmt":"2025-11-20T15:00:47","guid":{"rendered":"https:\/\/www.cfaebooks.com\/?post_type=product&#038;p=15163"},"modified":"2026-04-03T08:07:36","modified_gmt":"2026-04-03T08:07:36","slug":"caia-2026-level-1-uppermark-mock-exam","status":"publish","type":"product","link":"https:\/\/www.cfaebooks.com\/tr\/products\/caia-2026-level-1-uppermark-mock-exam\/","title":{"rendered":"CAIA 2026 Seviye 1 UpperMark Deneme S\u0131nav\u0131"},"content":{"rendered":"<p>For sale is an e-Book CAIA 2026 Level 1 UpperMark Mock Exam pdf.<\/p>\n\n\n\n<p><strong>Dahil olanlar <strong>3 full mock exams<\/strong>, each with 2 sessions\u2014designed to mirror the actual CAIA Level I exam format.<\/strong><\/p>\n\n\n\n<p><strong>Sorular ve cevaplar i\u00e7in ayr\u0131 bir dosya i\u00e7erir, b\u00f6ylece sorular\u0131 yapabilir ve cevaplar\u0131n\u0131z\u0131 kar\u015f\u0131la\u015ft\u0131rabilirsiniz<\/strong><\/p>\n\n\n\n<p>Bu fiziksel bir kitap de\u011fil, PDF dijital kopyas\u0131d\u0131r. Fiziksel bir bas\u0131l\u0131 kopya istiyorsan\u0131z l\u00fctfen sat\u0131n almay\u0131n. \u00d6deme yapt\u0131ktan sonra e-Kitab\u0131 an\u0131nda indirebilirsiniz.<\/p>","protected":false},"excerpt":{"rendered":"<p>For sale is an e-Book CAIA 2026 Level 1 UpperMark Mock Exam pdf. Included are 3 full mock exams, each with 2 sessions\u2014designed to mirror the actual CAIA Level I exam format. Includes separate file for questions and answers so that you can do questions then compare your answers This is not a physical book [&hellip;]<\/p>\n","protected":false},"featured_media":15164,"comment_status":"closed","ping_status":"closed","template":"","meta":[],"product_brand":[],"product_cat":[317],"product_tag":[247,386,251,250,248,387,246,366,252,249],"class_list":{"0":"post-15163","1":"product","2":"type-product","3":"status-publish","4":"has-post-thumbnail","6":"product_cat-caia-level-1","7":"product_tag-caia","8":"product_tag-caia-2026","9":"product_tag-caia-books","10":"product_tag-caia-ebooks","11":"product_tag-caia-exam","12":"product_tag-caia-level-1-2026","13":"product_tag-caia-level-i","14":"product_tag-caia-mock-exams","15":"product_tag-caia-prep","16":"product_tag-caia-test","18":"first","19":"instock","20":"downloadable","21":"virtual","22":"sold-individually","23":"purchasable","24":"product-type-simple"},"_links":{"self":[{"href":"https:\/\/www.cfaebooks.com\/tr\/wp-json\/wp\/v2\/product\/15163","targetHints":{"allow":["GET"]}}],"collection":[{"href":"https:\/\/www.cfaebooks.com\/tr\/wp-json\/wp\/v2\/product"}],"about":[{"href":"https:\/\/www.cfaebooks.com\/tr\/wp-json\/wp\/v2\/types\/product"}],"replies":[{"embeddable":true,"href":"https:\/\/www.cfaebooks.com\/tr\/wp-json\/wp\/v2\/comments?post=15163"}],"wp:featuredmedia":[{"embeddable":true,"href":"https:\/\/www.cfaebooks.com\/tr\/wp-json\/wp\/v2\/media\/15164"}],"wp:attachment":[{"href":"https:\/\/www.cfaebooks.com\/tr\/wp-json\/wp\/v2\/media?parent=15163"}],"wp:term":[{"taxonomy":"product_brand","embeddable":true,"href":"https:\/\/www.cfaebooks.com\/tr\/wp-json\/wp\/v2\/product_brand?post=15163"},{"taxonomy":"product_cat","embeddable":true,"href":"https:\/\/www.cfaebooks.com\/tr\/wp-json\/wp\/v2\/product_cat?post=15163"},{"taxonomy":"product_tag","embeddable":true,"href":"https:\/\/www.cfaebooks.com\/tr\/wp-json\/wp\/v2\/product_tag?post=15163"}],"curies":[{"name":"wp","href":"https:\/\/api.w.org\/{rel}","templated":true}]}}