{"id":14721,"date":"2025-10-22T02:23:23","date_gmt":"2025-10-22T02:23:23","guid":{"rendered":"https:\/\/www.cfaebooks.com\/?post_type=product&#038;p=14721"},"modified":"2026-04-03T08:07:00","modified_gmt":"2026-04-03T08:07:00","slug":"2026-cfa-programi-mufredati-sevi%cc%87ye-iii-portfoy-yoneti%cc%87mi%cc%87-yolu-kutu-seti%cc%87-2","status":"publish","type":"product","link":"https:\/\/www.cfaebooks.com\/tr\/products\/2026-cfa-programi-mufredati-sevi%cc%87ye-iii-portfoy-yoneti%cc%87mi%cc%87-yolu-kutu-seti%cc%87-2\/","title":{"rendered":"2026 CFA Program\u0131 M\u00fcfredat\u0131 Seviye III Portf\u00f6y Y\u00f6netimi Yolu Kutu Seti"},"content":{"rendered":"<p>Sat\u0131l\u0131k bir e-Kitap 2026 CFA Program\u0131 M\u00fcfredat\u0131 Seviye III Portf\u00f6y Y\u00f6netimi Yolu Kutu Seti PDF.<\/p>\n\n\n\n<p>A\u015fa\u011f\u0131daki ciltleri i\u00e7erir:<\/p>\n\n\n\n<ul class=\"wp-block-list\">\n<li><strong>\u00c7ekirdek M\u00fcfredat<\/strong>\n<ul class=\"wp-block-list\">\n<li><em>Cilt 1: Varl\u0131k Tahsisi<\/em><\/li>\n\n\n\n<li><em>Cilt 2: Portf\u00f6y Olu\u015fturma<\/em><\/li>\n\n\n\n<li><em>Cilt 3: Performans \u00d6l\u00e7\u00fcm\u00fc<\/em><\/li>\n\n\n\n<li><em>Cilt 4: T\u00fcrev \u00dcr\u00fcnler ve Risk Y\u00f6netimi<\/em><\/li>\n\n\n\n<li><em>Cilt 5: Etik ve Mesleki Standartlar<\/em><\/li>\n<\/ul>\n<\/li>\n<\/ul>\n\n\n\n<ul class=\"wp-block-list\">\n<li><strong>Portf\u00f6y Y\u00f6netimi<\/strong>\n<ul class=\"wp-block-list\">\n<li><em>Cilt 1: Portf\u00f6y Y\u00f6netimi Yolu<\/em><\/li>\n\n\n\n<li><em>Cilt 2: Portf\u00f6y Y\u00f6netimi Yolu<\/em><\/li>\n<\/ul>\n<\/li>\n<\/ul>\n\n\n\n<p>\u00d6deme yapt\u0131ktan sonra e-Kitab\u0131 hemen indirebilirsiniz. Bu fiziksel bir kitap de\u011fil, PDF dijital kopyas\u0131d\u0131r. Fiziksel bir bas\u0131l\u0131 kopya istiyorsan\u0131z l\u00fctfen sat\u0131n almay\u0131n<\/p>","protected":false},"excerpt":{"rendered":"<p>For sale is an e-Book 2026 CFA Program Curriculum Level III Portfolio Management Pathway Box Set PDF. Includes the following volumes: After checkout you can download the e-Book immediately. This is not a physical book it is a&nbsp;PDF&nbsp;digital copy. Please do not purchase if you want a physical hard copy<\/p>","protected":false},"featured_media":14722,"comment_status":"closed","ping_status":"closed","template":"","meta":[],"product_brand":[],"product_cat":[265],"product_tag":[369,93,88,90,174,371,361,311,91,89,92],"class_list":{"0":"post-14721","1":"product","2":"type-product","3":"status-publish","4":"has-post-thumbnail","6":"product_cat-cfa-level-3","7":"product_tag-cfa-2026","8":"product_tag-cfa-books","9":"product_tag-cfa-ebooks","10":"product_tag-cfa-exam","11":"product_tag-cfa-institute","12":"product_tag-cfa-level-3-2026","13":"product_tag-cfa-mock-exams","14":"product_tag-cfa-mocks","15":"product_tag-cfa-prep","16":"product_tag-cfa-program-curriculum","17":"product_tag-cfa-test","19":"first","20":"instock","21":"downloadable","22":"virtual","23":"sold-individually","24":"purchasable","25":"product-type-simple"},"_links":{"self":[{"href":"https:\/\/www.cfaebooks.com\/tr\/wp-json\/wp\/v2\/product\/14721","targetHints":{"allow":["GET"]}}],"collection":[{"href":"https:\/\/www.cfaebooks.com\/tr\/wp-json\/wp\/v2\/product"}],"about":[{"href":"https:\/\/www.cfaebooks.com\/tr\/wp-json\/wp\/v2\/types\/product"}],"replies":[{"embeddable":true,"href":"https:\/\/www.cfaebooks.com\/tr\/wp-json\/wp\/v2\/comments?post=14721"}],"wp:featuredmedia":[{"embeddable":true,"href":"https:\/\/www.cfaebooks.com\/tr\/wp-json\/wp\/v2\/media\/14722"}],"wp:attachment":[{"href":"https:\/\/www.cfaebooks.com\/tr\/wp-json\/wp\/v2\/media?parent=14721"}],"wp:term":[{"taxonomy":"product_brand","embeddable":true,"href":"https:\/\/www.cfaebooks.com\/tr\/wp-json\/wp\/v2\/product_brand?post=14721"},{"taxonomy":"product_cat","embeddable":true,"href":"https:\/\/www.cfaebooks.com\/tr\/wp-json\/wp\/v2\/product_cat?post=14721"},{"taxonomy":"product_tag","embeddable":true,"href":"https:\/\/www.cfaebooks.com\/tr\/wp-json\/wp\/v2\/product_tag?post=14721"}],"curies":[{"name":"wp","href":"https:\/\/api.w.org\/{rel}","templated":true}]}}