{"id":14296,"date":"2024-09-13T04:23:00","date_gmt":"2024-09-13T04:23:00","guid":{"rendered":"https:\/\/www.cfaebooks.com\/?post_type=product&#038;p=14296"},"modified":"2026-04-03T08:06:40","modified_gmt":"2026-04-03T08:06:40","slug":"2025-cfa-sevi%cc%87ye-1-paketi%cc%87","status":"publish","type":"product","link":"https:\/\/www.cfaebooks.com\/tr\/products\/2025-cfa-sevi%cc%87ye-1-paketi%cc%87\/","title":{"rendered":"2025 CFA Seviye 1 Paketi"},"content":{"rendered":"<p>Sat\u0131l\u0131k 2025 CFA Seviye 1 Paketi.<\/p>\n\n\n\n<p>Paketin i\u00e7inde:<\/p>\n\n\n\n<ul class=\"wp-block-list\">\n<li><strong>CFA Seviye 1 2025 Schweser \u00d6n Ko\u015ful Program\u0131 (Notlar + Qbank + Video)<\/strong><\/li>\n\n\n\n<li><strong>CFA Seviye 1 2025 Schweser Notlar\u0131, Form\u00fcl Sayfas\u0131<\/strong><\/li>\n\n\n\n<li><strong>2025 CFA Program\u0131 M\u00fcfredat\u0131 Seviye 1 Kutu Seti<\/strong><\/li>\n\n\n\n<li><strong>CFA Seviye 1 2025 IFT \u00c7al\u0131\u015fma Notlar\u0131<\/strong><\/li>\n\n\n\n<li><strong>CFA 2025 Schweser Gizli Sos Seviye 1<\/strong><\/li>\n<\/ul>\n\n\n\n<p>Bu fiziksel bir kitap de\u011fil, dijital bir materyaldir. Fiziksel bir bas\u0131l\u0131 kopya istiyorsan\u0131z l\u00fctfen sat\u0131n almay\u0131n. \u00d6deme yapt\u0131ktan sonra an\u0131nda indirebilirsiniz.<\/p>","protected":false},"excerpt":{"rendered":"<p>For sale is the 2025 CFA Level 1 Bundle. In the package, include: This is not a physical book it is a&nbsp;digital materials. Please do not purchase if you want a physical hard copy. After checkout you can download instantly.<\/p>","protected":false},"featured_media":13701,"comment_status":"closed","ping_status":"closed","template":"","meta":[],"product_brand":[],"product_cat":[260,273],"product_tag":[261,93,88,90,268,87,91,92,274,161,168],"class_list":{"0":"post-14296","1":"product","2":"type-product","3":"status-publish","4":"has-post-thumbnail","6":"product_cat-cfa-level-1","7":"product_cat-cfa-bundles","8":"product_tag-cfa-2025","9":"product_tag-cfa-books","10":"product_tag-cfa-ebooks","11":"product_tag-cfa-exam","12":"product_tag-cfa-level-1-2025","13":"product_tag-cfa-level-i","14":"product_tag-cfa-prep","15":"product_tag-cfa-test","16":"product_tag-program-curriculum","17":"product_tag-question-bank","18":"product_tag-study-notes","20":"first","21":"instock","22":"downloadable","23":"virtual","24":"sold-individually","25":"purchasable","26":"product-type-simple"},"_links":{"self":[{"href":"https:\/\/www.cfaebooks.com\/tr\/wp-json\/wp\/v2\/product\/14296","targetHints":{"allow":["GET"]}}],"collection":[{"href":"https:\/\/www.cfaebooks.com\/tr\/wp-json\/wp\/v2\/product"}],"about":[{"href":"https:\/\/www.cfaebooks.com\/tr\/wp-json\/wp\/v2\/types\/product"}],"replies":[{"embeddable":true,"href":"https:\/\/www.cfaebooks.com\/tr\/wp-json\/wp\/v2\/comments?post=14296"}],"wp:featuredmedia":[{"embeddable":true,"href":"https:\/\/www.cfaebooks.com\/tr\/wp-json\/wp\/v2\/media\/13701"}],"wp:attachment":[{"href":"https:\/\/www.cfaebooks.com\/tr\/wp-json\/wp\/v2\/media?parent=14296"}],"wp:term":[{"taxonomy":"product_brand","embeddable":true,"href":"https:\/\/www.cfaebooks.com\/tr\/wp-json\/wp\/v2\/product_brand?post=14296"},{"taxonomy":"product_cat","embeddable":true,"href":"https:\/\/www.cfaebooks.com\/tr\/wp-json\/wp\/v2\/product_cat?post=14296"},{"taxonomy":"product_tag","embeddable":true,"href":"https:\/\/www.cfaebooks.com\/tr\/wp-json\/wp\/v2\/product_tag?post=14296"}],"curies":[{"name":"wp","href":"https:\/\/api.w.org\/{rel}","templated":true}]}}