{"id":14215,"date":"2025-10-09T09:01:49","date_gmt":"2025-10-09T09:01:49","guid":{"rendered":"https:\/\/www.cfaebooks.com\/?post_type=product&#038;p=14215"},"modified":"2026-04-03T08:06:34","modified_gmt":"2026-04-03T08:06:34","slug":"2026-cfa-level-3-ift-mock-exam-private-markets-pathway","status":"publish","type":"product","link":"https:\/\/www.cfaebooks.com\/tr\/products\/2026-cfa-level-3-ift-mock-exam-private-markets-pathway\/","title":{"rendered":"2026 CFA Seviye 3 IFT Deneme S\u0131nav\u0131: \u00d6zel Piyasalar Yolu"},"content":{"rendered":"<p>Sat\u0131l\u0131k bir e-Kitap 2026 CFA Seviye 3 IFT Deneme S\u0131navlar\u0131 \u00d6zel Piyasalar Yolu PDF.<\/p>\n\n\n\n<ul class=\"wp-block-list\">\n<li>2 seans dahil, <strong>4 tam deneme s\u0131nav\u0131<\/strong>.<\/li>\n\n\n\n<li>Bu denemeler, CFA Seviye 3 \u00d6zel Piyasalar Yolu i\u00e7in zorluk derecesine g\u00f6re tasarlanm\u0131\u015ft\u0131r.<\/li>\n\n\n\n<li>Sorular ve cevaplar i\u00e7in ayr\u0131 bir dosya i\u00e7erir, b\u00f6ylece sorular\u0131 yapabilir ve cevaplar\u0131n\u0131z\u0131 kar\u015f\u0131la\u015ft\u0131rabilirsiniz<\/li>\n\n\n\n<li>Metin, bilgisayar klavyenizdeki 'ctrl+f' bulma \u00f6zelli\u011fi kullan\u0131larak ve ak\u0131ll\u0131 telefonunuzda\/tabletinizde arama yap\u0131larak aranabilir<\/li>\n\n\n\n<li>Bu fiziksel bir kitap de\u011fil, PDF dijital kopyas\u0131d\u0131r. Fiziksel bir bas\u0131l\u0131 kopya istiyorsan\u0131z l\u00fctfen sat\u0131n almay\u0131n.<\/li>\n\n\n\n<li>\u00d6deme yapt\u0131ktan sonra e-Kitab\u0131 an\u0131nda indirebilirsiniz.<\/li>\n<\/ul>","protected":false},"excerpt":{"rendered":"<p>Sat\u0131l\u0131k bir e-Kitap 2026 CFA Seviye 3 IFT Deneme S\u0131navlar\u0131 \u00d6zel Piyasalar Yolu PDF.<\/p>","protected":false},"featured_media":14216,"comment_status":"closed","ping_status":"closed","template":"","meta":[],"product_brand":[],"product_cat":[265],"product_tag":[369,93,88,90,180,371,361,311,91,92,167,381],"class_list":{"0":"post-14215","1":"product","2":"type-product","3":"status-publish","4":"has-post-thumbnail","6":"product_cat-cfa-level-3","7":"product_tag-cfa-2026","8":"product_tag-cfa-books","9":"product_tag-cfa-ebooks","10":"product_tag-cfa-exam","11":"product_tag-cfa-level-3","12":"product_tag-cfa-level-3-2026","13":"product_tag-cfa-mock-exams","14":"product_tag-cfa-mocks","15":"product_tag-cfa-prep","16":"product_tag-cfa-test","17":"product_tag-ift","18":"product_tag-ift-2026","20":"first","21":"instock","22":"downloadable","23":"virtual","24":"sold-individually","25":"purchasable","26":"product-type-simple"},"_links":{"self":[{"href":"https:\/\/www.cfaebooks.com\/tr\/wp-json\/wp\/v2\/product\/14215","targetHints":{"allow":["GET"]}}],"collection":[{"href":"https:\/\/www.cfaebooks.com\/tr\/wp-json\/wp\/v2\/product"}],"about":[{"href":"https:\/\/www.cfaebooks.com\/tr\/wp-json\/wp\/v2\/types\/product"}],"replies":[{"embeddable":true,"href":"https:\/\/www.cfaebooks.com\/tr\/wp-json\/wp\/v2\/comments?post=14215"}],"wp:featuredmedia":[{"embeddable":true,"href":"https:\/\/www.cfaebooks.com\/tr\/wp-json\/wp\/v2\/media\/14216"}],"wp:attachment":[{"href":"https:\/\/www.cfaebooks.com\/tr\/wp-json\/wp\/v2\/media?parent=14215"}],"wp:term":[{"taxonomy":"product_brand","embeddable":true,"href":"https:\/\/www.cfaebooks.com\/tr\/wp-json\/wp\/v2\/product_brand?post=14215"},{"taxonomy":"product_cat","embeddable":true,"href":"https:\/\/www.cfaebooks.com\/tr\/wp-json\/wp\/v2\/product_cat?post=14215"},{"taxonomy":"product_tag","embeddable":true,"href":"https:\/\/www.cfaebooks.com\/tr\/wp-json\/wp\/v2\/product_tag?post=14215"}],"curies":[{"name":"wp","href":"https:\/\/api.w.org\/{rel}","templated":true}]}}