{"id":14132,"date":"2025-10-05T00:57:45","date_gmt":"2025-10-05T00:57:45","guid":{"rendered":"https:\/\/www.cfaebooks.com\/?post_type=product&#038;p=14132"},"modified":"2026-04-03T08:06:28","modified_gmt":"2026-04-03T08:06:28","slug":"cfa-2026-level-1-schweser-notes-with-quicksheet","status":"publish","type":"product","link":"https:\/\/www.cfaebooks.com\/tr\/products\/cfa-2026-level-1-schweser-notes-with-quicksheet\/","title":{"rendered":"Quicksheet ile CFA 2026 Seviye 1 Schweser Notlar\u0131"},"content":{"rendered":"<p>Sat\u0131l\u0131k bir e-Kitap 2026 CFA Schweser Notlar\u0131 Seviye 1 Quicksheet PDF ile.<\/p>\n\n\n\n<ul class=\"wp-block-list\">\n<li>4 kitaptan olu\u015fan set i\u00e7erir:\n<ul class=\"wp-block-list\">\n<li>Kitap 1: Kantitatif Y\u00f6ntemler, Ekonomi ve Kurumsal \u0130hra\u00e7\u00e7\u0131lar<\/li>\n\n\n\n<li>Kitap 2: Mali Tablolar Analizi ve Hisse Senedi Yat\u0131r\u0131mlar\u0131<\/li>\n\n\n\n<li>Kitap 3: Sabit Gelir ve T\u00fcrevler<\/li>\n\n\n\n<li>Kitap 4: Alternatif Yat\u0131r\u0131mlar, Portf\u00f6y Y\u00f6netimi ve Etik ve Mesleki Standartlar<\/li>\n<\/ul>\n<\/li>\n\n\n\n<li>Quicksheet toplam 6 sayfad\u0131r<\/li>\n\n\n\n<li>Metin, bilgisayar klavyenizdeki 'ctrl+f' bulma \u00f6zelli\u011fi kullan\u0131larak ve ak\u0131ll\u0131 telefonunuzda\/tabletinizde arama yap\u0131larak aranabilir<\/li>\n\n\n\n<li>Bunlar fiziksel kitaplar de\u011fil, e-Kitaplar.<\/li>\n\n\n\n<li>Pakette pdf, epub ve web s\u00fcr\u00fcm\u00fc bulunmaktad\u0131r.<\/li>\n\n\n\n<li>\u00d6deme yapt\u0131ktan sonra e-Kitab\u0131 an\u0131nda indirebilirsiniz.<\/li>\n<\/ul>","protected":false},"excerpt":{"rendered":"<p>Sat\u0131l\u0131k bir e-Kitap 2026 CFA Schweser Notlar\u0131 Seviye 1 Quicksheet PDF ile.<\/p>","protected":false},"featured_media":14134,"comment_status":"closed","ping_status":"closed","template":"","meta":[],"product_brand":[],"product_cat":[260],"product_tag":[369,93,88,90,370,87,91,363,92,158,179],"class_list":{"0":"post-14132","1":"product","2":"type-product","3":"status-publish","4":"has-post-thumbnail","6":"product_cat-cfa-level-1","7":"product_tag-cfa-2026","8":"product_tag-cfa-books","9":"product_tag-cfa-ebooks","10":"product_tag-cfa-exam","11":"product_tag-cfa-level-1-2026","12":"product_tag-cfa-level-i","13":"product_tag-cfa-prep","14":"product_tag-cfa-study-notes","15":"product_tag-cfa-test","16":"product_tag-kaplan-schweser","17":"product_tag-schweser-notes","19":"first","20":"instock","21":"downloadable","22":"virtual","23":"sold-individually","24":"purchasable","25":"product-type-simple"},"_links":{"self":[{"href":"https:\/\/www.cfaebooks.com\/tr\/wp-json\/wp\/v2\/product\/14132","targetHints":{"allow":["GET"]}}],"collection":[{"href":"https:\/\/www.cfaebooks.com\/tr\/wp-json\/wp\/v2\/product"}],"about":[{"href":"https:\/\/www.cfaebooks.com\/tr\/wp-json\/wp\/v2\/types\/product"}],"replies":[{"embeddable":true,"href":"https:\/\/www.cfaebooks.com\/tr\/wp-json\/wp\/v2\/comments?post=14132"}],"wp:featuredmedia":[{"embeddable":true,"href":"https:\/\/www.cfaebooks.com\/tr\/wp-json\/wp\/v2\/media\/14134"}],"wp:attachment":[{"href":"https:\/\/www.cfaebooks.com\/tr\/wp-json\/wp\/v2\/media?parent=14132"}],"wp:term":[{"taxonomy":"product_brand","embeddable":true,"href":"https:\/\/www.cfaebooks.com\/tr\/wp-json\/wp\/v2\/product_brand?post=14132"},{"taxonomy":"product_cat","embeddable":true,"href":"https:\/\/www.cfaebooks.com\/tr\/wp-json\/wp\/v2\/product_cat?post=14132"},{"taxonomy":"product_tag","embeddable":true,"href":"https:\/\/www.cfaebooks.com\/tr\/wp-json\/wp\/v2\/product_tag?post=14132"}],"curies":[{"name":"wp","href":"https:\/\/api.w.org\/{rel}","templated":true}]}}