{"id":14040,"date":"2025-10-04T01:08:10","date_gmt":"2025-10-04T01:08:10","guid":{"rendered":"https:\/\/www.cfaebooks.com\/?post_type=product&#038;p=14040"},"modified":"2026-04-03T08:06:03","modified_gmt":"2026-04-03T08:06:03","slug":"cfa-2026-level-1-salt-solutions-question-bank-and-mock-exams","status":"publish","type":"product","link":"https:\/\/www.cfaebooks.com\/tr\/products\/cfa-2026-level-1-salt-solutions-question-bank-and-mock-exams\/","title":{"rendered":"CFA 2026 Seviye 1 Salt \u00c7\u00f6z\u00fcml\u00fc Soru Bankas\u0131 ve Deneme S\u0131navlar\u0131"},"content":{"rendered":"<p>Sat\u0131l\u0131k bir e-Kitap 2026 CFA Seviye 1 Salt \u00c7\u00f6z\u00fcmler Soru Bankas\u0131 ve Deneme S\u0131navlar\u0131 PDF.<\/p>\n\n\n\n<ul class=\"wp-block-list\">\n<li>1000'den fazla soruyu cevaplar\u0131yla birlikte i\u00e7erir<\/li>\n\n\n\n<li>Her biri 2 oturumdan olu\u015fan 3 deneme s\u0131nav\u0131 dahil.<\/li>\n\n\n\n<li>10 konu ba\u015fl\u0131\u011f\u0131 ele al\u0131nd\u0131:&nbsp;\n<ul class=\"wp-block-list\">\n<li><em><strong>Nicel Y\u00f6ntemler<\/strong><\/em><\/li>\n\n\n\n<li><em><strong>Ekonomi<\/strong><\/em><\/li>\n\n\n\n<li><em><strong>Kurumsal \u0130hra\u00e7\u00e7\u0131lar<\/strong><\/em><\/li>\n\n\n\n<li><em><strong>Mali Tablolar Analizi<\/strong><\/em><\/li>\n\n\n\n<li><em><strong>Hisse Senetleri<\/strong><\/em><\/li>\n\n\n\n<li><em><strong>Sabit Gelir<\/strong><\/em><\/li>\n\n\n\n<li><em><strong>T\u00fcrevler<\/strong><\/em><\/li>\n\n\n\n<li><em><strong>Alternatif Yat\u0131r\u0131mlar<\/strong><\/em><\/li>\n\n\n\n<li><em><strong>Portf\u00f6y Y\u00f6netimi<\/strong><\/em><\/li>\n\n\n\n<li><em><strong>Etik.<\/strong><\/em><\/li>\n<\/ul>\n<\/li>\n\n\n\n<li>Sorular ve cevaplar i\u00e7in ayr\u0131 bir dosya i\u00e7erir, b\u00f6ylece sorular\u0131 yapabilir ve cevaplar\u0131n\u0131z\u0131 kar\u015f\u0131la\u015ft\u0131rabilirsiniz<\/li>\n\n\n\n<li>Metin, bilgisayar klavyenizdeki 'ctrl+f' bulma \u00f6zelli\u011fi kullan\u0131larak ve ak\u0131ll\u0131 telefonunuzda\/tabletinizde arama yap\u0131larak aranabilir<\/li>\n\n\n\n<li>Bu fiziksel bir kitap de\u011fil, PDF dijital kopyas\u0131d\u0131r. Fiziksel bir bas\u0131l\u0131 kopya istiyorsan\u0131z l\u00fctfen sat\u0131n almay\u0131n.<\/li>\n\n\n\n<li>\u00d6deme yapt\u0131ktan sonra e-Kitab\u0131 an\u0131nda indirebilirsiniz.<\/li>\n<\/ul>","protected":false},"excerpt":{"rendered":"<p>Sat\u0131l\u0131k bir e-Kitap 2026 CFA Seviye 1 Salt \u00c7\u00f6z\u00fcmler Soru Bankas\u0131 ve Deneme S\u0131navlar\u0131 PDF.<\/p>","protected":false},"featured_media":14042,"comment_status":"closed","ping_status":"closed","template":"","meta":[],"product_brand":[],"product_cat":[260],"product_tag":[369,93,88,90,370,87,361,311,91,166,92,176,162,377],"class_list":{"0":"post-14040","1":"product","2":"type-product","3":"status-publish","4":"has-post-thumbnail","6":"product_cat-cfa-level-1","7":"product_tag-cfa-2026","8":"product_tag-cfa-books","9":"product_tag-cfa-ebooks","10":"product_tag-cfa-exam","11":"product_tag-cfa-level-1-2026","12":"product_tag-cfa-level-i","13":"product_tag-cfa-mock-exams","14":"product_tag-cfa-mocks","15":"product_tag-cfa-prep","16":"product_tag-cfa-question-bank","17":"product_tag-cfa-test","18":"product_tag-mock-exam","19":"product_tag-qbank","20":"product_tag-salt-solutions","22":"first","23":"instock","24":"downloadable","25":"virtual","26":"sold-individually","27":"purchasable","28":"product-type-simple"},"_links":{"self":[{"href":"https:\/\/www.cfaebooks.com\/tr\/wp-json\/wp\/v2\/product\/14040","targetHints":{"allow":["GET"]}}],"collection":[{"href":"https:\/\/www.cfaebooks.com\/tr\/wp-json\/wp\/v2\/product"}],"about":[{"href":"https:\/\/www.cfaebooks.com\/tr\/wp-json\/wp\/v2\/types\/product"}],"replies":[{"embeddable":true,"href":"https:\/\/www.cfaebooks.com\/tr\/wp-json\/wp\/v2\/comments?post=14040"}],"wp:featuredmedia":[{"embeddable":true,"href":"https:\/\/www.cfaebooks.com\/tr\/wp-json\/wp\/v2\/media\/14042"}],"wp:attachment":[{"href":"https:\/\/www.cfaebooks.com\/tr\/wp-json\/wp\/v2\/media?parent=14040"}],"wp:term":[{"taxonomy":"product_brand","embeddable":true,"href":"https:\/\/www.cfaebooks.com\/tr\/wp-json\/wp\/v2\/product_brand?post=14040"},{"taxonomy":"product_cat","embeddable":true,"href":"https:\/\/www.cfaebooks.com\/tr\/wp-json\/wp\/v2\/product_cat?post=14040"},{"taxonomy":"product_tag","embeddable":true,"href":"https:\/\/www.cfaebooks.com\/tr\/wp-json\/wp\/v2\/product_tag?post=14040"}],"curies":[{"name":"wp","href":"https:\/\/api.w.org\/{rel}","templated":true}]}}