{"id":13842,"date":"2025-09-30T07:41:41","date_gmt":"2025-09-30T07:41:41","guid":{"rendered":"https:\/\/www.cfaebooks.com\/?post_type=product&#038;p=13842"},"modified":"2026-04-03T08:05:55","modified_gmt":"2026-04-03T08:05:55","slug":"cfa-level-1-2026-salt-solutions-videos-and-notes","status":"publish","type":"product","link":"https:\/\/www.cfaebooks.com\/tr\/products\/cfa-level-1-2026-salt-solutions-videos-and-notes\/","title":{"rendered":"CFA Seviye 1 2026 Tuz \u00c7\u00f6z\u00fcmleri Videolar\u0131 ve Notlar\u0131"},"content":{"rendered":"<p>Sat\u0131l\u0131k 2026 CFA Seviye 1 Tuz \u00c7\u00f6z\u00fcmleri Videolar\u0131 ve Notlar\u0131.<\/p>\n\n\n\n<p>A\u015fa\u011f\u0131daki 10 konuyu i\u00e7erir:&nbsp;<\/p>\n\n\n\n<ol class=\"wp-block-list\">\n<li><em><strong>Nicel Y\u00f6ntemler<\/strong><\/em><\/li>\n\n\n\n<li><em><strong>Ekonomi<\/strong><\/em><\/li>\n\n\n\n<li><em><strong>Kurumsal \u0130hra\u00e7\u00e7\u0131lar<\/strong><\/em><\/li>\n\n\n\n<li><em><strong>Mali Tablolar Analizi<\/strong><\/em><\/li>\n\n\n\n<li><em><strong>Hisse Senetleri<\/strong><\/em><\/li>\n\n\n\n<li><em><strong>Sabit Gelir<\/strong><\/em><\/li>\n\n\n\n<li><em><strong>T\u00fcrevler<\/strong><\/em><\/li>\n\n\n\n<li><em><strong>Alternatif Yat\u0131r\u0131mlar<\/strong><\/em><\/li>\n\n\n\n<li><em><strong>Portf\u00f6y Y\u00f6netimi<\/strong><\/em><\/li>\n\n\n\n<li><em><strong>Etik.<\/strong><\/em><\/li>\n<\/ol>\n\n\n\n<ul class=\"wp-block-list\">\n<li><strong>Her konu i\u00e7in notlar dahil<\/strong><\/li>\n\n\n\n<li>Metin, bilgisayar klavyenizdeki 'ctrl+f' bulma \u00f6zelli\u011fi kullan\u0131larak ve ak\u0131ll\u0131 telefonunuzda\/tabletinizde arama yap\u0131larak aranabilir<\/li>\n\n\n\n<li>\u00d6deme yapt\u0131ktan sonra an\u0131nda indirebilirsiniz.<\/li>\n<\/ul>\n\n\n\n<p><\/p>","protected":false},"excerpt":{"rendered":"<p>For sale is the 2026 CFA Level 1 Salt Solutions Videos and Notes. Includes the following 10 topics:&nbsp;<\/p>","protected":false},"featured_media":13843,"comment_status":"closed","ping_status":"closed","template":"","meta":[],"product_brand":[],"product_cat":[260],"product_tag":[369,93,88,90,370,87,91,92,302,377,271],"class_list":{"0":"post-13842","1":"product","2":"type-product","3":"status-publish","4":"has-post-thumbnail","6":"product_cat-cfa-level-1","7":"product_tag-cfa-2026","8":"product_tag-cfa-books","9":"product_tag-cfa-ebooks","10":"product_tag-cfa-exam","11":"product_tag-cfa-level-1-2026","12":"product_tag-cfa-level-i","13":"product_tag-cfa-prep","14":"product_tag-cfa-test","15":"product_tag-cfa-video-lectures","16":"product_tag-salt-solutions","17":"product_tag-video-lectures","19":"first","20":"instock","21":"downloadable","22":"virtual","23":"sold-individually","24":"purchasable","25":"product-type-simple"},"_links":{"self":[{"href":"https:\/\/www.cfaebooks.com\/tr\/wp-json\/wp\/v2\/product\/13842","targetHints":{"allow":["GET"]}}],"collection":[{"href":"https:\/\/www.cfaebooks.com\/tr\/wp-json\/wp\/v2\/product"}],"about":[{"href":"https:\/\/www.cfaebooks.com\/tr\/wp-json\/wp\/v2\/types\/product"}],"replies":[{"embeddable":true,"href":"https:\/\/www.cfaebooks.com\/tr\/wp-json\/wp\/v2\/comments?post=13842"}],"wp:featuredmedia":[{"embeddable":true,"href":"https:\/\/www.cfaebooks.com\/tr\/wp-json\/wp\/v2\/media\/13843"}],"wp:attachment":[{"href":"https:\/\/www.cfaebooks.com\/tr\/wp-json\/wp\/v2\/media?parent=13842"}],"wp:term":[{"taxonomy":"product_brand","embeddable":true,"href":"https:\/\/www.cfaebooks.com\/tr\/wp-json\/wp\/v2\/product_brand?post=13842"},{"taxonomy":"product_cat","embeddable":true,"href":"https:\/\/www.cfaebooks.com\/tr\/wp-json\/wp\/v2\/product_cat?post=13842"},{"taxonomy":"product_tag","embeddable":true,"href":"https:\/\/www.cfaebooks.com\/tr\/wp-json\/wp\/v2\/product_tag?post=13842"}],"curies":[{"name":"wp","href":"https:\/\/api.w.org\/{rel}","templated":true}]}}