{"id":13588,"date":"2025-10-05T00:28:05","date_gmt":"2025-10-05T00:28:05","guid":{"rendered":"https:\/\/www.cfaebooks.com\/?post_type=product&#038;p=13588"},"modified":"2026-04-03T08:05:47","modified_gmt":"2026-04-03T08:05:47","slug":"cfa-2026-level-1-schweser-question-bank-model-quizzes-topic-quiz-and-checkpoint-exams","status":"publish","type":"product","link":"https:\/\/www.cfaebooks.com\/tr\/products\/cfa-2026-level-1-schweser-question-bank-model-quizzes-topic-quiz-and-checkpoint-exams\/","title":{"rendered":"CFA 2026 Seviye 1 Schweser Soru Bankas\u0131, Model Testler, Konu Testleri ve Kontrol Noktas\u0131 S\u0131navlar\u0131"},"content":{"rendered":"<p>For sale is an e-Book CFA 2026 Level 1 Schweser Question Bank, Model Quizzes, Topic Quiz and Checkpoint Exams.<\/p>\n\n\n\n<p>The package includes\u00a0<strong>QBank, Model Quizzes, Topic Quiz and Checkpoint Exams<\/strong>.<\/p>\n\n\n\n<ul class=\"wp-block-list\">\n<li>1000'den fazla soruyu cevaplar\u0131yla birlikte i\u00e7erir<\/li>\n\n\n\n<li>Ele al\u0131nan konu:\n<ol class=\"wp-block-list\">\n<li>Nicel Y\u00f6ntemler<\/li>\n\n\n\n<li>Ekonomi<\/li>\n\n\n\n<li>Kurumsal \u0130hra\u00e7\u00e7\u0131lar<\/li>\n\n\n\n<li>Mali Tablo Analizi<\/li>\n\n\n\n<li>\u00d6zkaynak Yat\u0131r\u0131mlar\u0131<\/li>\n\n\n\n<li>Sabit Gelir<\/li>\n\n\n\n<li>T\u00fcrevler<\/li>\n\n\n\n<li>Alternatif Yat\u0131r\u0131mlar <\/li>\n\n\n\n<li>Portf\u00f6y Y\u00f6netimi<\/li>\n\n\n\n<li>Etik ve Mesleki Standartlar<\/li>\n<\/ol>\n<\/li>\n\n\n\n<li>Sorular ve cevaplar i\u00e7in ayr\u0131 bir dosya i\u00e7erir, b\u00f6ylece sorular\u0131 yapabilir ve cevaplar\u0131n\u0131z\u0131 kar\u015f\u0131la\u015ft\u0131rabilirsiniz <\/li>\n\n\n\n<li>Metin, bilgisayar klavyenizdeki 'ctrl+f' bulma \u00f6zelli\u011fi kullan\u0131larak ve ak\u0131ll\u0131 telefonunuzda\/tabletinizde arama yap\u0131larak aranabilir<\/li>\n\n\n\n<li>Bu fiziksel bir kitap de\u011fil, PDF dijital kopyas\u0131d\u0131r. Fiziksel bir bas\u0131l\u0131 kopya istiyorsan\u0131z l\u00fctfen sat\u0131n almay\u0131n.<\/li>\n\n\n\n<li>\u00d6deme yapt\u0131ktan sonra e-Kitab\u0131 an\u0131nda indirebilirsiniz.<\/li>\n<\/ul>\n\n\n\n<p><\/p>","protected":false},"excerpt":{"rendered":"<p>For sale is an e-Book CFA 2026 Level 1 Schweser Question Bank, Model Quizzes, Topic Quiz and Checkpoint Exams. The package includes\u00a0QBank, Model Quizzes, Topic Quiz and Checkpoint Exams.<\/p>","protected":false},"featured_media":15440,"comment_status":"closed","ping_status":"closed","template":"","meta":[],"product_brand":[],"product_cat":[260],"product_tag":[369,93,88,90,370,87,91,92,162,161,163],"class_list":{"0":"post-13588","1":"product","2":"type-product","3":"status-publish","4":"has-post-thumbnail","6":"product_cat-cfa-level-1","7":"product_tag-cfa-2026","8":"product_tag-cfa-books","9":"product_tag-cfa-ebooks","10":"product_tag-cfa-exam","11":"product_tag-cfa-level-1-2026","12":"product_tag-cfa-level-i","13":"product_tag-cfa-prep","14":"product_tag-cfa-test","15":"product_tag-qbank","16":"product_tag-question-bank","17":"product_tag-schweser-qbank","19":"first","20":"instock","21":"downloadable","22":"virtual","23":"sold-individually","24":"purchasable","25":"product-type-simple"},"_links":{"self":[{"href":"https:\/\/www.cfaebooks.com\/tr\/wp-json\/wp\/v2\/product\/13588","targetHints":{"allow":["GET"]}}],"collection":[{"href":"https:\/\/www.cfaebooks.com\/tr\/wp-json\/wp\/v2\/product"}],"about":[{"href":"https:\/\/www.cfaebooks.com\/tr\/wp-json\/wp\/v2\/types\/product"}],"replies":[{"embeddable":true,"href":"https:\/\/www.cfaebooks.com\/tr\/wp-json\/wp\/v2\/comments?post=13588"}],"wp:featuredmedia":[{"embeddable":true,"href":"https:\/\/www.cfaebooks.com\/tr\/wp-json\/wp\/v2\/media\/15440"}],"wp:attachment":[{"href":"https:\/\/www.cfaebooks.com\/tr\/wp-json\/wp\/v2\/media?parent=13588"}],"wp:term":[{"taxonomy":"product_brand","embeddable":true,"href":"https:\/\/www.cfaebooks.com\/tr\/wp-json\/wp\/v2\/product_brand?post=13588"},{"taxonomy":"product_cat","embeddable":true,"href":"https:\/\/www.cfaebooks.com\/tr\/wp-json\/wp\/v2\/product_cat?post=13588"},{"taxonomy":"product_tag","embeddable":true,"href":"https:\/\/www.cfaebooks.com\/tr\/wp-json\/wp\/v2\/product_tag?post=13588"}],"curies":[{"name":"wp","href":"https:\/\/api.w.org\/{rel}","templated":true}]}}