{"id":13573,"date":"2025-01-30T08:44:00","date_gmt":"2025-01-30T08:44:00","guid":{"rendered":"https:\/\/www.cfaebooks.com\/?post_type=product&#038;p=13573"},"modified":"2026-04-03T08:05:43","modified_gmt":"2026-04-03T08:05:43","slug":"cfa-2025-sevi%cc%87ye-1-alistirma-paketi%cc%87-sorulari-ve-cevaplari","status":"publish","type":"product","link":"https:\/\/www.cfaebooks.com\/tr\/products\/cfa-2025-sevi%cc%87ye-1-alistirma-paketi%cc%87-sorulari-ve-cevaplari\/","title":{"rendered":"CFA 2025 Seviye 1 Uygulama Paketi Sorular\u0131 ve Cevaplar\u0131"},"content":{"rendered":"<p>Y\u00fcksek kaliteli al\u0131\u015ft\u0131rma sorular\u0131 ile s\u0131nav haz\u0131rl\u0131\u011f\u0131n\u0131z\u0131 geli\u015ftirmek i\u00e7in tasarlanm\u0131\u015f kapsaml\u0131 bir dijital \u00e7al\u0131\u015fma kayna\u011f\u0131 olan 2025 CFA Seviye 1 Al\u0131\u015ft\u0131rma Paketi Sorular\u0131 ve Cevaplar\u0131 sat\u0131\u015fa sunulmu\u015ftur.<\/p>\n\n\n\n<p>A\u015fa\u011f\u0131daki konular\u0131 i\u00e7erir:<\/p>\n\n\n\n<ul class=\"wp-block-list\">\n<li>Nicel Y\u00f6ntemler<\/li>\n\n\n\n<li>Ekonomi<\/li>\n\n\n\n<li>Kurumsal \u0130hra\u00e7\u00e7\u0131lar<\/li>\n\n\n\n<li>Mali Tablo Analizi<\/li>\n\n\n\n<li>\u00d6zkaynak Yat\u0131r\u0131mlar\u0131<\/li>\n\n\n\n<li>Sabit Gelir<\/li>\n\n\n\n<li>T\u00fcrevler<\/li>\n\n\n\n<li>Alternatif Yat\u0131r\u0131mlar<\/li>\n\n\n\n<li>Portf\u00f6y Y\u00f6netimi<\/li>\n\n\n\n<li>Etik ve Mesleki Standartlar<\/li>\n<\/ul>\n\n\n\n<p>Bu fiziksel bir kitap de\u011fil, dijital bir materyaldir. Fiziksel bir bas\u0131l\u0131 kopya istiyorsan\u0131z l\u00fctfen sat\u0131n almay\u0131n. \u00d6deme yapt\u0131ktan sonra materyali hemen indirebilirsiniz.<\/p>","protected":false},"excerpt":{"rendered":"<p>For sale is the 2025 CFA Level 1 Practice Pack Questions and Answers, a comprehensive digital study resource designed to enhance your exam preparation with high-quality practice questions. Includes the following topics: This is not a physical book it is a\u00a0digital material. Please do not purchase if you want a physical hard copy. After checkout [&hellip;]<\/p>\n","protected":false},"featured_media":13577,"comment_status":"closed","ping_status":"closed","template":"","meta":[],"product_brand":[],"product_cat":[260],"product_tag":[261,93,88,90,174,87,91,92,176],"class_list":{"0":"post-13573","1":"product","2":"type-product","3":"status-publish","4":"has-post-thumbnail","6":"product_cat-cfa-level-1","7":"product_tag-cfa-2025","8":"product_tag-cfa-books","9":"product_tag-cfa-ebooks","10":"product_tag-cfa-exam","11":"product_tag-cfa-institute","12":"product_tag-cfa-level-i","13":"product_tag-cfa-prep","14":"product_tag-cfa-test","15":"product_tag-mock-exam","17":"first","18":"instock","19":"downloadable","20":"virtual","21":"sold-individually","22":"purchasable","23":"product-type-simple"},"_links":{"self":[{"href":"https:\/\/www.cfaebooks.com\/tr\/wp-json\/wp\/v2\/product\/13573","targetHints":{"allow":["GET"]}}],"collection":[{"href":"https:\/\/www.cfaebooks.com\/tr\/wp-json\/wp\/v2\/product"}],"about":[{"href":"https:\/\/www.cfaebooks.com\/tr\/wp-json\/wp\/v2\/types\/product"}],"replies":[{"embeddable":true,"href":"https:\/\/www.cfaebooks.com\/tr\/wp-json\/wp\/v2\/comments?post=13573"}],"wp:featuredmedia":[{"embeddable":true,"href":"https:\/\/www.cfaebooks.com\/tr\/wp-json\/wp\/v2\/media\/13577"}],"wp:attachment":[{"href":"https:\/\/www.cfaebooks.com\/tr\/wp-json\/wp\/v2\/media?parent=13573"}],"wp:term":[{"taxonomy":"product_brand","embeddable":true,"href":"https:\/\/www.cfaebooks.com\/tr\/wp-json\/wp\/v2\/product_brand?post=13573"},{"taxonomy":"product_cat","embeddable":true,"href":"https:\/\/www.cfaebooks.com\/tr\/wp-json\/wp\/v2\/product_cat?post=13573"},{"taxonomy":"product_tag","embeddable":true,"href":"https:\/\/www.cfaebooks.com\/tr\/wp-json\/wp\/v2\/product_tag?post=13573"}],"curies":[{"name":"wp","href":"https:\/\/api.w.org\/{rel}","templated":true}]}}