{"id":13420,"date":"2025-08-14T04:53:57","date_gmt":"2025-08-14T04:53:57","guid":{"rendered":"https:\/\/www.cfaebooks.com\/?post_type=product&#038;p=13420"},"modified":"2026-04-03T08:05:35","modified_gmt":"2026-04-03T08:05:35","slug":"cfa-2026-ift-yuksek-geti%cc%87ri%cc%87li%cc%87-tahvi%cc%87ller-sevi%cc%87ye-3-ozel-servet-yolu","status":"publish","type":"product","link":"https:\/\/www.cfaebooks.com\/tr\/products\/cfa-2026-ift-yuksek-geti%cc%87ri%cc%87li%cc%87-tahvi%cc%87ller-sevi%cc%87ye-3-ozel-servet-yolu\/","title":{"rendered":"CFA 2026 IFT Y\u00fcksek Getirili Notlar Seviye 3 \u00d6zel Varl\u0131k Yolu"},"content":{"rendered":"<p>Sat\u0131l\u0131k bir e-Kitap CFA 2026 CFA Seviye 3 IFT Y\u00fcksek Getirili Notlar \u00d6zel Servet Yolu PDF.<\/p>\n\n\n\n<p>A\u015fa\u011f\u0131daki konular\u0131 i\u00e7erir:<\/p>\n\n\n\n<ul class=\"wp-block-list\">\n<li>Cilt 1 - Varl\u0131k Tahsisi<\/li>\n\n\n\n<li><em>Cilt 2 - Portf\u00f6y Olu\u015fturma<\/em><\/li>\n\n\n\n<li><em>Cilt 3 - Performans \u00d6l\u00e7\u00fcm\u00fc<\/em><\/li>\n\n\n\n<li><em>Cilt 4 - T\u00fcrev \u00dcr\u00fcnler ve Risk Y\u00f6netimi<\/em><\/li>\n\n\n\n<li><em>Cilt 5 - Etik ve Mesleki Standartlar<\/em><\/li>\n\n\n\n<li><strong>\u00d6zel Servet<\/strong> Yol<\/li>\n<\/ul>\n\n\n\n<p>Metin, bilgisayar klavyenizdeki 'ctrl f' bulma \u00f6zelli\u011fi kullan\u0131larak ve ak\u0131ll\u0131 telefonunuzda\/tabletinizde arama yap\u0131larak aranabilir.<\/p>\n\n\n\n<p>\u00d6deme yapt\u0131ktan sonra e-Kitab\u0131 hemen indirebilirsiniz. Bu fiziksel bir kitap de\u011fil, PDF dijital kopyas\u0131d\u0131r. Fiziksel bir bas\u0131l\u0131 kopya istiyorsan\u0131z l\u00fctfen sat\u0131n almay\u0131n<\/p>","protected":false},"excerpt":{"rendered":"<p>For sale is an e-Book CFA 2026 CFA Level 3 IFT High Yield Notes Private Wealth Pathway PDF. Includes the following topics: The text is searchable using the find feature on your computer keyboard &#8216;ctrl f&#8217; and through search on your smartphone\/tablet. After checkout you can download the e-Book immediately. This is not a physical [&hellip;]<\/p>\n","protected":false},"featured_media":13422,"comment_status":"closed","ping_status":"closed","template":"","meta":[],"product_brand":[],"product_cat":[265],"product_tag":[369,93,88,90,180,371,91,363,92,335,373,372],"class_list":{"0":"post-13420","1":"product","2":"type-product","3":"status-publish","4":"has-post-thumbnail","6":"product_cat-cfa-level-3","7":"product_tag-cfa-2026","8":"product_tag-cfa-books","9":"product_tag-cfa-ebooks","10":"product_tag-cfa-exam","11":"product_tag-cfa-level-3","12":"product_tag-cfa-level-3-2026","13":"product_tag-cfa-prep","14":"product_tag-cfa-study-notes","15":"product_tag-cfa-test","16":"product_tag-high-yield-notes","17":"product_tag-ift-high-yield","18":"product_tag-ift-study-notes","20":"first","21":"instock","22":"downloadable","23":"virtual","24":"sold-individually","25":"purchasable","26":"product-type-simple"},"_links":{"self":[{"href":"https:\/\/www.cfaebooks.com\/tr\/wp-json\/wp\/v2\/product\/13420","targetHints":{"allow":["GET"]}}],"collection":[{"href":"https:\/\/www.cfaebooks.com\/tr\/wp-json\/wp\/v2\/product"}],"about":[{"href":"https:\/\/www.cfaebooks.com\/tr\/wp-json\/wp\/v2\/types\/product"}],"replies":[{"embeddable":true,"href":"https:\/\/www.cfaebooks.com\/tr\/wp-json\/wp\/v2\/comments?post=13420"}],"wp:featuredmedia":[{"embeddable":true,"href":"https:\/\/www.cfaebooks.com\/tr\/wp-json\/wp\/v2\/media\/13422"}],"wp:attachment":[{"href":"https:\/\/www.cfaebooks.com\/tr\/wp-json\/wp\/v2\/media?parent=13420"}],"wp:term":[{"taxonomy":"product_brand","embeddable":true,"href":"https:\/\/www.cfaebooks.com\/tr\/wp-json\/wp\/v2\/product_brand?post=13420"},{"taxonomy":"product_cat","embeddable":true,"href":"https:\/\/www.cfaebooks.com\/tr\/wp-json\/wp\/v2\/product_cat?post=13420"},{"taxonomy":"product_tag","embeddable":true,"href":"https:\/\/www.cfaebooks.com\/tr\/wp-json\/wp\/v2\/product_tag?post=13420"}],"curies":[{"name":"wp","href":"https:\/\/api.w.org\/{rel}","templated":true}]}}