{"id":13376,"date":"2025-08-13T12:36:47","date_gmt":"2025-08-13T12:36:47","guid":{"rendered":"https:\/\/www.cfaebooks.com\/?post_type=product&#038;p=13376"},"modified":"2026-04-03T08:05:19","modified_gmt":"2026-04-03T08:05:19","slug":"cfa-2026-ift-calisma-notlari-formul-sayfasi-i%cc%87le-sevi%cc%87ye-3-portfoy-yoneti%cc%87mi%cc%87-yolu-2","status":"publish","type":"product","link":"https:\/\/www.cfaebooks.com\/tr\/products\/cfa-2026-ift-calisma-notlari-formul-sayfasi-i%cc%87le-sevi%cc%87ye-3-portfoy-yoneti%cc%87mi%cc%87-yolu-2\/","title":{"rendered":"CFA 2026 IFT \u00c7al\u0131\u015fma Notlar\u0131 Form\u00fcl Sayfas\u0131 ile Seviye 3 Portf\u00f6y Y\u00f6netimi Yolu"},"content":{"rendered":"<p>Sat\u0131l\u0131k bir e-Kitap 2026 CFA Seviye 3 IFT \u00c7al\u0131\u015fma Notlar\u0131 Form\u00fcl Sayfas\u0131 PDF ile Portf\u00f6y Y\u00f6netimi Yolu.<\/p>\n\n\n\n<p>A\u015fa\u011f\u0131daki konular\u0131 i\u00e7erir:<\/p>\n\n\n\n<ul class=\"wp-block-list\">\n<li>Cilt 1 - Varl\u0131k Tahsisi<\/li>\n\n\n\n<li><em>Cilt 2 - Portf\u00f6y Olu\u015fturma<\/em><\/li>\n\n\n\n<li><em>Cilt 3 - Performans \u00d6l\u00e7\u00fcm\u00fc<\/em><\/li>\n\n\n\n<li><em>Cilt 4 - T\u00fcrev \u00dcr\u00fcnler ve Risk Y\u00f6netimi<\/em><\/li>\n\n\n\n<li><em>Cilt 5 - Etik ve Mesleki Standartlar<\/em><\/li>\n\n\n\n<li>Portf\u00f6y Y\u00f6netimi Yolu<\/li>\n\n\n\n<li><em>2026 Seviye III Bilgi ve Form\u00fcl Sayfas\u0131<\/em><\/li>\n<\/ul>\n\n\n\n<p>Metin, bilgisayar klavyenizdeki 'ctrl f' bulma \u00f6zelli\u011fi kullan\u0131larak ve ak\u0131ll\u0131 telefonunuzda\/tabletinizde arama yap\u0131larak aranabilir.<\/p>\n\n\n\n<p>T\u00fcm LOS'lar\u0131 kapsayan ve a\u015fa\u011f\u0131dakileri i\u00e7eren ayr\u0131nt\u0131l\u0131 \u00c7al\u0131\u015fma Notlar\u0131 alacaks\u0131n\u0131z:&nbsp;<strong><em>Her okuman\u0131n \u00f6zeti ve \u00d6rnekler<\/em><\/strong><\/p>\n\n\n\n<ul class=\"wp-block-list\">\n<li>\u00d6deme yapt\u0131ktan sonra e-Kitab\u0131 hemen indirebilirsiniz.<\/li>\n\n\n\n<li>Bu fiziksel bir kitap de\u011fil, PDF dijital kopyas\u0131d\u0131r. Fiziksel bir bas\u0131l\u0131 kopya istiyorsan\u0131z l\u00fctfen sat\u0131n almay\u0131n<\/li>\n<\/ul>\n\n\n\n<p><\/p>","protected":false},"excerpt":{"rendered":"<p>For sale is an e-Book 2026 CFA Level 3 IFT Study Notes Portfolio Management Pathway with Formula Sheet PDF. Includes the following topics: The text is searchable using the find feature on your computer keyboard &#8216;ctrl f&#8217; and through search on your smartphone\/tablet. You will get detailed Study Notes covering all LOS, and which include:&nbsp;Summary [&hellip;]<\/p>\n","protected":false},"featured_media":13377,"comment_status":"closed","ping_status":"closed","template":"","meta":[],"product_brand":[],"product_cat":[265],"product_tag":[369,93,88,90,180,371,91,363,92,372,168],"class_list":{"0":"post-13376","1":"product","2":"type-product","3":"status-publish","4":"has-post-thumbnail","6":"product_cat-cfa-level-3","7":"product_tag-cfa-2026","8":"product_tag-cfa-books","9":"product_tag-cfa-ebooks","10":"product_tag-cfa-exam","11":"product_tag-cfa-level-3","12":"product_tag-cfa-level-3-2026","13":"product_tag-cfa-prep","14":"product_tag-cfa-study-notes","15":"product_tag-cfa-test","16":"product_tag-ift-study-notes","17":"product_tag-study-notes","19":"first","20":"instock","21":"downloadable","22":"virtual","23":"sold-individually","24":"purchasable","25":"product-type-simple"},"_links":{"self":[{"href":"https:\/\/www.cfaebooks.com\/tr\/wp-json\/wp\/v2\/product\/13376","targetHints":{"allow":["GET"]}}],"collection":[{"href":"https:\/\/www.cfaebooks.com\/tr\/wp-json\/wp\/v2\/product"}],"about":[{"href":"https:\/\/www.cfaebooks.com\/tr\/wp-json\/wp\/v2\/types\/product"}],"replies":[{"embeddable":true,"href":"https:\/\/www.cfaebooks.com\/tr\/wp-json\/wp\/v2\/comments?post=13376"}],"wp:featuredmedia":[{"embeddable":true,"href":"https:\/\/www.cfaebooks.com\/tr\/wp-json\/wp\/v2\/media\/13377"}],"wp:attachment":[{"href":"https:\/\/www.cfaebooks.com\/tr\/wp-json\/wp\/v2\/media?parent=13376"}],"wp:term":[{"taxonomy":"product_brand","embeddable":true,"href":"https:\/\/www.cfaebooks.com\/tr\/wp-json\/wp\/v2\/product_brand?post=13376"},{"taxonomy":"product_cat","embeddable":true,"href":"https:\/\/www.cfaebooks.com\/tr\/wp-json\/wp\/v2\/product_cat?post=13376"},{"taxonomy":"product_tag","embeddable":true,"href":"https:\/\/www.cfaebooks.com\/tr\/wp-json\/wp\/v2\/product_tag?post=13376"}],"curies":[{"name":"wp","href":"https:\/\/api.w.org\/{rel}","templated":true}]}}