{"id":13247,"date":"2025-07-31T04:30:44","date_gmt":"2025-07-31T04:30:44","guid":{"rendered":"https:\/\/www.cfaebooks.com\/?post_type=product&#038;p=13247"},"modified":"2026-04-03T08:05:16","modified_gmt":"2026-04-03T08:05:16","slug":"cfa-2026-sevi%cc%87ye-1-ift-yuksek-geti%cc%87ri%cc%87li%cc%87-calisma-notlari-2","status":"publish","type":"product","link":"https:\/\/www.cfaebooks.com\/tr\/products\/cfa-2026-sevi%cc%87ye-1-ift-yuksek-geti%cc%87ri%cc%87li%cc%87-calisma-notlari-2\/","title":{"rendered":"CFA 2026 Seviye 1 IFT Y\u00fcksek Getirili \u00c7al\u0131\u015fma Notlar\u0131"},"content":{"rendered":"<p>Sat\u0131l\u0131k bir e-Kitap 2026 CFA Seviye 1 IFT Y\u00fcksek Getirili Notlar PDF.<\/p>\n\n\n\n<p><strong>Konu Dahil:<\/strong><\/p>\n\n\n\n<ol class=\"wp-block-list\">\n<li><strong><em>Nicel Y\u00f6ntemler<\/em><\/strong><\/li>\n\n\n\n<li><strong><em>Ekonomi<\/em><\/strong><\/li>\n\n\n\n<li><strong><em>Kurumsal \u0130hra\u00e7\u00e7\u0131lar<\/em><\/strong><\/li>\n\n\n\n<li><strong><em>Mali Tablo Analizi<\/em><\/strong><\/li>\n\n\n\n<li><strong><em>E\u015fitlik<\/em> Yat\u0131r\u0131mlar<\/strong><\/li>\n\n\n\n<li><strong><em>Sabit Gelir<\/em><\/strong><\/li>\n\n\n\n<li><strong><em>T\u00fcrevler<\/em><\/strong><\/li>\n\n\n\n<li><strong><em>Alternatif Yat\u0131r\u0131mlar<\/em><\/strong><\/li>\n\n\n\n<li><strong><em>Portf\u00f6y Y\u00f6netimi<\/em><\/strong><\/li>\n\n\n\n<li><strong><strong><em>Etik ve Mesleki Standartlar<\/em><\/strong>.<\/strong><\/li>\n<\/ol>\n\n\n\n<p>\u00d6deme yapt\u0131ktan sonra e-Kitaplar\u0131 hemen indirebilirsiniz. Bunlar fiziksel kitaplar de\u011fil, PDF dijital kopyalard\u0131r. Fiziksel bir bas\u0131l\u0131 kopya istiyorsan\u0131z l\u00fctfen sat\u0131n almay\u0131n.<\/p>","protected":false},"excerpt":{"rendered":"<p>For sale is an e-Book 2026 CFA Level 1 IFT High Yield Notes PDF. Topic Included: After checkout you can download the e-Books immediately. These are not physical books they are PDF digital copies. Please do not purchase if you want a physical hard copy.<\/p>","protected":false},"featured_media":13388,"comment_status":"closed","ping_status":"closed","template":"","meta":[],"product_brand":[],"product_cat":[260],"product_tag":[369,93,90,370,87,311,91,92,335,167],"class_list":{"0":"post-13247","1":"product","2":"type-product","3":"status-publish","4":"has-post-thumbnail","6":"product_cat-cfa-level-1","7":"product_tag-cfa-2026","8":"product_tag-cfa-books","9":"product_tag-cfa-exam","10":"product_tag-cfa-level-1-2026","11":"product_tag-cfa-level-i","12":"product_tag-cfa-mocks","13":"product_tag-cfa-prep","14":"product_tag-cfa-test","15":"product_tag-high-yield-notes","16":"product_tag-ift","18":"first","19":"instock","20":"downloadable","21":"virtual","22":"sold-individually","23":"purchasable","24":"product-type-simple"},"_links":{"self":[{"href":"https:\/\/www.cfaebooks.com\/tr\/wp-json\/wp\/v2\/product\/13247","targetHints":{"allow":["GET"]}}],"collection":[{"href":"https:\/\/www.cfaebooks.com\/tr\/wp-json\/wp\/v2\/product"}],"about":[{"href":"https:\/\/www.cfaebooks.com\/tr\/wp-json\/wp\/v2\/types\/product"}],"replies":[{"embeddable":true,"href":"https:\/\/www.cfaebooks.com\/tr\/wp-json\/wp\/v2\/comments?post=13247"}],"wp:featuredmedia":[{"embeddable":true,"href":"https:\/\/www.cfaebooks.com\/tr\/wp-json\/wp\/v2\/media\/13388"}],"wp:attachment":[{"href":"https:\/\/www.cfaebooks.com\/tr\/wp-json\/wp\/v2\/media?parent=13247"}],"wp:term":[{"taxonomy":"product_brand","embeddable":true,"href":"https:\/\/www.cfaebooks.com\/tr\/wp-json\/wp\/v2\/product_brand?post=13247"},{"taxonomy":"product_cat","embeddable":true,"href":"https:\/\/www.cfaebooks.com\/tr\/wp-json\/wp\/v2\/product_cat?post=13247"},{"taxonomy":"product_tag","embeddable":true,"href":"https:\/\/www.cfaebooks.com\/tr\/wp-json\/wp\/v2\/product_tag?post=13247"}],"curies":[{"name":"wp","href":"https:\/\/api.w.org\/{rel}","templated":true}]}}