{"id":13238,"date":"2025-07-31T03:18:33","date_gmt":"2025-07-31T03:18:33","guid":{"rendered":"https:\/\/www.cfaebooks.com\/?post_type=product&#038;p=13238"},"modified":"2026-04-03T08:05:13","modified_gmt":"2026-04-03T08:05:13","slug":"cfa-2026-seviye-1-ift-formul-sayfali-calisma-notlari","status":"publish","type":"product","link":"https:\/\/www.cfaebooks.com\/tr\/products\/cfa-2026-seviye-1-ift-formul-sayfali-calisma-notlari\/","title":{"rendered":"Form\u00fcl Sayfas\u0131 ile CFA 2026 Seviye 1 IFT \u00c7al\u0131\u015fma Notlar\u0131"},"content":{"rendered":"<p>Sat\u0131l\u0131k bir e-Kitap 2026 CFA Seviye 1 IFT Form\u00fcl Sayfas\u0131 PDF ile \u00c7al\u0131\u015fma Notlar\u0131.<\/p>\n\n\n\n<p>A\u015fa\u011f\u0131daki konular\u0131 i\u00e7erir: <\/p>\n\n\n\n<ol class=\"wp-block-list\">\n<li>\u00d6n Ko\u015ful Okumalar\u0131<\/li>\n\n\n\n<li><em>Nicel Y\u00f6ntemler<\/em><\/li>\n\n\n\n<li><em>Ekonomi<\/em><\/li>\n\n\n\n<li><em>Kurumsal \u0130hra\u00e7\u00e7\u0131lar<\/em><\/li>\n\n\n\n<li><em>Mali Tablo Analizi<\/em><\/li>\n\n\n\n<li><em>\u00d6zkaynak Yat\u0131r\u0131mlar\u0131<\/em><\/li>\n\n\n\n<li><em>Sabit Gelir<\/em><\/li>\n\n\n\n<li><em>T\u00fcrevler<\/em><\/li>\n\n\n\n<li><em>Alternatif Yat\u0131r\u0131mlar<\/em><\/li>\n\n\n\n<li><em>Portf\u00f6y Y\u00f6netimi<\/em><\/li>\n\n\n\n<li><em>Etik ve Mesleki Standartlar<\/em>.<\/li>\n<\/ol>\n\n\n\n<p>T\u00fcm LOS'lar\u0131 kapsayan ve a\u015fa\u011f\u0131dakileri i\u00e7eren ayr\u0131nt\u0131l\u0131 \u00c7al\u0131\u015fma Notlar\u0131 alacaks\u0131n\u0131z: <strong><em>Her okuman\u0131n \u00f6zeti ve \u00d6rnekler<\/em><\/strong><\/p>\n\n\n\n<ul class=\"wp-block-list\">\n<li>\u00d6deme yapt\u0131ktan sonra e-Kitab\u0131 hemen indirebilirsiniz.<\/li>\n\n\n\n<li>Bu fiziksel bir kitap de\u011fil, PDF dijital kopyas\u0131d\u0131r. Fiziksel bir bas\u0131l\u0131 kopya istiyorsan\u0131z l\u00fctfen sat\u0131n almay\u0131n<\/li>\n<\/ul>","protected":false},"excerpt":{"rendered":"<p>For sale is an e-Book 2026 CFA Level 1 IFT Study Notes with Formula Sheet PDF. Includes the following topics: You will get detailed Study Notes covering all LOS, and which include: Summary of each reading and Examples<\/p>","protected":false},"featured_media":13387,"comment_status":"closed","ping_status":"closed","template":"","meta":[],"product_brand":[],"product_cat":[260],"product_tag":[369,93,88,90,370,87,91,92,167,168],"class_list":{"0":"post-13238","1":"product","2":"type-product","3":"status-publish","4":"has-post-thumbnail","6":"product_cat-cfa-level-1","7":"product_tag-cfa-2026","8":"product_tag-cfa-books","9":"product_tag-cfa-ebooks","10":"product_tag-cfa-exam","11":"product_tag-cfa-level-1-2026","12":"product_tag-cfa-level-i","13":"product_tag-cfa-prep","14":"product_tag-cfa-test","15":"product_tag-ift","16":"product_tag-study-notes","18":"first","19":"instock","20":"downloadable","21":"virtual","22":"sold-individually","23":"purchasable","24":"product-type-simple"},"_links":{"self":[{"href":"https:\/\/www.cfaebooks.com\/tr\/wp-json\/wp\/v2\/product\/13238","targetHints":{"allow":["GET"]}}],"collection":[{"href":"https:\/\/www.cfaebooks.com\/tr\/wp-json\/wp\/v2\/product"}],"about":[{"href":"https:\/\/www.cfaebooks.com\/tr\/wp-json\/wp\/v2\/types\/product"}],"replies":[{"embeddable":true,"href":"https:\/\/www.cfaebooks.com\/tr\/wp-json\/wp\/v2\/comments?post=13238"}],"wp:featuredmedia":[{"embeddable":true,"href":"https:\/\/www.cfaebooks.com\/tr\/wp-json\/wp\/v2\/media\/13387"}],"wp:attachment":[{"href":"https:\/\/www.cfaebooks.com\/tr\/wp-json\/wp\/v2\/media?parent=13238"}],"wp:term":[{"taxonomy":"product_brand","embeddable":true,"href":"https:\/\/www.cfaebooks.com\/tr\/wp-json\/wp\/v2\/product_brand?post=13238"},{"taxonomy":"product_cat","embeddable":true,"href":"https:\/\/www.cfaebooks.com\/tr\/wp-json\/wp\/v2\/product_cat?post=13238"},{"taxonomy":"product_tag","embeddable":true,"href":"https:\/\/www.cfaebooks.com\/tr\/wp-json\/wp\/v2\/product_tag?post=13238"}],"curies":[{"name":"wp","href":"https:\/\/api.w.org\/{rel}","templated":true}]}}