{"id":12974,"date":"2025-06-26T08:21:49","date_gmt":"2025-06-26T08:21:49","guid":{"rendered":"https:\/\/www.cfaebooks.com\/?post_type=product&#038;p=12974"},"modified":"2026-04-03T08:05:11","modified_gmt":"2026-04-03T08:05:11","slug":"2026-cfa-programi-mufredati-sevi%cc%87ye-1-kutu-seti%cc%87","status":"publish","type":"product","link":"https:\/\/www.cfaebooks.com\/tr\/products\/2026-cfa-programi-mufredati-sevi%cc%87ye-1-kutu-seti%cc%87\/","title":{"rendered":"2026 CFA Program\u0131 M\u00fcfredat\u0131 Seviye 1 Kutu Seti"},"content":{"rendered":"<p>Sat\u0131l\u0131k bir e-Kitap 2026 CFA Program\u0131 M\u00fcfredat\u0131 Seviye I Kutu Seti.<\/p>\n\n\n\n<p>Ciltler \u015funlar\u0131 i\u00e7erir:<\/p>\n\n\n\n<ul class=\"wp-block-list\">\n<li>Cilt 1: Nicel Y\u00f6ntemler<\/li>\n\n\n\n<li>Cilt 2: Ekonomi<\/li>\n\n\n\n<li>Cilt 3: Kurumsal \u0130hra\u00e7\u00e7\u0131lar<\/li>\n\n\n\n<li>Cilt 4: Mali Tablolar Analizi<\/li>\n\n\n\n<li>Cilt 5: Hisse Senedi Yat\u0131r\u0131mlar\u0131<\/li>\n\n\n\n<li>Cilt 6: Sabit Gelir<\/li>\n\n\n\n<li>Cilt 7:  T\u00fcrevler<\/li>\n\n\n\n<li>Cilt 8: Alternatif Yat\u0131r\u0131mlar<\/li>\n\n\n\n<li>Cilt 9: Portf\u00f6y Y\u00f6netimi<\/li>\n\n\n\n<li>Cilt 10: Etik ve Mesleki Standartlar&nbsp;<\/li>\n<\/ul>\n\n\n\n<p>Bu fiziksel bir kitap de\u011fildir, PDF dijitaldir. Fiziksel bir bas\u0131l\u0131 kopya istiyorsan\u0131z l\u00fctfen sat\u0131n almay\u0131n. \u00d6deme yapt\u0131ktan sonra e-Kitab\u0131 hemen indirebilirsiniz.<\/p>","protected":false},"excerpt":{"rendered":"<p>For sale is an e-Book 2026 CFA Program Curriculum Level I Box Set. Volumes include: This is not a physical book it is a&nbsp;PDF&nbsp;digital. Please do not purchase if you want a physical hard copy. After checkout you can download the e-Book immediately.<\/p>","protected":false},"featured_media":12980,"comment_status":"closed","ping_status":"closed","template":"","meta":[],"product_brand":[],"product_cat":[260],"product_tag":[369,93,88,90,370,87,91,89,92,241,168],"class_list":{"0":"post-12974","1":"product","2":"type-product","3":"status-publish","4":"has-post-thumbnail","6":"product_cat-cfa-level-1","7":"product_tag-cfa-2026","8":"product_tag-cfa-books","9":"product_tag-cfa-ebooks","10":"product_tag-cfa-exam","11":"product_tag-cfa-level-1-2026","12":"product_tag-cfa-level-i","13":"product_tag-cfa-prep","14":"product_tag-cfa-program-curriculum","15":"product_tag-cfa-test","16":"product_tag-level-1","17":"product_tag-study-notes","19":"first","20":"instock","21":"downloadable","22":"virtual","23":"sold-individually","24":"purchasable","25":"product-type-simple"},"_links":{"self":[{"href":"https:\/\/www.cfaebooks.com\/tr\/wp-json\/wp\/v2\/product\/12974","targetHints":{"allow":["GET"]}}],"collection":[{"href":"https:\/\/www.cfaebooks.com\/tr\/wp-json\/wp\/v2\/product"}],"about":[{"href":"https:\/\/www.cfaebooks.com\/tr\/wp-json\/wp\/v2\/types\/product"}],"replies":[{"embeddable":true,"href":"https:\/\/www.cfaebooks.com\/tr\/wp-json\/wp\/v2\/comments?post=12974"}],"wp:featuredmedia":[{"embeddable":true,"href":"https:\/\/www.cfaebooks.com\/tr\/wp-json\/wp\/v2\/media\/12980"}],"wp:attachment":[{"href":"https:\/\/www.cfaebooks.com\/tr\/wp-json\/wp\/v2\/media?parent=12974"}],"wp:term":[{"taxonomy":"product_brand","embeddable":true,"href":"https:\/\/www.cfaebooks.com\/tr\/wp-json\/wp\/v2\/product_brand?post=12974"},{"taxonomy":"product_cat","embeddable":true,"href":"https:\/\/www.cfaebooks.com\/tr\/wp-json\/wp\/v2\/product_cat?post=12974"},{"taxonomy":"product_tag","embeddable":true,"href":"https:\/\/www.cfaebooks.com\/tr\/wp-json\/wp\/v2\/product_tag?post=12974"}],"curies":[{"name":"wp","href":"https:\/\/api.w.org\/{rel}","templated":true}]}}