{"id":12941,"date":"2025-06-22T05:08:46","date_gmt":"2025-06-22T05:08:46","guid":{"rendered":"https:\/\/www.cfaebooks.com\/?post_type=product&#038;p=12941"},"modified":"2026-04-03T08:05:05","modified_gmt":"2026-04-03T08:05:05","slug":"caia-2025-level-2-uppermark-question-bank-crq-and-essay-questions","status":"publish","type":"product","link":"https:\/\/www.cfaebooks.com\/tr\/products\/caia-2025-level-2-uppermark-question-bank-crq-and-essay-questions\/","title":{"rendered":"CAIA 2025 Level 2 UpperMark Soru Bankas\u0131, CRQ ve Deneme Sorular\u0131"},"content":{"rendered":"<p>Sat\u0131l\u0131k e-Kitap 2025 CAIA Level 2 UpperMark Soru Bankas\u0131, CRQ ve Deneme Sorular\u0131.<\/p>\n\n\n\n<p><strong>Test bankas\u0131 ayr\u0131nt\u0131l\u0131 cevaplar\u0131 olan 2.000'den fazla soru i\u00e7ermektedir.<\/strong><\/p>\n\n\n\n<p><strong>Yap\u0131c\u0131 Yan\u0131t Sorular\u0131<\/strong> (CRQ)<\/p>\n\n\n\n<p><strong>\u00d6rnek Cevapl\u0131 Deneme Sorular\u0131<\/strong><\/p>\n\n\n\n<p><strong>QBank Konu kapsam\u0131ndad\u0131r:<\/strong><\/p>\n\n\n\n<ul class=\"wp-block-list\">\n<li>Konu 1 Kurumsal Varl\u0131k Sahipleri ve Yat\u0131r\u0131m Politikalar\u0131<\/li>\n\n\n\n<li>Konu 2 Varl\u0131k Tahsisi<\/li>\n\n\n\n<li>Konu 3 Risk ve Risk Y\u00f6netimi<\/li>\n\n\n\n<li>Konu 4 Y\u00f6ntemler ve Modeller<\/li>\n\n\n\n<li>Konu 5 Alternatif Yat\u0131r\u0131mlara Eri\u015fim<\/li>\n\n\n\n<li>Konu 6 Durum Tespiti ve Y\u00f6netici Se\u00e7imi<\/li>\n\n\n\n<li>Konu 7 Volatilite ve Karma\u015f\u0131k Stratejiler<\/li>\n<\/ul>\n\n\n\n<p><strong>CRQ Konu kapsam\u0131:<\/strong><\/p>\n\n\n\n<ul class=\"wp-block-list\">\n<li>Konu 1 Kurumsal Varl\u0131k Sahipleri ve Yat\u0131r\u0131m Politikalar\u0131<\/li>\n\n\n\n<li>Konu 2 Varl\u0131k Tahsisi<\/li>\n\n\n\n<li>Konu 3 Risk ve Risk Y\u00f6netimi<\/li>\n\n\n\n<li>Konu 4 Y\u00f6ntemler ve Modeller<\/li>\n\n\n\n<li>Konu 5 Alternatif Yat\u0131r\u0131mlara Eri\u015fim<\/li>\n\n\n\n<li>Konu 6 Durum Tespiti ve Y\u00f6netici Se\u00e7imi<\/li>\n\n\n\n<li>Konu 7 Volatilite ve Karma\u015f\u0131k Stratejiler<\/li>\n\n\n\n<li>Konu 8 Evrensel Yat\u0131r\u0131m Hususlar\u0131<\/li>\n\n\n\n<li>Konu 9 Geli\u015fen Konular<\/li>\n<\/ul>\n\n\n\n<p>Bu fiziksel bir kitap de\u011fil, PDF dijital kopyas\u0131d\u0131r. Fiziksel bir bas\u0131l\u0131 kopya istiyorsan\u0131z l\u00fctfen sat\u0131n almay\u0131n. \u00d6deme yapt\u0131ktan sonra e-Kitab\u0131 an\u0131nda indirebilirsiniz.<\/p>","protected":false},"excerpt":{"rendered":"<p>For sale is an e-Book 2025 CAIA Level 2 UpperMark Question Bank, CRQ and Essay Questions. The test bank includes over 2,000 questions with detailed answers. Constructive Response Questions (CRQ) Essay Questions with Model Answers QBank Topic covered: CRQ Topic covered: This is not a physical book it is a&nbsp;PDF&nbsp;digital copy. Please do not purchase [&hellip;]<\/p>\n","protected":false},"featured_media":12942,"comment_status":"closed","ping_status":"closed","template":"","meta":[],"product_brand":[],"product_cat":[318],"product_tag":[247,319,251,368,250,248,253,252,330,331,249],"class_list":{"0":"post-12941","1":"product","2":"type-product","3":"status-publish","4":"has-post-thumbnail","6":"product_cat-caia-level-2","7":"product_tag-caia","8":"product_tag-caia-2025","9":"product_tag-caia-books","10":"product_tag-caia-crq","11":"product_tag-caia-ebooks","12":"product_tag-caia-exam","13":"product_tag-caia-level-ii","14":"product_tag-caia-prep","15":"product_tag-caia-qbank","16":"product_tag-caia-question-bank","17":"product_tag-caia-test","19":"first","20":"instock","21":"downloadable","22":"virtual","23":"sold-individually","24":"purchasable","25":"product-type-simple"},"_links":{"self":[{"href":"https:\/\/www.cfaebooks.com\/tr\/wp-json\/wp\/v2\/product\/12941","targetHints":{"allow":["GET"]}}],"collection":[{"href":"https:\/\/www.cfaebooks.com\/tr\/wp-json\/wp\/v2\/product"}],"about":[{"href":"https:\/\/www.cfaebooks.com\/tr\/wp-json\/wp\/v2\/types\/product"}],"replies":[{"embeddable":true,"href":"https:\/\/www.cfaebooks.com\/tr\/wp-json\/wp\/v2\/comments?post=12941"}],"wp:featuredmedia":[{"embeddable":true,"href":"https:\/\/www.cfaebooks.com\/tr\/wp-json\/wp\/v2\/media\/12942"}],"wp:attachment":[{"href":"https:\/\/www.cfaebooks.com\/tr\/wp-json\/wp\/v2\/media?parent=12941"}],"wp:term":[{"taxonomy":"product_brand","embeddable":true,"href":"https:\/\/www.cfaebooks.com\/tr\/wp-json\/wp\/v2\/product_brand?post=12941"},{"taxonomy":"product_cat","embeddable":true,"href":"https:\/\/www.cfaebooks.com\/tr\/wp-json\/wp\/v2\/product_cat?post=12941"},{"taxonomy":"product_tag","embeddable":true,"href":"https:\/\/www.cfaebooks.com\/tr\/wp-json\/wp\/v2\/product_tag?post=12941"}],"curies":[{"name":"wp","href":"https:\/\/api.w.org\/{rel}","templated":true}]}}