{"id":12906,"date":"2025-06-21T02:08:53","date_gmt":"2025-06-21T02:08:53","guid":{"rendered":"https:\/\/www.cfaebooks.com\/?post_type=product&#038;p=12906"},"modified":"2026-04-03T08:04:51","modified_gmt":"2026-04-03T08:04:51","slug":"cfa-2025-uworld-soru-bankasi-sevi%cc%87ye-3-ozel-servet-yolu","status":"publish","type":"product","link":"https:\/\/www.cfaebooks.com\/tr\/products\/cfa-2025-uworld-soru-bankasi-sevi%cc%87ye-3-ozel-servet-yolu\/","title":{"rendered":"CFA 2025 UWorld Soru Bankas\u0131 Seviye 3 \u00d6zel Servet Yolu (\u00c7oktan Se\u00e7meli Sorular + Karar Sorular\u0131)"},"content":{"rendered":"<p>Sat\u0131l\u0131k bir e-Kitap\u00a0<strong>2025 CFA UWorld Soru bankas\u0131 Seviye 3 \u00d6zel Varl\u0131k Yolu<\/strong>\u00a0PDF.<\/p>\n\n\n\n<p>\u0130\u00e7indekiler <strong>MCQ'lar <\/strong>ve <strong>CRQ'lar<\/strong>her bir b\u00f6l\u00fcm\u00fcn kapsad\u0131\u011f\u0131 <strong>temel konular ve \u00d6zel Servet Yolu<\/strong> sorular ve cevaplar.<\/p>\n\n\n\n<p>A\u015fa\u011f\u0131daki konular\u0131 i\u00e7erir:&nbsp;<\/p>\n\n\n\n<ul class=\"wp-block-list\">\n<li>Varl\u0131k Tahsisi<\/li>\n\n\n\n<li>Portf\u00f6y Olu\u015fturma<\/li>\n\n\n\n<li>Performans Y\u00f6netimi<\/li>\n\n\n\n<li>T\u00fcrev \u00dcr\u00fcnler ve Risk Y\u00f6netimi<\/li>\n\n\n\n<li>Etik ve Mesleki Standartlar<\/li>\n\n\n\n<li><strong>\u00d6zel Servet Yolu<\/strong><\/li>\n<\/ul>\n\n\n\n<p>Metin, bilgisayar klavyenizdeki 'ctrl+f' bulma \u00f6zelli\u011fi kullan\u0131larak ve ak\u0131ll\u0131 telefonunuzda\/tabletinizde arama yap\u0131larak aranabilir. \u00d6deme yapt\u0131ktan sonra soru bankas\u0131n\u0131 hemen indirebilirsiniz.<\/p>","protected":false},"excerpt":{"rendered":"<p>For sale is an e-Book\u00a02025 CFA UWorld Question bank Level 3 Private Wealth Pathway\u00a0PDF. Includes MCQs and CRQs, with each part covering core topics and Private Wealth Pathway questions and answers. Includes the following topics:&nbsp; The text is searchable using the find feature on your computer keyboard \u2018ctrl+f\u2019 and through search on your smartphone\/tablet. After [&hellip;]<\/p>\n","protected":false},"featured_media":12900,"comment_status":"closed","ping_status":"closed","template":"","meta":[],"product_brand":[],"product_cat":[265],"product_tag":[261,93,88,90,180,91,166,92,365],"class_list":{"0":"post-12906","1":"product","2":"type-product","3":"status-publish","4":"has-post-thumbnail","6":"product_cat-cfa-level-3","7":"product_tag-cfa-2025","8":"product_tag-cfa-books","9":"product_tag-cfa-ebooks","10":"product_tag-cfa-exam","11":"product_tag-cfa-level-3","12":"product_tag-cfa-prep","13":"product_tag-cfa-question-bank","14":"product_tag-cfa-test","15":"product_tag-cfa-uworld","17":"first","18":"instock","19":"downloadable","20":"virtual","21":"sold-individually","22":"purchasable","23":"product-type-simple"},"_links":{"self":[{"href":"https:\/\/www.cfaebooks.com\/tr\/wp-json\/wp\/v2\/product\/12906","targetHints":{"allow":["GET"]}}],"collection":[{"href":"https:\/\/www.cfaebooks.com\/tr\/wp-json\/wp\/v2\/product"}],"about":[{"href":"https:\/\/www.cfaebooks.com\/tr\/wp-json\/wp\/v2\/types\/product"}],"replies":[{"embeddable":true,"href":"https:\/\/www.cfaebooks.com\/tr\/wp-json\/wp\/v2\/comments?post=12906"}],"wp:featuredmedia":[{"embeddable":true,"href":"https:\/\/www.cfaebooks.com\/tr\/wp-json\/wp\/v2\/media\/12900"}],"wp:attachment":[{"href":"https:\/\/www.cfaebooks.com\/tr\/wp-json\/wp\/v2\/media?parent=12906"}],"wp:term":[{"taxonomy":"product_brand","embeddable":true,"href":"https:\/\/www.cfaebooks.com\/tr\/wp-json\/wp\/v2\/product_brand?post=12906"},{"taxonomy":"product_cat","embeddable":true,"href":"https:\/\/www.cfaebooks.com\/tr\/wp-json\/wp\/v2\/product_cat?post=12906"},{"taxonomy":"product_tag","embeddable":true,"href":"https:\/\/www.cfaebooks.com\/tr\/wp-json\/wp\/v2\/product_tag?post=12906"}],"curies":[{"name":"wp","href":"https:\/\/api.w.org\/{rel}","templated":true}]}}