{"id":12770,"date":"2025-06-06T04:47:19","date_gmt":"2025-06-06T04:47:19","guid":{"rendered":"https:\/\/www.cfaebooks.com\/?post_type=product&#038;p=12770"},"modified":"2026-04-03T08:04:20","modified_gmt":"2026-04-03T08:04:20","slug":"cfa-2025-anali%cc%87stprep-denemeleri%cc%87-sevi%cc%87ye-3-tum-yollar","status":"publish","type":"product","link":"https:\/\/www.cfaebooks.com\/tr\/products\/cfa-2025-anali%cc%87stprep-denemeleri%cc%87-sevi%cc%87ye-3-tum-yollar\/","title":{"rendered":"CFA 2025 AnalystPrep Denemeleri Seviye 3 T\u00fcm Yollar"},"content":{"rendered":"<p>Sat\u0131l\u0131k bir e-Kitap <strong>2025 CFA AnalistHaz\u0131rl\u0131k Denemeleri Seviye 3 T\u00fcm Yollar<\/strong> PDF.<\/p>\n\n\n\n<p>A\u015fa\u011f\u0131daki konular\u0131 i\u00e7erir:&nbsp;<\/p>\n\n\n\n<ul class=\"wp-block-list\">\n<li><strong>B\u00f6l\u00fcm 1:<\/strong> Varl\u0131k Tahsisi<\/li>\n\n\n\n<li><strong>B\u00f6l\u00fcm 2:<\/strong> Portf\u00f6y Olu\u015fturma<\/li>\n\n\n\n<li><strong>B\u00f6l\u00fcm 3:<\/strong> Performans Y\u00f6netimi<\/li>\n\n\n\n<li><strong>B\u00f6l\u00fcm 4:<\/strong> T\u00fcrev \u00dcr\u00fcnler ve Risk Y\u00f6netimi<\/li>\n\n\n\n<li><strong>B\u00f6l\u00fcm 5:<\/strong> Etik Standartlar<\/li>\n\n\n\n<li><strong>Portf\u00f6y Y\u00f6netimi Yolu<\/strong><\/li>\n\n\n\n<li><strong>\u00d6zel Piyasalar Yolu<\/strong><\/li>\n\n\n\n<li><strong>\u00d6zel Servet Yolu<\/strong><\/li>\n<\/ul>\n\n\n\n<p>Bu fiziksel bir kitap de\u011fil, PDF dijital kopyas\u0131d\u0131r. Fiziksel bir bas\u0131l\u0131 kopya istiyorsan\u0131z l\u00fctfen sat\u0131n almay\u0131n. \u00d6deme yapt\u0131ktan sonra e-Kitab\u0131 hemen indirebilirsiniz.<\/p>","protected":false},"excerpt":{"rendered":"<p>For sale is an e-Book 2025 CFA AnalystPrep Essays Level 3 All Pathways PDF. Includes the following topics:&nbsp; This is not a physical book it is a&nbsp;PDF&nbsp;digital copy. Please do not purchase if you want a physical hard copy. After checkout you can download the e-Book immediately.<\/p>","protected":false},"featured_media":12600,"comment_status":"closed","ping_status":"closed","template":"","meta":[],"product_brand":[],"product_cat":[265],"product_tag":[261,93,88,364,90,180,91,92],"class_list":{"0":"post-12770","1":"product","2":"type-product","3":"status-publish","4":"has-post-thumbnail","6":"product_cat-cfa-level-3","7":"product_tag-cfa-2025","8":"product_tag-cfa-books","9":"product_tag-cfa-ebooks","10":"product_tag-cfa-essays","11":"product_tag-cfa-exam","12":"product_tag-cfa-level-3","13":"product_tag-cfa-prep","14":"product_tag-cfa-test","16":"first","17":"instock","18":"downloadable","19":"virtual","20":"sold-individually","21":"purchasable","22":"product-type-simple"},"_links":{"self":[{"href":"https:\/\/www.cfaebooks.com\/tr\/wp-json\/wp\/v2\/product\/12770","targetHints":{"allow":["GET"]}}],"collection":[{"href":"https:\/\/www.cfaebooks.com\/tr\/wp-json\/wp\/v2\/product"}],"about":[{"href":"https:\/\/www.cfaebooks.com\/tr\/wp-json\/wp\/v2\/types\/product"}],"replies":[{"embeddable":true,"href":"https:\/\/www.cfaebooks.com\/tr\/wp-json\/wp\/v2\/comments?post=12770"}],"wp:featuredmedia":[{"embeddable":true,"href":"https:\/\/www.cfaebooks.com\/tr\/wp-json\/wp\/v2\/media\/12600"}],"wp:attachment":[{"href":"https:\/\/www.cfaebooks.com\/tr\/wp-json\/wp\/v2\/media?parent=12770"}],"wp:term":[{"taxonomy":"product_brand","embeddable":true,"href":"https:\/\/www.cfaebooks.com\/tr\/wp-json\/wp\/v2\/product_brand?post=12770"},{"taxonomy":"product_cat","embeddable":true,"href":"https:\/\/www.cfaebooks.com\/tr\/wp-json\/wp\/v2\/product_cat?post=12770"},{"taxonomy":"product_tag","embeddable":true,"href":"https:\/\/www.cfaebooks.com\/tr\/wp-json\/wp\/v2\/product_tag?post=12770"}],"curies":[{"name":"wp","href":"https:\/\/api.w.org\/{rel}","templated":true}]}}