{"id":12763,"date":"2025-06-06T04:35:56","date_gmt":"2025-06-06T04:35:56","guid":{"rendered":"https:\/\/www.cfaebooks.com\/?post_type=product&#038;p=12763"},"modified":"2026-04-03T08:04:17","modified_gmt":"2026-04-03T08:04:17","slug":"cfa-2025-analystprep-question-bank-level-3-all-pathways","status":"publish","type":"product","link":"https:\/\/www.cfaebooks.com\/tr\/products\/cfa-2025-analystprep-question-bank-level-3-all-pathways\/","title":{"rendered":"CFA 2025 AnalystPrep Soru Bankas\u0131 Seviye 3 T\u00fcm Yollar"},"content":{"rendered":"<p>Sat\u0131l\u0131k bir e-Kitap <strong>2025 CFA AnalystPrep Soru Bankas\u0131 Seviye 3 T\u00fcm Yollar<\/strong> PDF.<\/p>\n\n\n\n<p>A\u015fa\u011f\u0131daki konular\u0131 i\u00e7erir:&nbsp;<\/p>\n\n\n\n<ul class=\"wp-block-list\">\n<li><strong>B\u00f6l\u00fcm 1:<\/strong> Varl\u0131k Tahsisi<\/li>\n\n\n\n<li><strong>B\u00f6l\u00fcm 2:<\/strong> Portf\u00f6y Olu\u015fturma<\/li>\n\n\n\n<li><strong>B\u00f6l\u00fcm 3:<\/strong> Performans Y\u00f6netimi<\/li>\n\n\n\n<li><strong>B\u00f6l\u00fcm 4:<\/strong> T\u00fcrev \u00dcr\u00fcnler ve Risk Y\u00f6netimi<\/li>\n\n\n\n<li><strong>B\u00f6l\u00fcm 5:<\/strong> Etik Standartlar<\/li>\n\n\n\n<li><strong>Portf\u00f6y Y\u00f6netimi Yolu<\/strong><\/li>\n\n\n\n<li><strong>\u00d6zel Piyasalar Yolu<\/strong><\/li>\n\n\n\n<li><strong>\u00d6zel Servet Yolu<\/strong><\/li>\n<\/ul>\n\n\n\n<p>Bu fiziksel bir kitap de\u011fil, PDF dijital kopyas\u0131d\u0131r. Fiziksel bir bas\u0131l\u0131 kopya istiyorsan\u0131z l\u00fctfen sat\u0131n almay\u0131n. \u00d6deme yapt\u0131ktan sonra e-Kitab\u0131 hemen indirebilirsiniz.<\/p>","protected":false},"excerpt":{"rendered":"<p>For sale is an e-Book 2025 CFA AnalystPrep Question Bank Level 3 All Pathways PDF. Includes the following topics:&nbsp; This is not a physical book it is a&nbsp;PDF&nbsp;digital copy. Please do not purchase if you want a physical hard copy. After checkout you can download the e-Book immediately.<\/p>","protected":false},"featured_media":12600,"comment_status":"closed","ping_status":"closed","template":"","meta":[],"product_brand":[],"product_cat":[265],"product_tag":[261,93,88,90,180,91,166,92,162],"class_list":{"0":"post-12763","1":"product","2":"type-product","3":"status-publish","4":"has-post-thumbnail","6":"product_cat-cfa-level-3","7":"product_tag-cfa-2025","8":"product_tag-cfa-books","9":"product_tag-cfa-ebooks","10":"product_tag-cfa-exam","11":"product_tag-cfa-level-3","12":"product_tag-cfa-prep","13":"product_tag-cfa-question-bank","14":"product_tag-cfa-test","15":"product_tag-qbank","17":"first","18":"instock","19":"downloadable","20":"virtual","21":"sold-individually","22":"purchasable","23":"product-type-simple"},"_links":{"self":[{"href":"https:\/\/www.cfaebooks.com\/tr\/wp-json\/wp\/v2\/product\/12763","targetHints":{"allow":["GET"]}}],"collection":[{"href":"https:\/\/www.cfaebooks.com\/tr\/wp-json\/wp\/v2\/product"}],"about":[{"href":"https:\/\/www.cfaebooks.com\/tr\/wp-json\/wp\/v2\/types\/product"}],"replies":[{"embeddable":true,"href":"https:\/\/www.cfaebooks.com\/tr\/wp-json\/wp\/v2\/comments?post=12763"}],"wp:featuredmedia":[{"embeddable":true,"href":"https:\/\/www.cfaebooks.com\/tr\/wp-json\/wp\/v2\/media\/12600"}],"wp:attachment":[{"href":"https:\/\/www.cfaebooks.com\/tr\/wp-json\/wp\/v2\/media?parent=12763"}],"wp:term":[{"taxonomy":"product_brand","embeddable":true,"href":"https:\/\/www.cfaebooks.com\/tr\/wp-json\/wp\/v2\/product_brand?post=12763"},{"taxonomy":"product_cat","embeddable":true,"href":"https:\/\/www.cfaebooks.com\/tr\/wp-json\/wp\/v2\/product_cat?post=12763"},{"taxonomy":"product_tag","embeddable":true,"href":"https:\/\/www.cfaebooks.com\/tr\/wp-json\/wp\/v2\/product_tag?post=12763"}],"curies":[{"name":"wp","href":"https:\/\/api.w.org\/{rel}","templated":true}]}}