{"id":12580,"date":"2025-05-12T09:13:02","date_gmt":"2025-05-12T09:13:02","guid":{"rendered":"https:\/\/www.cfaebooks.com\/?post_type=product&#038;p=12580"},"modified":"2026-04-03T08:03:54","modified_gmt":"2026-04-03T08:03:54","slug":"cfa-sevi%cc%87ye-1-2025-uworld-deneme-sinavi-1-2","status":"publish","type":"product","link":"https:\/\/www.cfaebooks.com\/tr\/products\/cfa-sevi%cc%87ye-1-2025-uworld-deneme-sinavi-1-2\/","title":{"rendered":"CFA Seviye 1 2025 UWorld Deneme S\u0131nav\u0131 1, 2"},"content":{"rendered":"<p>Sat\u0131l\u0131k bir\u00a0<strong>2025 CFA Seviye 1 UWorld Deneme S\u0131nav\u0131 1, 2<\/strong> PDF.<\/p>\n\n\n\n<p><strong>S\u0131nav ba\u015f\u0131na 2 oturum olmak \u00fczere 2 deneme s\u0131nav\u0131 alacaks\u0131n\u0131z - t\u0131pk\u0131 ger\u00e7ek CFA Seviye I format\u0131 gibi.<\/strong><\/p>\n\n\n\n<p><strong>Ne Bekleyece\u011finizi Tam Olarak Bilin<\/strong><br>Ger\u00e7ek CFA Seviye I s\u0131nav\u0131n\u0131 yak\u0131ndan yans\u0131tan deneme s\u0131navlar\u0131n\u0131 kullanarak g\u00fcvenle haz\u0131rlan\u0131n. Aray\u00fcz ve soru format\u0131ndan zorluk, zamanlama ve konu a\u011f\u0131rl\u0131klar\u0131na kadar her ayr\u0131nt\u0131, ger\u00e7ek bir s\u0131nav g\u00fcn\u00fc deneyimi sa\u011flamak i\u00e7in dikkatlice kopyalanm\u0131\u015ft\u0131r.<\/p>\n\n\n\n<p><strong>Ger\u00e7ek S\u0131nav\u0131 Sadece Ba\u015fka Bir Deneme S\u0131nav\u0131na D\u00f6n\u00fc\u015ft\u00fcr\u00fcn<\/strong><br>G\u00fcven a\u015final\u0131ktan gelir. Ger\u00e7ek\u00e7i bir s\u0131nav ortam\u0131nda tutarl\u0131 bir \u015fekilde e\u011fitim alarak, ger\u00e7ek CFA s\u0131nav\u0131na haz\u0131rl\u0131kl\u0131 hissederek gireceksiniz, sanki zaten ustala\u015ft\u0131\u011f\u0131n\u0131z ba\u015fka bir taklitmi\u015f gibi.<\/p>\n\n\n\n<p>Metin, bilgisayar klavyenizdeki 'ctrl+f' bulma \u00f6zelli\u011fi kullan\u0131larak ve ak\u0131ll\u0131 telefonunuzda\/tabletinizde arama yap\u0131larak aranabilir. \u00d6deme yapt\u0131ktan sonra deneme s\u0131navlar\u0131n\u0131 hemen indirebilirsiniz.<\/p>","protected":false},"excerpt":{"rendered":"<p>For sale is an the\u00a02025 CFA Level 1 UWorld Mock Exam 1, 2 PDF. You\u2019ll get 2 mock exams, with 2 sessions per exam\u2014just like the actual CFA Level I format. Know Exactly What to ExpectPrepare with confidence using mock exams that closely mirror the real CFA Level I exam. From the interface and question [&hellip;]<\/p>\n","protected":false},"featured_media":12584,"comment_status":"closed","ping_status":"closed","template":"","meta":[],"product_brand":[],"product_cat":[260],"product_tag":[261,93,88,90,268,361,92],"class_list":{"0":"post-12580","1":"product","2":"type-product","3":"status-publish","4":"has-post-thumbnail","6":"product_cat-cfa-level-1","7":"product_tag-cfa-2025","8":"product_tag-cfa-books","9":"product_tag-cfa-ebooks","10":"product_tag-cfa-exam","11":"product_tag-cfa-level-1-2025","12":"product_tag-cfa-mock-exams","13":"product_tag-cfa-test","15":"first","16":"instock","17":"downloadable","18":"virtual","19":"sold-individually","20":"purchasable","21":"product-type-simple"},"_links":{"self":[{"href":"https:\/\/www.cfaebooks.com\/tr\/wp-json\/wp\/v2\/product\/12580","targetHints":{"allow":["GET"]}}],"collection":[{"href":"https:\/\/www.cfaebooks.com\/tr\/wp-json\/wp\/v2\/product"}],"about":[{"href":"https:\/\/www.cfaebooks.com\/tr\/wp-json\/wp\/v2\/types\/product"}],"replies":[{"embeddable":true,"href":"https:\/\/www.cfaebooks.com\/tr\/wp-json\/wp\/v2\/comments?post=12580"}],"wp:featuredmedia":[{"embeddable":true,"href":"https:\/\/www.cfaebooks.com\/tr\/wp-json\/wp\/v2\/media\/12584"}],"wp:attachment":[{"href":"https:\/\/www.cfaebooks.com\/tr\/wp-json\/wp\/v2\/media?parent=12580"}],"wp:term":[{"taxonomy":"product_brand","embeddable":true,"href":"https:\/\/www.cfaebooks.com\/tr\/wp-json\/wp\/v2\/product_brand?post=12580"},{"taxonomy":"product_cat","embeddable":true,"href":"https:\/\/www.cfaebooks.com\/tr\/wp-json\/wp\/v2\/product_cat?post=12580"},{"taxonomy":"product_tag","embeddable":true,"href":"https:\/\/www.cfaebooks.com\/tr\/wp-json\/wp\/v2\/product_tag?post=12580"}],"curies":[{"name":"wp","href":"https:\/\/api.w.org\/{rel}","templated":true}]}}