{"id":12314,"date":"2025-04-08T04:22:53","date_gmt":"2025-04-08T04:22:53","guid":{"rendered":"https:\/\/www.cfaebooks.com\/?post_type=product&#038;p=12314"},"modified":"2026-04-03T08:03:20","modified_gmt":"2026-04-03T08:03:20","slug":"cfa-2025-schweser-mock-exams-level-1","status":"publish","type":"product","link":"https:\/\/www.cfaebooks.com\/tr\/products\/cfa-2025-schweser-mock-exams-level-1\/","title":{"rendered":"CFA 2025 Schweser Deneme S\u0131navlar\u0131 Seviye 1"},"content":{"rendered":"<p>Sat\u0131l\u0131k bir e-Kitap <strong>2025 CFA Schweser Deneme S\u0131navlar\u0131 Seviye 1<\/strong> PDF<\/p>\n\n\n\n<ul class=\"wp-block-list\">\n<li>6 Deneme s\u0131nav\u0131 i\u00e7erir<\/li>\n\n\n\n<li>Her soru i\u00e7in soru ve cevaplar i\u00e7erir<\/li>\n<\/ul>\n\n\n\n<p>Metin, bilgisayar klavyenizdeki 'ctrl+f' bulma \u00f6zelli\u011fi kullan\u0131larak ve ak\u0131ll\u0131 telefonunuzda\/tabletinizde arama yap\u0131larak aranabilir<\/p>\n\n\n\n<p>Bunlar fiziksel kitaplar de\u011fil, PDF dijital kopyalard\u0131r. Fiziksel bir bas\u0131l\u0131 kopya istiyorsan\u0131z l\u00fctfen sat\u0131n almay\u0131n<\/p>\n\n\n\n<p>\u00d6deme yapt\u0131ktan sonra e-Kitaplar\u0131 hemen indirebilirsiniz<\/p>","protected":false},"excerpt":{"rendered":"<p>For sale is an e-Book 2025 CFA Schweser\u00a0Mock Exams Level 1 PDF The text is searchable using the find feature on your computer keyboard &#8216;ctrl+f&#8217; and through search on your smartphone\/tablet These are not physical books they are PDF digital copies. Please do not purchase if you want a physical hard copy After checkout you [&hellip;]<\/p>\n","protected":false},"featured_media":12315,"comment_status":"closed","ping_status":"closed","template":"","meta":[],"product_brand":[],"product_cat":[260],"product_tag":[261,93,88,90,87,311,91,92,176],"class_list":{"0":"post-12314","1":"product","2":"type-product","3":"status-publish","4":"has-post-thumbnail","6":"product_cat-cfa-level-1","7":"product_tag-cfa-2025","8":"product_tag-cfa-books","9":"product_tag-cfa-ebooks","10":"product_tag-cfa-exam","11":"product_tag-cfa-level-i","12":"product_tag-cfa-mocks","13":"product_tag-cfa-prep","14":"product_tag-cfa-test","15":"product_tag-mock-exam","17":"first","18":"instock","19":"downloadable","20":"virtual","21":"sold-individually","22":"purchasable","23":"product-type-simple"},"_links":{"self":[{"href":"https:\/\/www.cfaebooks.com\/tr\/wp-json\/wp\/v2\/product\/12314","targetHints":{"allow":["GET"]}}],"collection":[{"href":"https:\/\/www.cfaebooks.com\/tr\/wp-json\/wp\/v2\/product"}],"about":[{"href":"https:\/\/www.cfaebooks.com\/tr\/wp-json\/wp\/v2\/types\/product"}],"replies":[{"embeddable":true,"href":"https:\/\/www.cfaebooks.com\/tr\/wp-json\/wp\/v2\/comments?post=12314"}],"wp:featuredmedia":[{"embeddable":true,"href":"https:\/\/www.cfaebooks.com\/tr\/wp-json\/wp\/v2\/media\/12315"}],"wp:attachment":[{"href":"https:\/\/www.cfaebooks.com\/tr\/wp-json\/wp\/v2\/media?parent=12314"}],"wp:term":[{"taxonomy":"product_brand","embeddable":true,"href":"https:\/\/www.cfaebooks.com\/tr\/wp-json\/wp\/v2\/product_brand?post=12314"},{"taxonomy":"product_cat","embeddable":true,"href":"https:\/\/www.cfaebooks.com\/tr\/wp-json\/wp\/v2\/product_cat?post=12314"},{"taxonomy":"product_tag","embeddable":true,"href":"https:\/\/www.cfaebooks.com\/tr\/wp-json\/wp\/v2\/product_tag?post=12314"}],"curies":[{"name":"wp","href":"https:\/\/api.w.org\/{rel}","templated":true}]}}