{"id":12300,"date":"2025-04-07T08:43:09","date_gmt":"2025-04-07T08:43:09","guid":{"rendered":"https:\/\/www.cfaebooks.com\/?post_type=product&#038;p=12300"},"modified":"2026-04-03T08:03:18","modified_gmt":"2026-04-03T08:03:18","slug":"frm-2025-schweser-gi%cc%87zli%cc%87-sos-bolum-2","status":"publish","type":"product","link":"https:\/\/www.cfaebooks.com\/tr\/products\/frm-2025-schweser-gi%cc%87zli%cc%87-sos-bolum-2\/","title":{"rendered":"FRM 2025 Schweser Gizli Sos B\u00f6l\u00fcm 1"},"content":{"rendered":"<p>Sat\u0131l\u0131k bir e-Kitap 2025 FRM Schweser Gizli Sos B\u00f6l\u00fcm 1 PDF.<\/p>\n\n\n\n<p><strong>Kapsanan Konular:<\/strong><\/p>\n\n\n\n<ul class=\"wp-block-list\">\n<li><strong>Risk Y\u00f6netiminin Temelleri<\/strong><\/li>\n\n\n\n<li><strong>Nicel Analiz<\/strong><\/li>\n\n\n\n<li><strong>Finansal Piyasalar ve \u00dcr\u00fcnler<\/strong><\/li>\n\n\n\n<li><strong>De\u011ferleme ve Risk Modelleri<\/strong><\/li>\n<\/ul>\n\n\n\n<p>Bu fiziksel bir kitap de\u011fil, PDF dijital kopyas\u0131d\u0131r. Fiziksel bir bas\u0131l\u0131 kopya istiyorsan\u0131z l\u00fctfen sat\u0131n almay\u0131n<\/p>\n\n\n\n<p>\u00d6deme yapt\u0131ktan sonra e-Kitab\u0131 an\u0131nda indirebilirsiniz.<\/p>","protected":false},"excerpt":{"rendered":"<p>For sale is an e-Book 2025 FRM Schweser Secret Sauce Part 1 PDF. Topics Covered: This is not a physical book it is a&nbsp;PDF&nbsp;digital copy. Please do not purchase if you want a physical hard copy After checkout you can download the e-Book instantly.<\/p>","protected":false},"featured_media":12302,"comment_status":"closed","ping_status":"closed","template":"","meta":[],"product_brand":[],"product_cat":[324],"product_tag":[184,326,185,186,181,205,327,182,183],"class_list":{"0":"post-12300","1":"product","2":"type-product","3":"status-publish","4":"has-post-thumbnail","6":"product_cat-frm-part-1","7":"product_tag-frm","8":"product_tag-frm-2025","9":"product_tag-frm-books","10":"product_tag-frm-ebooks","11":"product_tag-frm-exam","12":"product_tag-frm-part-1","13":"product_tag-frm-part-1-2025","14":"product_tag-frm-prep","15":"product_tag-frm-test","17":"first","18":"instock","19":"downloadable","20":"virtual","21":"sold-individually","22":"purchasable","23":"product-type-simple"},"_links":{"self":[{"href":"https:\/\/www.cfaebooks.com\/tr\/wp-json\/wp\/v2\/product\/12300","targetHints":{"allow":["GET"]}}],"collection":[{"href":"https:\/\/www.cfaebooks.com\/tr\/wp-json\/wp\/v2\/product"}],"about":[{"href":"https:\/\/www.cfaebooks.com\/tr\/wp-json\/wp\/v2\/types\/product"}],"replies":[{"embeddable":true,"href":"https:\/\/www.cfaebooks.com\/tr\/wp-json\/wp\/v2\/comments?post=12300"}],"wp:featuredmedia":[{"embeddable":true,"href":"https:\/\/www.cfaebooks.com\/tr\/wp-json\/wp\/v2\/media\/12302"}],"wp:attachment":[{"href":"https:\/\/www.cfaebooks.com\/tr\/wp-json\/wp\/v2\/media?parent=12300"}],"wp:term":[{"taxonomy":"product_brand","embeddable":true,"href":"https:\/\/www.cfaebooks.com\/tr\/wp-json\/wp\/v2\/product_brand?post=12300"},{"taxonomy":"product_cat","embeddable":true,"href":"https:\/\/www.cfaebooks.com\/tr\/wp-json\/wp\/v2\/product_cat?post=12300"},{"taxonomy":"product_tag","embeddable":true,"href":"https:\/\/www.cfaebooks.com\/tr\/wp-json\/wp\/v2\/product_tag?post=12300"}],"curies":[{"name":"wp","href":"https:\/\/api.w.org\/{rel}","templated":true}]}}