{"id":12296,"date":"2025-04-07T08:35:34","date_gmt":"2025-04-07T08:35:34","guid":{"rendered":"https:\/\/www.cfaebooks.com\/?post_type=product&#038;p=12296"},"modified":"2026-04-03T08:03:15","modified_gmt":"2026-04-03T08:03:15","slug":"frm-2025-schweser-gi%cc%87zli%cc%87-sos-bolum-3","status":"publish","type":"product","link":"https:\/\/www.cfaebooks.com\/tr\/products\/frm-2025-schweser-gi%cc%87zli%cc%87-sos-bolum-3\/","title":{"rendered":"FRM 2025 Schweser Gizli Sos B\u00f6l\u00fcm 2"},"content":{"rendered":"<p>Sat\u0131l\u0131k bir e-Kitap 2025 FRM Schweser Gizli Sos B\u00f6l\u00fcm 2 PDF.<\/p>\n\n\n\n<p><strong>Kapsanan Konular:<\/strong><\/p>\n\n\n\n<ul class=\"wp-block-list\">\n<li><strong>Piyasa Riski \u00d6l\u00e7\u00fcm\u00fc ve Y\u00f6netimi<\/strong><\/li>\n\n\n\n<li><strong>Kredi Riski \u00d6l\u00e7\u00fcm\u00fc ve Y\u00f6netimi<\/strong><\/li>\n\n\n\n<li><strong>Operasyonel ve Entegre Risk Y\u00f6netimi<\/strong><\/li>\n\n\n\n<li><strong>Likidite ve Hazine Riski \u00d6l\u00e7\u00fcm\u00fc ve Y\u00f6netimi<\/strong><\/li>\n\n\n\n<li><strong>Risk Y\u00f6netimi ve Yat\u0131r\u0131m Y\u00f6netimi<\/strong><\/li>\n\n\n\n<li><strong>Finansal Piyasalarda G\u00fcncel Konular<\/strong><\/li>\n<\/ul>\n\n\n\n<p>Bu fiziksel bir kitap de\u011fil, PDF dijital kopyas\u0131d\u0131r. Fiziksel bir bas\u0131l\u0131 kopya istiyorsan\u0131z l\u00fctfen sat\u0131n almay\u0131n<\/p>\n\n\n\n<p>\u00d6deme yapt\u0131ktan sonra e-Kitab\u0131 an\u0131nda indirebilirsiniz.<\/p>","protected":false},"excerpt":{"rendered":"<p>For sale is an e-Book 2025 FRM Schweser Secret Sauce Part 2 PDF. Topics Covered: This is not a physical book it is a&nbsp;PDF&nbsp;digital copy. Please do not purchase if you want a physical hard copy After checkout you can download the e-Book instantly.<\/p>","protected":false},"featured_media":12297,"comment_status":"closed","ping_status":"closed","template":"","meta":[],"product_brand":[],"product_cat":[325],"product_tag":[184,326,185,186,181,188,329,182,183],"class_list":{"0":"post-12296","1":"product","2":"type-product","3":"status-publish","4":"has-post-thumbnail","6":"product_cat-frm-part-2","7":"product_tag-frm","8":"product_tag-frm-2025","9":"product_tag-frm-books","10":"product_tag-frm-ebooks","11":"product_tag-frm-exam","12":"product_tag-frm-part-2","13":"product_tag-frm-part-2-2025","14":"product_tag-frm-prep","15":"product_tag-frm-test","17":"first","18":"instock","19":"downloadable","20":"virtual","21":"sold-individually","22":"purchasable","23":"product-type-simple"},"_links":{"self":[{"href":"https:\/\/www.cfaebooks.com\/tr\/wp-json\/wp\/v2\/product\/12296","targetHints":{"allow":["GET"]}}],"collection":[{"href":"https:\/\/www.cfaebooks.com\/tr\/wp-json\/wp\/v2\/product"}],"about":[{"href":"https:\/\/www.cfaebooks.com\/tr\/wp-json\/wp\/v2\/types\/product"}],"replies":[{"embeddable":true,"href":"https:\/\/www.cfaebooks.com\/tr\/wp-json\/wp\/v2\/comments?post=12296"}],"wp:featuredmedia":[{"embeddable":true,"href":"https:\/\/www.cfaebooks.com\/tr\/wp-json\/wp\/v2\/media\/12297"}],"wp:attachment":[{"href":"https:\/\/www.cfaebooks.com\/tr\/wp-json\/wp\/v2\/media?parent=12296"}],"wp:term":[{"taxonomy":"product_brand","embeddable":true,"href":"https:\/\/www.cfaebooks.com\/tr\/wp-json\/wp\/v2\/product_brand?post=12296"},{"taxonomy":"product_cat","embeddable":true,"href":"https:\/\/www.cfaebooks.com\/tr\/wp-json\/wp\/v2\/product_cat?post=12296"},{"taxonomy":"product_tag","embeddable":true,"href":"https:\/\/www.cfaebooks.com\/tr\/wp-json\/wp\/v2\/product_tag?post=12296"}],"curies":[{"name":"wp","href":"https:\/\/api.w.org\/{rel}","templated":true}]}}