{"id":12293,"date":"2025-04-07T08:25:26","date_gmt":"2025-04-07T08:25:26","guid":{"rendered":"https:\/\/www.cfaebooks.com\/?post_type=product&#038;p=12293"},"modified":"2026-04-03T08:03:13","modified_gmt":"2026-04-03T08:03:13","slug":"frm-2025-soru-bankasi-bolum-3","status":"publish","type":"product","link":"https:\/\/www.cfaebooks.com\/tr\/products\/frm-2025-soru-bankasi-bolum-3\/","title":{"rendered":"FRM 2025 Soru Bankas\u0131 B\u00f6l\u00fcm 2"},"content":{"rendered":"<p>Sat\u0131l\u0131k bir e-Kitap 2025 FRM Schweser Soru Bankas\u0131 B\u00f6l\u00fcm 2 PDF.<\/p>\n\n\n\n<p>A\u015fa\u011f\u0131daki konular\u0131 dahil edin:<\/p>\n\n\n\n<ol class=\"wp-block-list\">\n<li><strong>Piyasa Riski \u00d6l\u00e7\u00fcm\u00fc ve Y\u00f6netimi<\/strong><\/li>\n\n\n\n<li><strong>Kredi Riski \u00d6l\u00e7\u00fcm\u00fc ve Y\u00f6netimi<\/strong><\/li>\n\n\n\n<li><strong>Operasyonel Risk ve Dayan\u0131kl\u0131l\u0131k<\/strong><\/li>\n\n\n\n<li><strong>Likidite ve Hazine Riski \u00d6l\u00e7\u00fcm\u00fc ve Y\u00f6netimi<\/strong><\/li>\n\n\n\n<li><strong>Risk Y\u00f6netimi ve Yat\u0131r\u0131m Y\u00f6netimi<\/strong><\/li>\n\n\n\n<li><strong>Finansal Piyasalarda G\u00fcncel Konular<\/strong><\/li>\n<\/ol>\n\n\n\n<p>\u00d6deme yapt\u0131ktan sonra e-Kitab\u0131 an\u0131nda indirebilirsiniz. Bu fiziksel bir kitap de\u011fil, PDF dijital kopyas\u0131d\u0131r. Fiziksel bir bas\u0131l\u0131 kopya istiyorsan\u0131z l\u00fctfen sat\u0131n almay\u0131n.<\/p>","protected":false},"excerpt":{"rendered":"<p>For sale is an e-Book 2025 FRM Schweser Question Bank Part 2 PDF. Include following topics: After checkout you can download the e-Book instantly. This is not a physical book it is a\u00a0PDF\u00a0digital copy. Please do not purchase if you want a physical hard copy.<\/p>","protected":false},"featured_media":12294,"comment_status":"closed","ping_status":"closed","template":"","meta":[],"product_brand":[],"product_cat":[325],"product_tag":[184,326,185,186,181,188,329,182,204,183],"class_list":{"0":"post-12293","1":"product","2":"type-product","3":"status-publish","4":"has-post-thumbnail","6":"product_cat-frm-part-2","7":"product_tag-frm","8":"product_tag-frm-2025","9":"product_tag-frm-books","10":"product_tag-frm-ebooks","11":"product_tag-frm-exam","12":"product_tag-frm-part-2","13":"product_tag-frm-part-2-2025","14":"product_tag-frm-prep","15":"product_tag-frm-question-bank","16":"product_tag-frm-test","18":"first","19":"instock","20":"downloadable","21":"virtual","22":"sold-individually","23":"purchasable","24":"product-type-simple"},"_links":{"self":[{"href":"https:\/\/www.cfaebooks.com\/tr\/wp-json\/wp\/v2\/product\/12293","targetHints":{"allow":["GET"]}}],"collection":[{"href":"https:\/\/www.cfaebooks.com\/tr\/wp-json\/wp\/v2\/product"}],"about":[{"href":"https:\/\/www.cfaebooks.com\/tr\/wp-json\/wp\/v2\/types\/product"}],"replies":[{"embeddable":true,"href":"https:\/\/www.cfaebooks.com\/tr\/wp-json\/wp\/v2\/comments?post=12293"}],"wp:featuredmedia":[{"embeddable":true,"href":"https:\/\/www.cfaebooks.com\/tr\/wp-json\/wp\/v2\/media\/12294"}],"wp:attachment":[{"href":"https:\/\/www.cfaebooks.com\/tr\/wp-json\/wp\/v2\/media?parent=12293"}],"wp:term":[{"taxonomy":"product_brand","embeddable":true,"href":"https:\/\/www.cfaebooks.com\/tr\/wp-json\/wp\/v2\/product_brand?post=12293"},{"taxonomy":"product_cat","embeddable":true,"href":"https:\/\/www.cfaebooks.com\/tr\/wp-json\/wp\/v2\/product_cat?post=12293"},{"taxonomy":"product_tag","embeddable":true,"href":"https:\/\/www.cfaebooks.com\/tr\/wp-json\/wp\/v2\/product_tag?post=12293"}],"curies":[{"name":"wp","href":"https:\/\/api.w.org\/{rel}","templated":true}]}}