{"id":12284,"date":"2025-04-07T07:51:06","date_gmt":"2025-04-07T07:51:06","guid":{"rendered":"https:\/\/www.cfaebooks.com\/?post_type=product&#038;p=12284"},"modified":"2026-04-03T08:03:08","modified_gmt":"2026-04-03T08:03:08","slug":"frm-2026-schweser-videolari-bolum-2-calisma-kitabi-ile","status":"publish","type":"product","link":"https:\/\/www.cfaebooks.com\/tr\/products\/frm-2026-schweser-videolari-bolum-2-calisma-kitabi-ile\/","title":{"rendered":"FRM 2026 Schweser Videolar\u0131 \u00c7al\u0131\u015fma Kitab\u0131 ile B\u00f6l\u00fcm 2"},"content":{"rendered":"<p>Sat\u0131l\u0131k: 2026 FRM Schweser Video Dersleri 2. B\u00f6l\u00fcm ve \u00c7al\u0131\u015fma Kitab\u0131.<\/p>\n\n\n\n<p><strong>Kapsanan Konular:<\/strong><\/p>\n\n\n\n<ul class=\"wp-block-list\">\n<li>Piyasa Riski \u00d6l\u00e7\u00fcm\u00fc ve Y\u00f6netimi<\/li>\n\n\n\n<li>Kredi Riski \u00d6l\u00e7\u00fcm\u00fc ve Y\u00f6netimi<\/li>\n\n\n\n<li>Operasyonel Risk ve Dayan\u0131kl\u0131l\u0131k<\/li>\n\n\n\n<li>Likidite ve Hazine Riski \u00d6l\u00e7\u00fcm\u00fc ve Y\u00f6netimi<\/li>\n\n\n\n<li>Risk Y\u00f6netimi, Yat\u0131r\u0131m Y\u00f6netimi ve Finansal Piyasalarda G\u00fcncel Konular<\/li>\n<\/ul>\n\n\n\n<p><strong>Ne Dahil?<\/strong><\/p>\n\n\n\n<ul class=\"wp-block-list\">\n<li><strong>Video Dersler<\/strong>: Deneyimli e\u011fitmenler taraf\u0131ndan t\u00fcm temel B\u00f6l\u00fcm 2 konular\u0131n\u0131 kapsayan derinlemesine sunumlar.<\/li>\n\n\n\n<li><strong>\u00c7al\u0131\u015fma Kitab\u0131<\/strong>: Kilit noktalar\u0131 \u00f6zetleyen iyi yap\u0131land\u0131r\u0131lm\u0131\u015f slaytlar, h\u0131zl\u0131 ve etkili g\u00f6zden ge\u00e7irme i\u00e7in m\u00fckemmeldir.<\/li>\n<\/ul>\n\n\n\n<p>\u00d6deme yapt\u0131ktan sonra an\u0131nda indirebilirsiniz.<\/p>","protected":false},"excerpt":{"rendered":"<p>For sale is the 2026 FRM Schweser Video Lectures Part 2 with Workbook. Topics Covered: What\u2019s Included: After checkout you can download instantly.<\/p>","protected":false},"featured_media":17229,"comment_status":"closed","ping_status":"closed","template":"","meta":[],"product_brand":[],"product_cat":[325],"product_tag":[184,409,181,411,182,183,175,271],"class_list":{"0":"post-12284","1":"product","2":"type-product","3":"status-publish","4":"has-post-thumbnail","6":"product_cat-frm-part-2","7":"product_tag-frm","8":"product_tag-frm-2026","9":"product_tag-frm-exam","10":"product_tag-frm-part-2-2026","11":"product_tag-frm-prep","12":"product_tag-frm-test","13":"product_tag-video","14":"product_tag-video-lectures","16":"first","17":"instock","18":"downloadable","19":"virtual","20":"sold-individually","21":"purchasable","22":"product-type-simple"},"_links":{"self":[{"href":"https:\/\/www.cfaebooks.com\/tr\/wp-json\/wp\/v2\/product\/12284","targetHints":{"allow":["GET"]}}],"collection":[{"href":"https:\/\/www.cfaebooks.com\/tr\/wp-json\/wp\/v2\/product"}],"about":[{"href":"https:\/\/www.cfaebooks.com\/tr\/wp-json\/wp\/v2\/types\/product"}],"replies":[{"embeddable":true,"href":"https:\/\/www.cfaebooks.com\/tr\/wp-json\/wp\/v2\/comments?post=12284"}],"wp:featuredmedia":[{"embeddable":true,"href":"https:\/\/www.cfaebooks.com\/tr\/wp-json\/wp\/v2\/media\/17229"}],"wp:attachment":[{"href":"https:\/\/www.cfaebooks.com\/tr\/wp-json\/wp\/v2\/media?parent=12284"}],"wp:term":[{"taxonomy":"product_brand","embeddable":true,"href":"https:\/\/www.cfaebooks.com\/tr\/wp-json\/wp\/v2\/product_brand?post=12284"},{"taxonomy":"product_cat","embeddable":true,"href":"https:\/\/www.cfaebooks.com\/tr\/wp-json\/wp\/v2\/product_cat?post=12284"},{"taxonomy":"product_tag","embeddable":true,"href":"https:\/\/www.cfaebooks.com\/tr\/wp-json\/wp\/v2\/product_tag?post=12284"}],"curies":[{"name":"wp","href":"https:\/\/api.w.org\/{rel}","templated":true}]}}