{"id":12240,"date":"2025-04-05T06:34:02","date_gmt":"2025-04-05T06:34:02","guid":{"rendered":"https:\/\/www.cfaebooks.com\/?post_type=product&#038;p=12240"},"modified":"2026-04-03T08:02:57","modified_gmt":"2026-04-03T08:02:57","slug":"cfa-2025-level-3-schweser-review-workshop-portfolio-management-pathway-with-questions-and-mind-maps","status":"publish","type":"product","link":"https:\/\/www.cfaebooks.com\/tr\/products\/cfa-2025-level-3-schweser-review-workshop-portfolio-management-pathway-with-questions-and-mind-maps\/","title":{"rendered":"CFA 2025 Seviye 3 Schweser G\u00f6zden Ge\u00e7irme At\u00f6lyesi Sorular ve Zihin Haritalar\u0131 ile Portf\u00f6y Y\u00f6netimi Yolu"},"content":{"rendered":"<p>Sat\u0131l\u0131k 2025 CFA Schweser Review Workshop Level 3 Portfolio Management Pathway (Sorular + Zihin Haritalar\u0131).<\/p>\n\n\n\n<h3 class=\"wp-block-heading\">Kapsanan Konular:<\/h3>\n\n\n\n<ul class=\"wp-block-list\">\n<li>Giri\u015f<\/li>\n\n\n\n<li>Varl\u0131k Tahsisi<\/li>\n\n\n\n<li>Portf\u00f6y Olu\u015fturma<\/li>\n\n\n\n<li>Performans \u00d6l\u00e7\u00fcm\u00fc<\/li>\n\n\n\n<li>T\u00fcrev \u00dcr\u00fcnler ve Risk Y\u00f6netimi<\/li>\n\n\n\n<li>Etik ve Mesleki Standartlar<\/li>\n\n\n\n<li>Portf\u00f6y Y\u00f6netimi Yolu<\/li>\n<\/ul>\n\n\n\n<p><strong>Schweser G\u00f6zden Ge\u00e7irme At\u00f6lyesi Sorular\u0131 ve Cevaplar\u0131<\/strong><\/p>\n\n\n\n<ul class=\"wp-block-list\">\n<li>Cevaplar\u0131 ile birlikte sorular i\u00e7erir: Toplam 400 sayfa<\/li>\n<\/ul>\n\n\n\n<p><strong>Schweser \u0130nceleme At\u00f6lyesi Zihin Haritalar\u0131<\/strong><\/p>\n\n\n\n<ul class=\"wp-block-list\">\n<li>Toplam 270 sayfa olan Schweser \u0130nceleme At\u00f6lyesi zihin haritalar\u0131n\u0131 (slaytlar) i\u00e7erir<\/li>\n<\/ul>\n\n\n\n<p>\u00d6deme yapt\u0131ktan sonra materyali hemen indirebilirsiniz.<\/p>","protected":false},"excerpt":{"rendered":"<p>For sale is the 2025 CFA Schweser Review Workshop Level 3 Portfolio Management Pathway (Questions + Mind Maps). Topics Covered: Schweser Review Workshop Questions with Answers Schweser Review Workshop Mind Maps After checkout you can download the material immediately.<\/p>","protected":false},"featured_media":12243,"comment_status":"closed","ping_status":"closed","template":"","meta":[],"product_brand":[],"product_cat":[265,269],"product_tag":[261,93,88,90,180,267,91,92,302],"class_list":{"0":"post-12240","1":"product","2":"type-product","3":"status-publish","4":"has-post-thumbnail","6":"product_cat-cfa-level-3","7":"product_cat-cfa-video-lectures","8":"product_tag-cfa-2025","9":"product_tag-cfa-books","10":"product_tag-cfa-ebooks","11":"product_tag-cfa-exam","12":"product_tag-cfa-level-3","13":"product_tag-cfa-level-3-2025","14":"product_tag-cfa-prep","15":"product_tag-cfa-test","16":"product_tag-cfa-video-lectures","18":"first","19":"instock","20":"downloadable","21":"virtual","22":"sold-individually","23":"purchasable","24":"product-type-simple"},"_links":{"self":[{"href":"https:\/\/www.cfaebooks.com\/tr\/wp-json\/wp\/v2\/product\/12240","targetHints":{"allow":["GET"]}}],"collection":[{"href":"https:\/\/www.cfaebooks.com\/tr\/wp-json\/wp\/v2\/product"}],"about":[{"href":"https:\/\/www.cfaebooks.com\/tr\/wp-json\/wp\/v2\/types\/product"}],"replies":[{"embeddable":true,"href":"https:\/\/www.cfaebooks.com\/tr\/wp-json\/wp\/v2\/comments?post=12240"}],"wp:featuredmedia":[{"embeddable":true,"href":"https:\/\/www.cfaebooks.com\/tr\/wp-json\/wp\/v2\/media\/12243"}],"wp:attachment":[{"href":"https:\/\/www.cfaebooks.com\/tr\/wp-json\/wp\/v2\/media?parent=12240"}],"wp:term":[{"taxonomy":"product_brand","embeddable":true,"href":"https:\/\/www.cfaebooks.com\/tr\/wp-json\/wp\/v2\/product_brand?post=12240"},{"taxonomy":"product_cat","embeddable":true,"href":"https:\/\/www.cfaebooks.com\/tr\/wp-json\/wp\/v2\/product_cat?post=12240"},{"taxonomy":"product_tag","embeddable":true,"href":"https:\/\/www.cfaebooks.com\/tr\/wp-json\/wp\/v2\/product_tag?post=12240"}],"curies":[{"name":"wp","href":"https:\/\/api.w.org\/{rel}","templated":true}]}}