{"id":12223,"date":"2025-04-03T14:34:56","date_gmt":"2025-04-03T14:34:56","guid":{"rendered":"https:\/\/www.cfaebooks.com\/?post_type=product&#038;p=12223"},"modified":"2026-04-03T08:02:52","modified_gmt":"2026-04-03T08:02:52","slug":"cfa-2025-schweser-soru-bankasi-sevi%cc%87ye-3-ozel-pi%cc%87yasa-yolu","status":"publish","type":"product","link":"https:\/\/www.cfaebooks.com\/tr\/products\/cfa-2025-schweser-soru-bankasi-sevi%cc%87ye-3-ozel-pi%cc%87yasa-yolu\/","title":{"rendered":"CFA 2025 Schweser Soru Bankas\u0131 Seviye 3 \u00d6zel Piyasa Yolu"},"content":{"rendered":"<p>Sat\u0131l\u0131k bir e-Kitap 2025 CFA Schweser Soru Bankas\u0131 Seviye 3 \u00d6zel Piyasalar Yolu PDF.<\/p>\n\n\n\n<p><strong>A\u015fa\u011f\u0131daki konular\u0131 i\u00e7erir:<\/strong><\/p>\n\n\n\n<ul class=\"wp-block-list\">\n<li>Varl\u0131k Tahsisi<\/li>\n\n\n\n<li>Portf\u00f6y Olu\u015fturma<\/li>\n\n\n\n<li>Performans \u00d6l\u00e7\u00fcm\u00fc<\/li>\n\n\n\n<li>T\u00fcrev \u00dcr\u00fcnler ve Risk Y\u00f6netimi<\/li>\n\n\n\n<li>Etik ve Mesleki Standartlar<\/li>\n\n\n\n<li><strong>\u00d6zel Pazarlar<\/strong><\/li>\n<\/ul>\n\n\n\n<p>\u00d6deme yapt\u0131ktan sonra e-Kitab\u0131 hemen indirebilirsiniz. Bu fiziksel bir kitap de\u011fil, PDF dijital kopyas\u0131d\u0131r. Fiziksel bir bas\u0131l\u0131 kopya istiyorsan\u0131z l\u00fctfen sat\u0131n almay\u0131n.<\/p>","protected":false},"excerpt":{"rendered":"<p>For sale is an e-Book 2025 CFA Schweser Question Bank Level 3 Private Markets Pathway PDF. Includes the following topics: After checkout you can download the e-Book immediately. This is not a physical book it is a&nbsp;PDF&nbsp;digital copy. Please do not purchase if you want a physical hard copy.<\/p>","protected":false},"featured_media":12225,"comment_status":"closed","ping_status":"closed","template":"","meta":[],"product_brand":[],"product_cat":[265],"product_tag":[261,93,88,90,180,267,91,166,92,162,161,163],"class_list":{"0":"post-12223","1":"product","2":"type-product","3":"status-publish","4":"has-post-thumbnail","6":"product_cat-cfa-level-3","7":"product_tag-cfa-2025","8":"product_tag-cfa-books","9":"product_tag-cfa-ebooks","10":"product_tag-cfa-exam","11":"product_tag-cfa-level-3","12":"product_tag-cfa-level-3-2025","13":"product_tag-cfa-prep","14":"product_tag-cfa-question-bank","15":"product_tag-cfa-test","16":"product_tag-qbank","17":"product_tag-question-bank","18":"product_tag-schweser-qbank","20":"first","21":"instock","22":"downloadable","23":"virtual","24":"sold-individually","25":"purchasable","26":"product-type-simple"},"_links":{"self":[{"href":"https:\/\/www.cfaebooks.com\/tr\/wp-json\/wp\/v2\/product\/12223","targetHints":{"allow":["GET"]}}],"collection":[{"href":"https:\/\/www.cfaebooks.com\/tr\/wp-json\/wp\/v2\/product"}],"about":[{"href":"https:\/\/www.cfaebooks.com\/tr\/wp-json\/wp\/v2\/types\/product"}],"replies":[{"embeddable":true,"href":"https:\/\/www.cfaebooks.com\/tr\/wp-json\/wp\/v2\/comments?post=12223"}],"wp:featuredmedia":[{"embeddable":true,"href":"https:\/\/www.cfaebooks.com\/tr\/wp-json\/wp\/v2\/media\/12225"}],"wp:attachment":[{"href":"https:\/\/www.cfaebooks.com\/tr\/wp-json\/wp\/v2\/media?parent=12223"}],"wp:term":[{"taxonomy":"product_brand","embeddable":true,"href":"https:\/\/www.cfaebooks.com\/tr\/wp-json\/wp\/v2\/product_brand?post=12223"},{"taxonomy":"product_cat","embeddable":true,"href":"https:\/\/www.cfaebooks.com\/tr\/wp-json\/wp\/v2\/product_cat?post=12223"},{"taxonomy":"product_tag","embeddable":true,"href":"https:\/\/www.cfaebooks.com\/tr\/wp-json\/wp\/v2\/product_tag?post=12223"}],"curies":[{"name":"wp","href":"https:\/\/api.w.org\/{rel}","templated":true}]}}