{"id":12213,"date":"2025-04-03T14:07:52","date_gmt":"2025-04-03T14:07:52","guid":{"rendered":"https:\/\/www.cfaebooks.com\/?post_type=product&#038;p=12213"},"modified":"2026-04-03T08:02:47","modified_gmt":"2026-04-03T08:02:47","slug":"cfa-2025-schweser-gi%cc%87zli%cc%87-sos-sevi%cc%87ye-3-ozel-servet-yolu","status":"publish","type":"product","link":"https:\/\/www.cfaebooks.com\/tr\/products\/cfa-2025-schweser-gi%cc%87zli%cc%87-sos-sevi%cc%87ye-3-ozel-servet-yolu\/","title":{"rendered":"CFA 2025 Schweser Gizli Sos Seviye 3 \u00d6zel Servet Yolu"},"content":{"rendered":"<p>Sat\u0131l\u0131k <strong>2025 CFA Schweser Gizli Sos Seviye 3 \u00d6zel Servet Yolu<\/strong> PDF.<\/p>\n\n\n\n<p><strong>A\u015fa\u011f\u0131daki konular\u0131 i\u00e7erir:<\/strong><\/p>\n\n\n\n<ul class=\"wp-block-list\">\n<li>Varl\u0131k Tahsisi<\/li>\n\n\n\n<li>Portf\u00f6y Olu\u015fturma<\/li>\n\n\n\n<li>Performans \u00d6l\u00e7\u00fcm\u00fc<\/li>\n\n\n\n<li>T\u00fcrev \u00dcr\u00fcnler ve Risk Y\u00f6netimi<\/li>\n\n\n\n<li>Etik ve Mesleki Standartlar<\/li>\n\n\n\n<li>\u00d6zel Servet<\/li>\n\n\n\n<li>Temel S\u0131nav Stratejileri<\/li>\n<\/ul>\n\n\n\n<p>Metin, bilgisayar klavyenizdeki 'ctrl+f' bulma \u00f6zelli\u011fi kullan\u0131larak ve ak\u0131ll\u0131 telefonunuzda\/tabletinizde arama yap\u0131larak aranabilir. Bunlar fiziksel kitaplar de\u011fil, PDF dijital kopyalard\u0131r. Fiziksel bir bas\u0131l\u0131 kopya istiyorsan\u0131z l\u00fctfen sat\u0131n almay\u0131n.<\/p>\n\n\n\n<p>\u00d6deme yapt\u0131ktan sonra e-Kitab\u0131 hemen indirebilirsiniz.<\/p>","protected":false},"excerpt":{"rendered":"<p>For sale is the 2025 CFA Schweser Secret Sauce Level 3 Private Wealth Pathway PDF. Includes the following topics: The text is searchable using the find feature on your computer keyboard \u2018ctrl+f\u2019 and through search on your smartphone\/tablet. These are not physical books they are PDF digital copies. Please do not purchase if you want [&hellip;]<\/p>\n","protected":false},"featured_media":12214,"comment_status":"closed","ping_status":"closed","template":"","meta":[],"product_brand":[],"product_cat":[265],"product_tag":[261,93,88,90,180,267,91,92,159],"class_list":{"0":"post-12213","1":"product","2":"type-product","3":"status-publish","4":"has-post-thumbnail","6":"product_cat-cfa-level-3","7":"product_tag-cfa-2025","8":"product_tag-cfa-books","9":"product_tag-cfa-ebooks","10":"product_tag-cfa-exam","11":"product_tag-cfa-level-3","12":"product_tag-cfa-level-3-2025","13":"product_tag-cfa-prep","14":"product_tag-cfa-test","15":"product_tag-secret-sauce","17":"first","18":"instock","19":"downloadable","20":"virtual","21":"sold-individually","22":"purchasable","23":"product-type-simple"},"_links":{"self":[{"href":"https:\/\/www.cfaebooks.com\/tr\/wp-json\/wp\/v2\/product\/12213","targetHints":{"allow":["GET"]}}],"collection":[{"href":"https:\/\/www.cfaebooks.com\/tr\/wp-json\/wp\/v2\/product"}],"about":[{"href":"https:\/\/www.cfaebooks.com\/tr\/wp-json\/wp\/v2\/types\/product"}],"replies":[{"embeddable":true,"href":"https:\/\/www.cfaebooks.com\/tr\/wp-json\/wp\/v2\/comments?post=12213"}],"wp:featuredmedia":[{"embeddable":true,"href":"https:\/\/www.cfaebooks.com\/tr\/wp-json\/wp\/v2\/media\/12214"}],"wp:attachment":[{"href":"https:\/\/www.cfaebooks.com\/tr\/wp-json\/wp\/v2\/media?parent=12213"}],"wp:term":[{"taxonomy":"product_brand","embeddable":true,"href":"https:\/\/www.cfaebooks.com\/tr\/wp-json\/wp\/v2\/product_brand?post=12213"},{"taxonomy":"product_cat","embeddable":true,"href":"https:\/\/www.cfaebooks.com\/tr\/wp-json\/wp\/v2\/product_cat?post=12213"},{"taxonomy":"product_tag","embeddable":true,"href":"https:\/\/www.cfaebooks.com\/tr\/wp-json\/wp\/v2\/product_tag?post=12213"}],"curies":[{"name":"wp","href":"https:\/\/api.w.org\/{rel}","templated":true}]}}