{"id":12205,"date":"2025-04-03T05:16:56","date_gmt":"2025-04-03T05:16:56","guid":{"rendered":"https:\/\/www.cfaebooks.com\/?post_type=product&#038;p=12205"},"modified":"2026-04-03T08:02:42","modified_gmt":"2026-04-03T08:02:42","slug":"cfa-2025-schweser-secret-sauce-level-1","status":"publish","type":"product","link":"https:\/\/www.cfaebooks.com\/tr\/products\/cfa-2025-schweser-secret-sauce-level-1\/","title":{"rendered":"CFA 2025 Schweser Gizli Sos Seviye 1"},"content":{"rendered":"<p>Sat\u0131l\u0131k bir e-Kitap <strong>2025 CFA Schweser Gizli Sos Seviye 1<\/strong> PDF<\/p>\n\n\n\n<p><strong>Kapsanan Konular:<\/strong><\/p>\n\n\n\n<ul class=\"wp-block-list\">\n<li>Etik ve Mesleki Standartlar<\/li>\n\n\n\n<li>Nicel Y\u00f6ntemler<\/li>\n\n\n\n<li>Ekonomi<\/li>\n\n\n\n<li>Finansal Raporlama ve Analiz<\/li>\n\n\n\n<li>Kurumsal \u0130hra\u00e7\u00e7\u0131lar<\/li>\n\n\n\n<li>\u00d6zkaynak Yat\u0131r\u0131mlar\u0131<\/li>\n\n\n\n<li>Sabit Gelir<\/li>\n\n\n\n<li>T\u00fcrevler<\/li>\n\n\n\n<li>Alternatif Yat\u0131r\u0131mlar<\/li>\n\n\n\n<li>Portf\u00f6y Y\u00f6netimi<\/li>\n<\/ul>\n\n\n\n<p>Metin, bilgisayar klavyenizdeki 'ctrl+f' bulma \u00f6zelli\u011fi kullan\u0131larak ve ak\u0131ll\u0131 telefonunuzda\/tabletinizde arama yap\u0131larak aranabilir. Bunlar fiziksel kitaplar de\u011fil, PDF dijital kopyalard\u0131r. Fiziksel bir bas\u0131l\u0131 kopya istiyorsan\u0131z l\u00fctfen sat\u0131n almay\u0131n.<\/p>\n\n\n\n<p>\u00d6deme yapt\u0131ktan sonra e-Kitaplar\u0131 hemen indirebilirsiniz<\/p>","protected":false},"excerpt":{"rendered":"<p>For sale is an e-Book 2025 CFA Schweser Secret Sauce Level 1 PDF Topics Covered: The text is searchable using the find feature on your computer keyboard &#8216;ctrl+f&#8217; and through search on your smartphone\/tablet. These are not physical books they are PDF digital copies. Please do not purchase if you want a physical hard copy. [&hellip;]<\/p>\n","protected":false},"featured_media":12206,"comment_status":"closed","ping_status":"closed","template":"","meta":[],"product_brand":[],"product_cat":[260],"product_tag":[261,93,88,90,87,91,92,159,168],"class_list":{"0":"post-12205","1":"product","2":"type-product","3":"status-publish","4":"has-post-thumbnail","6":"product_cat-cfa-level-1","7":"product_tag-cfa-2025","8":"product_tag-cfa-books","9":"product_tag-cfa-ebooks","10":"product_tag-cfa-exam","11":"product_tag-cfa-level-i","12":"product_tag-cfa-prep","13":"product_tag-cfa-test","14":"product_tag-secret-sauce","15":"product_tag-study-notes","17":"first","18":"instock","19":"downloadable","20":"virtual","21":"sold-individually","22":"purchasable","23":"product-type-simple"},"_links":{"self":[{"href":"https:\/\/www.cfaebooks.com\/tr\/wp-json\/wp\/v2\/product\/12205","targetHints":{"allow":["GET"]}}],"collection":[{"href":"https:\/\/www.cfaebooks.com\/tr\/wp-json\/wp\/v2\/product"}],"about":[{"href":"https:\/\/www.cfaebooks.com\/tr\/wp-json\/wp\/v2\/types\/product"}],"replies":[{"embeddable":true,"href":"https:\/\/www.cfaebooks.com\/tr\/wp-json\/wp\/v2\/comments?post=12205"}],"wp:featuredmedia":[{"embeddable":true,"href":"https:\/\/www.cfaebooks.com\/tr\/wp-json\/wp\/v2\/media\/12206"}],"wp:attachment":[{"href":"https:\/\/www.cfaebooks.com\/tr\/wp-json\/wp\/v2\/media?parent=12205"}],"wp:term":[{"taxonomy":"product_brand","embeddable":true,"href":"https:\/\/www.cfaebooks.com\/tr\/wp-json\/wp\/v2\/product_brand?post=12205"},{"taxonomy":"product_cat","embeddable":true,"href":"https:\/\/www.cfaebooks.com\/tr\/wp-json\/wp\/v2\/product_cat?post=12205"},{"taxonomy":"product_tag","embeddable":true,"href":"https:\/\/www.cfaebooks.com\/tr\/wp-json\/wp\/v2\/product_tag?post=12205"}],"curies":[{"name":"wp","href":"https:\/\/api.w.org\/{rel}","templated":true}]}}