{"id":12184,"date":"2025-04-02T02:18:26","date_gmt":"2025-04-02T02:18:26","guid":{"rendered":"https:\/\/www.cfaebooks.com\/?post_type=product&#038;p=12184"},"modified":"2026-04-03T08:02:33","modified_gmt":"2026-04-03T08:02:33","slug":"cfa-level-2-2025-anali%cc%87stprep-calisma-notlari","status":"publish","type":"product","link":"https:\/\/www.cfaebooks.com\/tr\/products\/cfa-level-2-2025-anali%cc%87stprep-calisma-notlari\/","title":{"rendered":"CFA Seviye 2 2025 AnalystPrep \u00c7al\u0131\u015fma Notlar\u0131"},"content":{"rendered":"<p>Sat\u0131l\u0131k 2025 CFA AnalystPrep \u00c7al\u0131\u015fma Notlar\u0131 Seviye 2 PDF.<\/p>\n\n\n\n<p>10 ciltlik set i\u00e7erir:<\/p>\n\n\n\n<ul class=\"wp-block-list\">\n<li>Nicel Y\u00f6ntemler<\/li>\n\n\n\n<li>Ekonomi<\/li>\n\n\n\n<li>Finansal_Raporlama &amp; Analiz<\/li>\n\n\n\n<li>Kurumsal \u0130hra\u00e7\u00e7\u0131lar<\/li>\n\n\n\n<li>E\u015fitlik<\/li>\n\n\n\n<li>Sabit Gelir<\/li>\n\n\n\n<li>T\u00fcrevler<\/li>\n\n\n\n<li>Alternatif Yat\u0131r\u0131mlar<\/li>\n\n\n\n<li>Portf\u00f6y Y\u00f6netimi<\/li>\n\n\n\n<li>Etik<\/li>\n<\/ul>\n\n\n\n<p>Fiziksel bir bas\u0131l\u0131 kopya istiyorsan\u0131z l\u00fctfen sat\u0131n almay\u0131n. <\/p>\n\n\n\n<p>\u00d6deme yapt\u0131ktan sonra materyali hemen indirebilirsiniz.<\/p>","protected":false},"excerpt":{"rendered":"<p>For sale is the 2025 CFA AnalystPrep Study Notes Level 2 PDF. Includes Set of 10 volumes: Please do not purchase if you want a physical hard copy. After checkout you can download the material immediately.<\/p>","protected":false},"featured_media":12185,"comment_status":"closed","ping_status":"closed","template":"","meta":[],"product_brand":[],"product_cat":[266],"product_tag":[261,93,88,90,293,92,168],"class_list":{"0":"post-12184","1":"product","2":"type-product","3":"status-publish","4":"has-post-thumbnail","6":"product_cat-cfa-level-2","7":"product_tag-cfa-2025","8":"product_tag-cfa-books","9":"product_tag-cfa-ebooks","10":"product_tag-cfa-exam","11":"product_tag-cfa-level-2-2025","12":"product_tag-cfa-test","13":"product_tag-study-notes","15":"first","16":"instock","17":"downloadable","18":"virtual","19":"sold-individually","20":"purchasable","21":"product-type-simple"},"_links":{"self":[{"href":"https:\/\/www.cfaebooks.com\/tr\/wp-json\/wp\/v2\/product\/12184","targetHints":{"allow":["GET"]}}],"collection":[{"href":"https:\/\/www.cfaebooks.com\/tr\/wp-json\/wp\/v2\/product"}],"about":[{"href":"https:\/\/www.cfaebooks.com\/tr\/wp-json\/wp\/v2\/types\/product"}],"replies":[{"embeddable":true,"href":"https:\/\/www.cfaebooks.com\/tr\/wp-json\/wp\/v2\/comments?post=12184"}],"wp:featuredmedia":[{"embeddable":true,"href":"https:\/\/www.cfaebooks.com\/tr\/wp-json\/wp\/v2\/media\/12185"}],"wp:attachment":[{"href":"https:\/\/www.cfaebooks.com\/tr\/wp-json\/wp\/v2\/media?parent=12184"}],"wp:term":[{"taxonomy":"product_brand","embeddable":true,"href":"https:\/\/www.cfaebooks.com\/tr\/wp-json\/wp\/v2\/product_brand?post=12184"},{"taxonomy":"product_cat","embeddable":true,"href":"https:\/\/www.cfaebooks.com\/tr\/wp-json\/wp\/v2\/product_cat?post=12184"},{"taxonomy":"product_tag","embeddable":true,"href":"https:\/\/www.cfaebooks.com\/tr\/wp-json\/wp\/v2\/product_tag?post=12184"}],"curies":[{"name":"wp","href":"https:\/\/api.w.org\/{rel}","templated":true}]}}