{"id":12178,"date":"2025-04-01T14:21:44","date_gmt":"2025-04-01T14:21:44","guid":{"rendered":"https:\/\/www.cfaebooks.com\/?post_type=product&#038;p=12178"},"modified":"2026-04-03T08:02:30","modified_gmt":"2026-04-03T08:02:30","slug":"cfa-2025-level-2-uworld-question-bank","status":"publish","type":"product","link":"https:\/\/www.cfaebooks.com\/tr\/products\/cfa-2025-level-2-uworld-question-bank\/","title":{"rendered":"CFA 2025 Seviye 2 UWorld Soru Bankas\u0131"},"content":{"rendered":"<p>Sat\u0131l\u0131k 2025 CFA UWorld Soru Bankas\u0131 Seviye 2 PDF.<\/p>\n\n\n\n<p>900+ Uygulama Sorusu \u0130\u00e7eren CFA Seviye 2 Soru Bankas\u0131<\/p>\n\n\n\n<p>10 ciltlik set i\u00e7erir:<\/p>\n\n\n\n<ul class=\"wp-block-list\">\n<li>Nicel Y\u00f6ntemler<\/li>\n\n\n\n<li>Ekonomi<\/li>\n\n\n\n<li>Mali Tablo Analizi<\/li>\n\n\n\n<li>Kurumsal \u0130hra\u00e7\u00e7\u0131lar<\/li>\n\n\n\n<li>\u00d6zkaynak De\u011ferlemesi<\/li>\n\n\n\n<li>Sabit Gelir<\/li>\n\n\n\n<li>T\u00fcrevler<\/li>\n\n\n\n<li>Alternatif Yat\u0131r\u0131mlar<\/li>\n\n\n\n<li>Portf\u00f6y Y\u00f6netimi<\/li>\n\n\n\n<li>Etik ve Mesleki Standartlar<\/li>\n<\/ul>\n\n\n\n<p>Fiziksel bir bas\u0131l\u0131 kopya istiyorsan\u0131z l\u00fctfen sat\u0131n almay\u0131n. <\/p>\n\n\n\n<p>\u00d6deme yapt\u0131ktan sonra materyali hemen indirebilirsiniz.<\/p>","protected":false},"excerpt":{"rendered":"<p>For sale is the 2025 CFA UWorld Question Bank Level 2 PDF. CFA Level 2 Question Bank With 900+ Practice Questions Includes Set of 10 volumes: Please do not purchase if you want a physical hard copy. After checkout you can download the material immediately.<\/p>","protected":false},"featured_media":12179,"comment_status":"closed","ping_status":"closed","template":"","meta":[],"product_brand":[],"product_cat":[266],"product_tag":[261,93,88,90,293,166,92],"class_list":{"0":"post-12178","1":"product","2":"type-product","3":"status-publish","4":"has-post-thumbnail","6":"product_cat-cfa-level-2","7":"product_tag-cfa-2025","8":"product_tag-cfa-books","9":"product_tag-cfa-ebooks","10":"product_tag-cfa-exam","11":"product_tag-cfa-level-2-2025","12":"product_tag-cfa-question-bank","13":"product_tag-cfa-test","15":"first","16":"instock","17":"downloadable","18":"virtual","19":"sold-individually","20":"purchasable","21":"product-type-simple"},"_links":{"self":[{"href":"https:\/\/www.cfaebooks.com\/tr\/wp-json\/wp\/v2\/product\/12178","targetHints":{"allow":["GET"]}}],"collection":[{"href":"https:\/\/www.cfaebooks.com\/tr\/wp-json\/wp\/v2\/product"}],"about":[{"href":"https:\/\/www.cfaebooks.com\/tr\/wp-json\/wp\/v2\/types\/product"}],"replies":[{"embeddable":true,"href":"https:\/\/www.cfaebooks.com\/tr\/wp-json\/wp\/v2\/comments?post=12178"}],"wp:featuredmedia":[{"embeddable":true,"href":"https:\/\/www.cfaebooks.com\/tr\/wp-json\/wp\/v2\/media\/12179"}],"wp:attachment":[{"href":"https:\/\/www.cfaebooks.com\/tr\/wp-json\/wp\/v2\/media?parent=12178"}],"wp:term":[{"taxonomy":"product_brand","embeddable":true,"href":"https:\/\/www.cfaebooks.com\/tr\/wp-json\/wp\/v2\/product_brand?post=12178"},{"taxonomy":"product_cat","embeddable":true,"href":"https:\/\/www.cfaebooks.com\/tr\/wp-json\/wp\/v2\/product_cat?post=12178"},{"taxonomy":"product_tag","embeddable":true,"href":"https:\/\/www.cfaebooks.com\/tr\/wp-json\/wp\/v2\/product_tag?post=12178"}],"curies":[{"name":"wp","href":"https:\/\/api.w.org\/{rel}","templated":true}]}}