{"id":12084,"date":"2025-03-12T03:38:55","date_gmt":"2025-03-12T03:38:55","guid":{"rendered":"https:\/\/www.cfaebooks.com\/?post_type=product&#038;p=12084"},"modified":"2026-04-03T08:02:21","modified_gmt":"2026-04-03T08:02:21","slug":"cfa-2025-schweser-vi%cc%87deo-tam-set-calisma-ki%cc%87taplariyla-bi%cc%87rli%cc%87kte-3-yol","status":"publish","type":"product","link":"https:\/\/www.cfaebooks.com\/tr\/products\/cfa-2025-schweser-vi%cc%87deo-tam-set-calisma-ki%cc%87taplariyla-bi%cc%87rli%cc%87kte-3-yol\/","title":{"rendered":"CFA 2025 Seviye 3 Schweser Video Tam Set \u00c7al\u0131\u015fma Kitaplar\u0131 ile T\u00fcm 3 Yol"},"content":{"rendered":"<p>Sat\u0131l\u0131k 2025 CFA Schweser Video Dersleri Seviye 3 Tam Set T\u00fcm Yollar.<\/p>\n\n\n\n<p>A\u015fa\u011f\u0131daki konular\u0131 i\u00e7erir: <\/p>\n\n\n\n<ul class=\"wp-block-list\">\n<li><em>Varl\u0131k Tahsisi<\/em><\/li>\n\n\n\n<li><em>Portf\u00f6y Olu\u015fturma<\/em><\/li>\n\n\n\n<li><em>Performans \u00d6l\u00e7\u00fcm\u00fc<\/em><\/li>\n\n\n\n<li><em>T\u00fcrev \u00dcr\u00fcnler ve Risk Y\u00f6netimi<\/em><\/li>\n\n\n\n<li><em>Etik ve Mesleki Standartlar<\/em><\/li>\n\n\n\n<li><em>\u00d6zel Servet Yolu<\/em>.<\/li>\n\n\n\n<li><em>\u00d6zel Piyasalar Yolu<\/em><\/li>\n\n\n\n<li><em>Portf\u00f6y Y\u00f6netimi yolu<\/em><\/li>\n<\/ul>\n\n\n\n<p>\u00d6deme yapt\u0131ktan sonra videoyu ve \u00e7al\u0131\u015fma kitab\u0131n\u0131 hemen indirebilirsiniz.<\/p>","protected":false},"excerpt":{"rendered":"<p>For sale is the 2025 CFA Schweser Video Lectures Level 3 Full Set All Pathways. Includes the following topics: After checkout you can download the video and workbook immediately.<\/p>","protected":false},"featured_media":14550,"comment_status":"closed","ping_status":"closed","template":"","meta":[],"product_brand":[],"product_cat":[265,269],"product_tag":[261,93,88,90,180,267,91,92,302,303,175,271,270],"class_list":{"0":"post-12084","1":"product","2":"type-product","3":"status-publish","4":"has-post-thumbnail","6":"product_cat-cfa-level-3","7":"product_cat-cfa-video-lectures","8":"product_tag-cfa-2025","9":"product_tag-cfa-books","10":"product_tag-cfa-ebooks","11":"product_tag-cfa-exam","12":"product_tag-cfa-level-3","13":"product_tag-cfa-level-3-2025","14":"product_tag-cfa-prep","15":"product_tag-cfa-test","16":"product_tag-cfa-video-lectures","17":"product_tag-cfa-video-lessons","18":"product_tag-video","19":"product_tag-video-lectures","20":"product_tag-video-lessons","22":"first","23":"instock","24":"downloadable","25":"virtual","26":"sold-individually","27":"purchasable","28":"product-type-simple"},"_links":{"self":[{"href":"https:\/\/www.cfaebooks.com\/tr\/wp-json\/wp\/v2\/product\/12084","targetHints":{"allow":["GET"]}}],"collection":[{"href":"https:\/\/www.cfaebooks.com\/tr\/wp-json\/wp\/v2\/product"}],"about":[{"href":"https:\/\/www.cfaebooks.com\/tr\/wp-json\/wp\/v2\/types\/product"}],"replies":[{"embeddable":true,"href":"https:\/\/www.cfaebooks.com\/tr\/wp-json\/wp\/v2\/comments?post=12084"}],"wp:featuredmedia":[{"embeddable":true,"href":"https:\/\/www.cfaebooks.com\/tr\/wp-json\/wp\/v2\/media\/14550"}],"wp:attachment":[{"href":"https:\/\/www.cfaebooks.com\/tr\/wp-json\/wp\/v2\/media?parent=12084"}],"wp:term":[{"taxonomy":"product_brand","embeddable":true,"href":"https:\/\/www.cfaebooks.com\/tr\/wp-json\/wp\/v2\/product_brand?post=12084"},{"taxonomy":"product_cat","embeddable":true,"href":"https:\/\/www.cfaebooks.com\/tr\/wp-json\/wp\/v2\/product_cat?post=12084"},{"taxonomy":"product_tag","embeddable":true,"href":"https:\/\/www.cfaebooks.com\/tr\/wp-json\/wp\/v2\/product_tag?post=12084"}],"curies":[{"name":"wp","href":"https:\/\/api.w.org\/{rel}","templated":true}]}}