{"id":12048,"date":"2025-03-12T01:09:58","date_gmt":"2025-03-12T01:09:58","guid":{"rendered":"https:\/\/www.cfaebooks.com\/?post_type=product&#038;p=12048"},"modified":"2026-04-03T08:02:10","modified_gmt":"2026-04-03T08:02:10","slug":"cfa-2025-program-curriculum-level-iii-full-set-all-3-pathways","status":"publish","type":"product","link":"https:\/\/www.cfaebooks.com\/tr\/products\/cfa-2025-program-curriculum-level-iii-full-set-all-3-pathways\/","title":{"rendered":"CFA 2025 Program M\u00fcfredat\u0131 Seviye III Tam Set T\u00fcm 3 Yol"},"content":{"rendered":"<p>Sat\u0131l\u0131k bir e-kitap 2025 CFA Program\u0131 M\u00fcfredat\u0131 Seviye III Tam Set T\u00fcm Yollar PDF.<\/p>\n\n\n\n<p>Ciltler \u015funlar\u0131 i\u00e7erir:<\/p>\n\n\n\n<ul class=\"wp-block-list\">\n<li>\u00c7ekirdek M\u00fcfredat\n<ul class=\"wp-block-list\">\n<li>Cilt 1: Varl\u0131k Tahsisi<\/li>\n\n\n\n<li>Cilt 2: Portf\u00f6y Olu\u015fturma<\/li>\n\n\n\n<li>Cilt 3: Performans \u00d6l\u00e7\u00fcm\u00fc<\/li>\n\n\n\n<li>Cilt 4: T\u00fcrev \u00dcr\u00fcnler ve Risk Y\u00f6netimi<\/li>\n\n\n\n<li>Cilt 5: Etik ve Mesleki Standartlar<\/li>\n<\/ul>\n<\/li>\n\n\n\n<li>Portf\u00f6y Y\u00f6netimi Yolu\n<ul class=\"wp-block-list\">\n<li>Cilt 1: Portf\u00f6y Y\u00f6netimi Yolu<\/li>\n\n\n\n<li>Cilt 2: Portf\u00f6y Y\u00f6netimi Yolu<\/li>\n<\/ul>\n<\/li>\n\n\n\n<li>\u00d6zel Piyasalar Yolu\n<ul class=\"wp-block-list\">\n<li>Cilt 1: \u00d6zel Piyasalar Yolu<\/li>\n\n\n\n<li>Cilt 2 \u00d6zel Piyasalar Yolu<\/li>\n<\/ul>\n<\/li>\n\n\n\n<li>\u00d6zel Servet Yolu\n<ul class=\"wp-block-list\">\n<li>Cilt 1: \u00d6zel Servet Yolu<\/li>\n\n\n\n<li>Cilt 2 \u00d6zel Servet Yolu<\/li>\n<\/ul>\n<\/li>\n<\/ul>\n\n\n\n<p>Metin, bilgisayar klavyenizdeki 'ctrl+f' bulma \u00f6zelli\u011fi kullan\u0131larak ve ak\u0131ll\u0131 telefonunuzda\/tabletinizde arama yap\u0131larak aranabilir. Bu fiziksel bir kitap de\u011fil, PDF dijital kopyas\u0131d\u0131r. Fiziksel bir bas\u0131l\u0131 kopya istiyorsan\u0131z l\u00fctfen sat\u0131n almay\u0131n. <\/p>\n\n\n\n<p>\u00d6deme yapt\u0131ktan sonra e-Kitab\u0131 hemen indirebilirsiniz.<\/p>","protected":false},"excerpt":{"rendered":"<p>For sale is an e-book 2025 CFA Program Curriculum Level III Full Set All Pathways PDF. Volumes include: The text is searchable using the find feature on your computer keyboard &#8216;ctrl+f&#8217; and through search on your smartphone\/tablet. This is not a physical book it is a\u00a0PDF\u00a0digital copy. Please do not purchase if you want a [&hellip;]<\/p>\n","protected":false},"featured_media":12049,"comment_status":"closed","ping_status":"closed","template":"","meta":[],"product_brand":[],"product_cat":[265],"product_tag":[261,93,88,90,267,91,92,167],"class_list":{"0":"post-12048","1":"product","2":"type-product","3":"status-publish","4":"has-post-thumbnail","6":"product_cat-cfa-level-3","7":"product_tag-cfa-2025","8":"product_tag-cfa-books","9":"product_tag-cfa-ebooks","10":"product_tag-cfa-exam","11":"product_tag-cfa-level-3-2025","12":"product_tag-cfa-prep","13":"product_tag-cfa-test","14":"product_tag-ift","16":"first","17":"instock","18":"downloadable","19":"virtual","20":"sold-individually","21":"purchasable","22":"product-type-simple"},"_links":{"self":[{"href":"https:\/\/www.cfaebooks.com\/tr\/wp-json\/wp\/v2\/product\/12048","targetHints":{"allow":["GET"]}}],"collection":[{"href":"https:\/\/www.cfaebooks.com\/tr\/wp-json\/wp\/v2\/product"}],"about":[{"href":"https:\/\/www.cfaebooks.com\/tr\/wp-json\/wp\/v2\/types\/product"}],"replies":[{"embeddable":true,"href":"https:\/\/www.cfaebooks.com\/tr\/wp-json\/wp\/v2\/comments?post=12048"}],"wp:featuredmedia":[{"embeddable":true,"href":"https:\/\/www.cfaebooks.com\/tr\/wp-json\/wp\/v2\/media\/12049"}],"wp:attachment":[{"href":"https:\/\/www.cfaebooks.com\/tr\/wp-json\/wp\/v2\/media?parent=12048"}],"wp:term":[{"taxonomy":"product_brand","embeddable":true,"href":"https:\/\/www.cfaebooks.com\/tr\/wp-json\/wp\/v2\/product_brand?post=12048"},{"taxonomy":"product_cat","embeddable":true,"href":"https:\/\/www.cfaebooks.com\/tr\/wp-json\/wp\/v2\/product_cat?post=12048"},{"taxonomy":"product_tag","embeddable":true,"href":"https:\/\/www.cfaebooks.com\/tr\/wp-json\/wp\/v2\/product_tag?post=12048"}],"curies":[{"name":"wp","href":"https:\/\/api.w.org\/{rel}","templated":true}]}}