{"id":11805,"date":"2025-01-30T04:46:07","date_gmt":"2025-01-30T04:46:07","guid":{"rendered":"https:\/\/www.cfaebooks.com\/?post_type=product&#038;p=11805"},"modified":"2026-04-03T08:01:58","modified_gmt":"2026-04-03T08:01:58","slug":"2025-frm-bolum-2-schweser-notlari-ile-hizli-sayfa-2","status":"publish","type":"product","link":"https:\/\/www.cfaebooks.com\/tr\/products\/2025-frm-bolum-2-schweser-notlari-ile-hizli-sayfa-2\/","title":{"rendered":"2025 FRM B\u00f6l\u00fcm 2 Quicksheet ile Schweser Notlar\u0131"},"content":{"rendered":"<p>Sat\u0131l\u0131k bir e-Kitap 2025 FRM Schweser Notlar\u0131 Quicksheet PDF ile B\u00f6l\u00fcm 2.<\/p>\n\n\n\n<p>5 kitapl\u0131k set i\u00e7erir: <\/p>\n\n\n\n<ul class=\"wp-block-list\">\n<li>Kitap 1 - Piyasa Riski \u00d6l\u00e7\u00fcm\u00fc ve Y\u00f6netimi<\/li>\n\n\n\n<li>Kitap 2 - Kredi Riski \u00d6l\u00e7\u00fcm\u00fc ve Y\u00f6netimi<\/li>\n\n\n\n<li>Kitap 3 - Operasyonel Risk ve Dayan\u0131kl\u0131l\u0131k<\/li>\n\n\n\n<li>Kitap 4 - Likidite ve Hazine Riski \u00d6l\u00e7\u00fcm\u00fc<\/li>\n\n\n\n<li>Kitap 5 - Risk Y\u00f6netimi ve Yat\u0131r\u0131m Y\u00f6netimi ve Finansal Piyasalarda G\u00fcncel Konular.<\/li>\n<\/ul>\n\n\n\n<p>Bu fiziksel bir kitap de\u011fil, PDF dijital kopyas\u0131d\u0131r. Fiziksel bir bas\u0131l\u0131 kopya istiyorsan\u0131z l\u00fctfen sat\u0131n almay\u0131n. \u00d6deme yapt\u0131ktan sonra e-Kitab\u0131 an\u0131nda indirebilirsiniz.<\/p>\n\n\n\n<p><\/p>","protected":false},"excerpt":{"rendered":"<p>For sale is an e-Book 2025 FRM Schweser Notes Part 2 with Quicksheet PDF. Includes Set of 5 books: This is not a physical book it is a&nbsp;PDF&nbsp;digital copy. Please do not purchase if you want a physical hard copy. After checkout you can download the e-Book instantly.<\/p>","protected":false},"featured_media":11806,"comment_status":"closed","ping_status":"closed","template":"","meta":[],"product_brand":[],"product_cat":[325],"product_tag":[184,326,185,186,181,328,188,329,182,183,168],"class_list":{"0":"post-11805","1":"product","2":"type-product","3":"status-publish","4":"has-post-thumbnail","6":"product_cat-frm-part-2","7":"product_tag-frm","8":"product_tag-frm-2025","9":"product_tag-frm-books","10":"product_tag-frm-ebooks","11":"product_tag-frm-exam","12":"product_tag-frm-handbook","13":"product_tag-frm-part-2","14":"product_tag-frm-part-2-2025","15":"product_tag-frm-prep","16":"product_tag-frm-test","17":"product_tag-study-notes","19":"first","20":"instock","21":"downloadable","22":"virtual","23":"sold-individually","24":"purchasable","25":"product-type-simple"},"_links":{"self":[{"href":"https:\/\/www.cfaebooks.com\/tr\/wp-json\/wp\/v2\/product\/11805","targetHints":{"allow":["GET"]}}],"collection":[{"href":"https:\/\/www.cfaebooks.com\/tr\/wp-json\/wp\/v2\/product"}],"about":[{"href":"https:\/\/www.cfaebooks.com\/tr\/wp-json\/wp\/v2\/types\/product"}],"replies":[{"embeddable":true,"href":"https:\/\/www.cfaebooks.com\/tr\/wp-json\/wp\/v2\/comments?post=11805"}],"wp:featuredmedia":[{"embeddable":true,"href":"https:\/\/www.cfaebooks.com\/tr\/wp-json\/wp\/v2\/media\/11806"}],"wp:attachment":[{"href":"https:\/\/www.cfaebooks.com\/tr\/wp-json\/wp\/v2\/media?parent=11805"}],"wp:term":[{"taxonomy":"product_brand","embeddable":true,"href":"https:\/\/www.cfaebooks.com\/tr\/wp-json\/wp\/v2\/product_brand?post=11805"},{"taxonomy":"product_cat","embeddable":true,"href":"https:\/\/www.cfaebooks.com\/tr\/wp-json\/wp\/v2\/product_cat?post=11805"},{"taxonomy":"product_tag","embeddable":true,"href":"https:\/\/www.cfaebooks.com\/tr\/wp-json\/wp\/v2\/product_tag?post=11805"}],"curies":[{"name":"wp","href":"https:\/\/api.w.org\/{rel}","templated":true}]}}