{"id":11786,"date":"2025-01-29T09:01:40","date_gmt":"2025-01-29T09:01:40","guid":{"rendered":"https:\/\/www.cfaebooks.com\/?post_type=product&#038;p=11786"},"modified":"2026-04-03T08:01:50","modified_gmt":"2026-04-03T08:01:50","slug":"2025-cfa-sevi%cc%87ye-3-deneme-sinavi-portfoy-yoneti%cc%87mi%cc%87-yolu","status":"publish","type":"product","link":"https:\/\/www.cfaebooks.com\/tr\/products\/2025-cfa-sevi%cc%87ye-3-deneme-sinavi-portfoy-yoneti%cc%87mi%cc%87-yolu\/","title":{"rendered":"2025 CFA IFT Seviye 3 Deneme S\u0131nav\u0131 Portf\u00f6y Y\u00f6netimi Yolu"},"content":{"rendered":"<p>Sat\u0131l\u0131k bir e-Kitap 2025 CFA Seviye 3 IFT Deneme S\u0131nav\u0131 Portf\u00f6y Y\u00f6netimi Yolu PDF.<\/p>\n\n\n\n<ul class=\"wp-block-list\">\n<li>Sorular\u0131 ve cevaplar\u0131 ekleyin. <\/li>\n\n\n\n<li>\u00d6deme yapt\u0131ktan sonra e-Kitab\u0131 hemen indirebilirsiniz. <\/li>\n\n\n\n<li>Bu fiziksel bir kitap de\u011fil, PDF dijital kopyas\u0131d\u0131r. Fiziksel bir bas\u0131l\u0131 kopya istiyorsan\u0131z l\u00fctfen sat\u0131n almay\u0131n.<\/li>\n<\/ul>","protected":false},"excerpt":{"rendered":"<p>Sat\u0131l\u0131k bir e-Kitap 2025 CFA Seviye 3 IFT Deneme S\u0131nav\u0131 Portf\u00f6y Y\u00f6netimi Yolu PDF.<\/p>","protected":false},"featured_media":11787,"comment_status":"closed","ping_status":"closed","template":"","meta":[],"product_brand":[],"product_cat":[265],"product_tag":[261,93,88,90,174,180,267,308,91,92,167,332,176],"class_list":{"0":"post-11786","1":"product","2":"type-product","3":"status-publish","4":"has-post-thumbnail","6":"product_cat-cfa-level-3","7":"product_tag-cfa-2025","8":"product_tag-cfa-books","9":"product_tag-cfa-ebooks","10":"product_tag-cfa-exam","11":"product_tag-cfa-institute","12":"product_tag-cfa-level-3","13":"product_tag-cfa-level-3-2025","14":"product_tag-cfa-level-3-portfolio-management-pathway","15":"product_tag-cfa-prep","16":"product_tag-cfa-test","17":"product_tag-ift","18":"product_tag-ift-2025","19":"product_tag-mock-exam","21":"first","22":"instock","23":"downloadable","24":"virtual","25":"sold-individually","26":"purchasable","27":"product-type-simple"},"_links":{"self":[{"href":"https:\/\/www.cfaebooks.com\/tr\/wp-json\/wp\/v2\/product\/11786","targetHints":{"allow":["GET"]}}],"collection":[{"href":"https:\/\/www.cfaebooks.com\/tr\/wp-json\/wp\/v2\/product"}],"about":[{"href":"https:\/\/www.cfaebooks.com\/tr\/wp-json\/wp\/v2\/types\/product"}],"replies":[{"embeddable":true,"href":"https:\/\/www.cfaebooks.com\/tr\/wp-json\/wp\/v2\/comments?post=11786"}],"wp:featuredmedia":[{"embeddable":true,"href":"https:\/\/www.cfaebooks.com\/tr\/wp-json\/wp\/v2\/media\/11787"}],"wp:attachment":[{"href":"https:\/\/www.cfaebooks.com\/tr\/wp-json\/wp\/v2\/media?parent=11786"}],"wp:term":[{"taxonomy":"product_brand","embeddable":true,"href":"https:\/\/www.cfaebooks.com\/tr\/wp-json\/wp\/v2\/product_brand?post=11786"},{"taxonomy":"product_cat","embeddable":true,"href":"https:\/\/www.cfaebooks.com\/tr\/wp-json\/wp\/v2\/product_cat?post=11786"},{"taxonomy":"product_tag","embeddable":true,"href":"https:\/\/www.cfaebooks.com\/tr\/wp-json\/wp\/v2\/product_tag?post=11786"}],"curies":[{"name":"wp","href":"https:\/\/api.w.org\/{rel}","templated":true}]}}